{"id":21527,"date":"2026-01-04T15:44:04","date_gmt":"2026-01-04T19:44:04","guid":{"rendered":"https:\/\/yonderhillfarm.ca\/shop\/non%20class\u00e9\/cataire\/"},"modified":"2026-01-04T15:45:14","modified_gmt":"2026-01-04T19:45:14","slug":"cataire","status":"publish","type":"product","link":"https:\/\/yonderhillfarm.ca\/fr\/shop\/herb-flower-seeds\/medicinal-herbs\/cataire\/","title":{"rendered":"Cataire"},"content":{"rendered":"<p>(<em>Nepeta cataria) <\/em>Nous aimons la fa\u00e7on dont la cataire appara\u00eet et se d\u00e9place \u00e0 sa guise, un peu comme nos chats de ferme. Plante vivace de courte dur\u00e9e, la cataire est appr\u00e9ci\u00e9e des pollinisateurs ainsi que des chats bien s\u00fbr, mais elle fait aussi une excellente tisane. <\/p>\n<p><em><strong>Environ 50 graines par sachet. <\/strong><\/em><\/p>\n","protected":false},"excerpt":{"rendered":"<p>(Nepeta cataria) Nous aimons la fa\u00e7on dont la cataire appara\u00eet et se d\u00e9place \u00e0 sa guise, un peu comme nos chats de ferme. Plante vivace de courte dur\u00e9e, la cataire est appr\u00e9ci\u00e9e des pollinisateurs ainsi que des chats bien s\u00fbr, mais elle fait aussi une excellente tisane. Environ 50 graines par sachet.<\/p>\n","protected":false},"featured_media":21528,"comment_status":"open","ping_status":"closed","template":"","meta":[],"product_brand":[],"product_cat":[30,40],"product_tag":[],"class_list":{"0":"post-21527","1":"product","2":"type-product","3":"status-publish","4":"has-post-thumbnail","6":"product_cat-medicinal-herbs","7":"product_cat-new-back-in-stock","8":"product_shipping_class-seeds","10":"first","11":"instock","12":"taxable","13":"shipping-taxable","14":"purchasable","15":"product-type-simple"},"_links":{"self":[{"href":"https:\/\/yonderhillfarm.ca\/fr\/wp-json\/wp\/v2\/product\/21527","targetHints":{"allow":["GET"]}}],"collection":[{"href":"https:\/\/yonderhillfarm.ca\/fr\/wp-json\/wp\/v2\/product"}],"about":[{"href":"https:\/\/yonderhillfarm.ca\/fr\/wp-json\/wp\/v2\/types\/product"}],"replies":[{"embeddable":true,"href":"https:\/\/yonderhillfarm.ca\/fr\/wp-json\/wp\/v2\/comments?post=21527"}],"wp:featuredmedia":[{"embeddable":true,"href":"https:\/\/yonderhillfarm.ca\/fr\/wp-json\/wp\/v2\/media\/21528"}],"wp:attachment":[{"href":"https:\/\/yonderhillfarm.ca\/fr\/wp-json\/wp\/v2\/media?parent=21527"}],"wp:term":[{"taxonomy":"product_brand","embeddable":true,"href":"https:\/\/yonderhillfarm.ca\/fr\/wp-json\/wp\/v2\/product_brand?post=21527"},{"taxonomy":"product_cat","embeddable":true,"href":"https:\/\/yonderhillfarm.ca\/fr\/wp-json\/wp\/v2\/product_cat?post=21527"},{"taxonomy":"product_tag","embeddable":true,"href":"https:\/\/yonderhillfarm.ca\/fr\/wp-json\/wp\/v2\/product_tag?post=21527"}],"curies":[{"name":"wp","href":"https:\/\/api.w.org\/{rel}","templated":true}]}}