{"id":21467,"date":"2026-01-03T11:51:22","date_gmt":"2026-01-03T15:51:22","guid":{"rendered":"https:\/\/yonderhillfarm.ca\/shop\/non%20class\u00e9\/tomate-ananas\/"},"modified":"2026-01-26T14:50:33","modified_gmt":"2026-01-26T18:50:33","slug":"tomate-ananas","status":"publish","type":"product","link":"https:\/\/yonderhillfarm.ca\/fr\/shop\/graines-legumes-cereales\/tomates\/tomates-beefsteak-grandes-tranches\/tomate-ananas\/","title":{"rendered":"Tomate ananas"},"content":{"rendered":"<p>\u00c0 la fois sucr\u00e9e et acidul\u00e9e, la tomate ananas occupe une place particuli\u00e8re dans le c\u0153ur de Chris, car c&rsquo;est la premi\u00e8re tomate ancienne qu&rsquo;elle ait jamais go\u00fbt\u00e9e, alors qu&rsquo;elle \u00e9tait adolescente dans les ann\u00e9es 90. Comme pour beaucoup de gens qui ont go\u00fbt\u00e9 une tomate ancienne pour la premi\u00e8re fois, elle a \u00e9t\u00e9 imm\u00e9diatement conquise ! Il a fallu un certain temps pour revenir \u00e0 cette vari\u00e9t\u00e9, mais tout comme la d\u00e9licieuse tomate de longue saison qu&rsquo;elle est, la tomate ananas vaut la peine d&rsquo;attendre. Ind\u00e9termin\u00e9e.   <\/p>\n<p><em><strong>Environ 20 graines par sachet. <\/strong><\/em><\/p>\n","protected":false},"excerpt":{"rendered":"<p>\u00c0 la fois sucr\u00e9e et acidul\u00e9e, la tomate ananas occupe une place particuli\u00e8re dans le c\u0153ur de Chris, car c&rsquo;est la premi\u00e8re tomate ancienne qu&rsquo;elle ait jamais go\u00fbt\u00e9e, alors qu&rsquo;elle \u00e9tait adolescente dans les ann\u00e9es 90. Comme pour beaucoup de gens qui ont go\u00fbt\u00e9 une tomate ancienne pour la premi\u00e8re fois, elle a \u00e9t\u00e9 imm\u00e9diatement [&hellip;]<\/p>\n","protected":false},"featured_media":21468,"comment_status":"open","ping_status":"closed","template":"","meta":[],"product_brand":[],"product_cat":[164,220,176],"product_tag":[],"class_list":{"0":"post-21467","1":"product","2":"type-product","3":"status-publish","4":"has-post-thumbnail","6":"product_cat-nouveautes-et-reassort","7":"product_cat-tomates-beefsteak-grandes-tranches","8":"product_cat-varietes-anciennes","9":"product_shipping_class-graines","11":"first","12":"instock","13":"taxable","14":"shipping-taxable","15":"purchasable","16":"product-type-simple"},"_links":{"self":[{"href":"https:\/\/yonderhillfarm.ca\/fr\/wp-json\/wp\/v2\/product\/21467","targetHints":{"allow":["GET"]}}],"collection":[{"href":"https:\/\/yonderhillfarm.ca\/fr\/wp-json\/wp\/v2\/product"}],"about":[{"href":"https:\/\/yonderhillfarm.ca\/fr\/wp-json\/wp\/v2\/types\/product"}],"replies":[{"embeddable":true,"href":"https:\/\/yonderhillfarm.ca\/fr\/wp-json\/wp\/v2\/comments?post=21467"}],"wp:featuredmedia":[{"embeddable":true,"href":"https:\/\/yonderhillfarm.ca\/fr\/wp-json\/wp\/v2\/media\/21468"}],"wp:attachment":[{"href":"https:\/\/yonderhillfarm.ca\/fr\/wp-json\/wp\/v2\/media?parent=21467"}],"wp:term":[{"taxonomy":"product_brand","embeddable":true,"href":"https:\/\/yonderhillfarm.ca\/fr\/wp-json\/wp\/v2\/product_brand?post=21467"},{"taxonomy":"product_cat","embeddable":true,"href":"https:\/\/yonderhillfarm.ca\/fr\/wp-json\/wp\/v2\/product_cat?post=21467"},{"taxonomy":"product_tag","embeddable":true,"href":"https:\/\/yonderhillfarm.ca\/fr\/wp-json\/wp\/v2\/product_tag?post=21467"}],"curies":[{"name":"wp","href":"https:\/\/api.w.org\/{rel}","templated":true}]}}