{"id":21344,"date":"2026-01-01T21:49:27","date_gmt":"2026-01-02T01:49:27","guid":{"rendered":"https:\/\/yonderhillfarm.ca\/shop\/non%20class\u00e9\/tomate-coyote\/"},"modified":"2026-01-03T12:01:02","modified_gmt":"2026-01-03T16:01:02","slug":"tomate-coyote","status":"publish","type":"product","link":"https:\/\/yonderhillfarm.ca\/fr\/shop\/graines-legumes-cereales\/tomates\/tomates-cerises-poires-et-raisins\/tomate-coyote\/","title":{"rendered":"Tomate Coyote"},"content":{"rendered":"<p>La tomate Coyote est une tomate groseille sauvage dont vous tomberez assur\u00e9ment amoureux&nbsp;: une saveur acidul\u00e9e super sucr\u00e9e, des grappes de fruits jaune citron faciles \u00e0 cueillir et des plants tentaculaires vigoureux de la hauteur d\u2019un genou qui sont m\u00eame r\u00e9sistants aux maladies&nbsp;! Elle a tr\u00e8s bien perform\u00e9 pour nous lors de la s\u00e9cheresse de&nbsp;2025. Vari\u00e9t\u00e9 ancienne de Veracruz, au Mexique. Pas vraiment d\u00e9termin\u00e9e, mais nous la traitons comme telle dans le jardin.   <\/p>\n<p><strong><em>Environ 20 \u00e0 30 graines par sachet. <\/em><\/strong><\/p>\n","protected":false},"excerpt":{"rendered":"<p>La tomate Coyote est une tomate groseille sauvage dont vous tomberez assur\u00e9ment amoureux&nbsp;: une saveur acidul\u00e9e super sucr\u00e9e, des grappes de fruits jaune citron faciles \u00e0 cueillir et des plants tentaculaires vigoureux de la hauteur d\u2019un genou qui sont m\u00eame r\u00e9sistants aux maladies&nbsp;! Elle a tr\u00e8s bien perform\u00e9 pour nous lors de la s\u00e9cheresse de&nbsp;2025. [&hellip;]<\/p>\n","protected":false},"featured_media":21345,"comment_status":"open","ping_status":"closed","template":"","meta":[],"product_brand":[],"product_cat":[164,206,176],"product_tag":[],"class_list":{"0":"post-21344","1":"product","2":"type-product","3":"status-publish","4":"has-post-thumbnail","6":"product_cat-nouveautes-et-reassort","7":"product_cat-tomates-cerises-poires-et-raisins","8":"product_cat-varietes-anciennes","9":"product_shipping_class-graines","11":"first","12":"instock","13":"taxable","14":"shipping-taxable","15":"purchasable","16":"product-type-simple"},"_links":{"self":[{"href":"https:\/\/yonderhillfarm.ca\/fr\/wp-json\/wp\/v2\/product\/21344","targetHints":{"allow":["GET"]}}],"collection":[{"href":"https:\/\/yonderhillfarm.ca\/fr\/wp-json\/wp\/v2\/product"}],"about":[{"href":"https:\/\/yonderhillfarm.ca\/fr\/wp-json\/wp\/v2\/types\/product"}],"replies":[{"embeddable":true,"href":"https:\/\/yonderhillfarm.ca\/fr\/wp-json\/wp\/v2\/comments?post=21344"}],"wp:featuredmedia":[{"embeddable":true,"href":"https:\/\/yonderhillfarm.ca\/fr\/wp-json\/wp\/v2\/media\/21345"}],"wp:attachment":[{"href":"https:\/\/yonderhillfarm.ca\/fr\/wp-json\/wp\/v2\/media?parent=21344"}],"wp:term":[{"taxonomy":"product_brand","embeddable":true,"href":"https:\/\/yonderhillfarm.ca\/fr\/wp-json\/wp\/v2\/product_brand?post=21344"},{"taxonomy":"product_cat","embeddable":true,"href":"https:\/\/yonderhillfarm.ca\/fr\/wp-json\/wp\/v2\/product_cat?post=21344"},{"taxonomy":"product_tag","embeddable":true,"href":"https:\/\/yonderhillfarm.ca\/fr\/wp-json\/wp\/v2\/product_tag?post=21344"}],"curies":[{"name":"wp","href":"https:\/\/api.w.org\/{rel}","templated":true}]}}