{"id":21339,"date":"2026-01-01T21:35:53","date_gmt":"2026-01-02T01:35:53","guid":{"rendered":"https:\/\/yonderhillfarm.ca\/shop\/non%20class\u00e9\/linore-lin-cultive\/"},"modified":"2026-01-02T11:50:22","modified_gmt":"2026-01-02T15:50:22","slug":"linore-lin-cultive","status":"publish","type":"product","link":"https:\/\/yonderhillfarm.ca\/fr\/shop\/graines-legumes-cereales\/cereales\/linore-lin-cultive\/","title":{"rendered":"Linore (lin cultiv\u00e9)"},"content":{"rendered":"<p>(Linum usitatissimum) Le lin linore est une vari\u00e9t\u00e9 de lin patrimoniale \u00e0 double usage &#8211; s\u00e9lectionn\u00e9e pour ses graines nutritives et ses longues fibres droites \u00e0 transformer en lin &#8211; le lin linore attire \u00e9galement les pollinisateurs vers ses jolies fleurs bleues. Facile \u00e0 cultiver et tr\u00e8s joli dans le jardin.  <\/p>\n<p><em><strong>Environ 50 graines par sachet. <\/strong><\/em><\/p>\n","protected":false},"excerpt":{"rendered":"<p>(Linum usitatissimum) Le lin linore est une vari\u00e9t\u00e9 de lin patrimoniale \u00e0 double usage &#8211; s\u00e9lectionn\u00e9e pour ses graines nutritives et ses longues fibres droites \u00e0 transformer en lin &#8211; le lin linore attire \u00e9galement les pollinisateurs vers ses jolies fleurs bleues. Facile \u00e0 cultiver et tr\u00e8s joli dans le jardin. Environ 50 graines par [&hellip;]<\/p>\n","protected":false},"featured_media":21340,"comment_status":"open","ping_status":"closed","template":"","meta":[],"product_brand":[],"product_cat":[174,143,164,176],"product_tag":[],"class_list":{"0":"post-21339","1":"product","2":"type-product","3":"status-publish","4":"has-post-thumbnail","6":"product_cat-cereales","7":"product_cat-fleurs-annuelles","8":"product_cat-nouveautes-et-reassort","9":"product_cat-varietes-anciennes","10":"product_shipping_class-graines","12":"first","13":"instock","14":"taxable","15":"shipping-taxable","16":"purchasable","17":"product-type-simple"},"_links":{"self":[{"href":"https:\/\/yonderhillfarm.ca\/fr\/wp-json\/wp\/v2\/product\/21339","targetHints":{"allow":["GET"]}}],"collection":[{"href":"https:\/\/yonderhillfarm.ca\/fr\/wp-json\/wp\/v2\/product"}],"about":[{"href":"https:\/\/yonderhillfarm.ca\/fr\/wp-json\/wp\/v2\/types\/product"}],"replies":[{"embeddable":true,"href":"https:\/\/yonderhillfarm.ca\/fr\/wp-json\/wp\/v2\/comments?post=21339"}],"wp:featuredmedia":[{"embeddable":true,"href":"https:\/\/yonderhillfarm.ca\/fr\/wp-json\/wp\/v2\/media\/21340"}],"wp:attachment":[{"href":"https:\/\/yonderhillfarm.ca\/fr\/wp-json\/wp\/v2\/media?parent=21339"}],"wp:term":[{"taxonomy":"product_brand","embeddable":true,"href":"https:\/\/yonderhillfarm.ca\/fr\/wp-json\/wp\/v2\/product_brand?post=21339"},{"taxonomy":"product_cat","embeddable":true,"href":"https:\/\/yonderhillfarm.ca\/fr\/wp-json\/wp\/v2\/product_cat?post=21339"},{"taxonomy":"product_tag","embeddable":true,"href":"https:\/\/yonderhillfarm.ca\/fr\/wp-json\/wp\/v2\/product_tag?post=21339"}],"curies":[{"name":"wp","href":"https:\/\/api.w.org\/{rel}","templated":true}]}}