{"id":21332,"date":"2026-01-01T21:09:31","date_gmt":"2026-01-02T01:09:31","guid":{"rendered":"https:\/\/yonderhillfarm.ca\/shop\/non%20class\u00e9\/mini-melon-deau-dore\/"},"modified":"2026-01-02T16:10:21","modified_gmt":"2026-01-02T20:10:21","slug":"mini-melon-deau-dore","status":"publish","type":"product","link":"https:\/\/yonderhillfarm.ca\/fr\/shop\/graines-legumes-cereales\/melons-et-pasteques\/mini-melon-deau-dore\/","title":{"rendered":"Mini melon d&rsquo;eau dor\u00e9"},"content":{"rendered":"<p>(aussi connu sous le nom de melon d&rsquo;eau Golden Midget) Bien qu&rsquo;au d\u00e9but rebut\u00e9s par le nom original de cet adorable melon d&rsquo;eau patrimonial, nous voulions v\u00e9rifier s&rsquo;il m\u00fbrissait aussi t\u00f4t qu&rsquo;il le pr\u00e9tend &#8211; et c&rsquo;est bien le cas ! Il commence \u00e0 fleurir presque imm\u00e9diatement, et les fruits vous indiquent \u00e9galement quand ils sont pr\u00eats \u00e0 \u00eatre r\u00e9colt\u00e9s en prenant une couleur jaune gaie. Ouvrez-les pour r\u00e9v\u00e9ler une belle chair rose fonc\u00e9 avec peu de graines dans un melon de taille personnelle. Bien que ce ne soit pas notre melon d&rsquo;eau le plus sucr\u00e9, Golden Mini est celui qu&rsquo;il faut choisir si vous recherchez le melon d&rsquo;eau de jardin le plus pr\u00e9coce et le plus facile \u00e0 cultiver.    <\/p>\n<p><strong><em>Environ 15 graines par sachet. <\/em><\/strong><\/p>\n","protected":false},"excerpt":{"rendered":"<p>(aussi appel\u00e9 melon d&rsquo;eau nain dor\u00e9) Bien qu&rsquo;au d\u00e9but nous ayons \u00e9t\u00e9 rebut\u00e9s par le nom original de cet adorable melon d&rsquo;eau patrimonial, nous voulions voir s&rsquo;il m\u00fbrissait aussi t\u00f4t qu&rsquo;il le pr\u00e9tend &#8211; et c&rsquo;est bien le cas ! Il commence \u00e0 fleurir presque imm\u00e9diatement, et les fruits vous indiquent \u00e9galement quand ils sont pr\u00eats \u00e0 \u00eatre r\u00e9colt\u00e9s en prenant une couleur jaune gaie. Coupez-les pour r\u00e9v\u00e9ler une belle chair rose fonc\u00e9 avec peu de graines dans un melon de taille personnelle. Bien qu&rsquo;il ne soit pas notre melon d&rsquo;eau le plus sucr\u00e9, le Golden Mini est celui qu&rsquo;il faut cultiver si vous recherchez le melon d&rsquo;eau de jardin le plus pr\u00e9coce et le plus facile \u00e0 cultiver.    <\/p>\n<p><strong><em>Environ 15 graines par sachet. <\/em><\/strong><\/p>\n","protected":false},"featured_media":21333,"comment_status":"open","ping_status":"closed","template":"","meta":[],"product_brand":[],"product_cat":[177,164,176],"product_tag":[],"class_list":{"0":"post-21332","1":"product","2":"type-product","3":"status-publish","4":"has-post-thumbnail","6":"product_cat-melons-et-pasteques","7":"product_cat-nouveautes-et-reassort","8":"product_cat-varietes-anciennes","9":"product_shipping_class-graines","11":"first","12":"instock","13":"taxable","14":"shipping-taxable","15":"purchasable","16":"product-type-simple"},"_links":{"self":[{"href":"https:\/\/yonderhillfarm.ca\/fr\/wp-json\/wp\/v2\/product\/21332","targetHints":{"allow":["GET"]}}],"collection":[{"href":"https:\/\/yonderhillfarm.ca\/fr\/wp-json\/wp\/v2\/product"}],"about":[{"href":"https:\/\/yonderhillfarm.ca\/fr\/wp-json\/wp\/v2\/types\/product"}],"replies":[{"embeddable":true,"href":"https:\/\/yonderhillfarm.ca\/fr\/wp-json\/wp\/v2\/comments?post=21332"}],"wp:featuredmedia":[{"embeddable":true,"href":"https:\/\/yonderhillfarm.ca\/fr\/wp-json\/wp\/v2\/media\/21333"}],"wp:attachment":[{"href":"https:\/\/yonderhillfarm.ca\/fr\/wp-json\/wp\/v2\/media?parent=21332"}],"wp:term":[{"taxonomy":"product_brand","embeddable":true,"href":"https:\/\/yonderhillfarm.ca\/fr\/wp-json\/wp\/v2\/product_brand?post=21332"},{"taxonomy":"product_cat","embeddable":true,"href":"https:\/\/yonderhillfarm.ca\/fr\/wp-json\/wp\/v2\/product_cat?post=21332"},{"taxonomy":"product_tag","embeddable":true,"href":"https:\/\/yonderhillfarm.ca\/fr\/wp-json\/wp\/v2\/product_tag?post=21332"}],"curies":[{"name":"wp","href":"https:\/\/api.w.org\/{rel}","templated":true}]}}