{"id":21328,"date":"2026-01-01T19:37:50","date_gmt":"2026-01-01T23:37:50","guid":{"rendered":"https:\/\/yonderhillfarm.ca\/shop\/non%20class\u00e9\/plant-de-vigne-beta-grape-dun-an\/"},"modified":"2026-01-02T11:21:07","modified_gmt":"2026-01-02T15:21:07","slug":"plant-de-vigne-beta-grape-dun-an","status":"publish","type":"product","link":"https:\/\/yonderhillfarm.ca\/fr\/shop\/plantes-vivantes\/boutures-enracinees\/plant-de-vigne-beta-grape-dun-an\/","title":{"rendered":"Vigne Beta (plant d&rsquo;un an)"},"content":{"rendered":"<p>Le raisin Beta est un hybride unique issu du croisement entre le raisin Concord et le raisin sauvage nord-am\u00e9ricain (Vitis riparia). C&rsquo;est un raisin de table bleu extr\u00eamement rustique et vigoureux, parfait pour la gel\u00e9e et le jus. <\/p>\n<p><strong>Livraison\/enl\u00e8vement printanier<\/strong><strong> uniquement.<\/strong><\/p>\n","protected":false},"excerpt":{"rendered":"<p>Le raisin Beta est un hybride unique issu du croisement entre le raisin Concord et le raisin sauvage nord-am\u00e9ricain (Vitis riparia). C&rsquo;est un raisin de table bleu extr\u00eamement rustique et vigoureux, parfait pour la gel\u00e9e et le jus. Livraison\/enl\u00e8vement printanier uniquement.<\/p>\n","protected":false},"featured_media":21247,"comment_status":"open","ping_status":"closed","template":"","meta":[],"product_brand":[],"product_cat":[234,164],"product_tag":[],"class_list":{"0":"post-21328","1":"product","2":"type-product","3":"status-publish","4":"has-post-thumbnail","6":"product_cat-boutures-enracinees","7":"product_cat-nouveautes-et-reassort","8":"product_shipping_class-plantes-vivantes","10":"first","11":"instock","12":"taxable","13":"shipping-taxable","14":"purchasable","15":"product-type-simple"},"_links":{"self":[{"href":"https:\/\/yonderhillfarm.ca\/fr\/wp-json\/wp\/v2\/product\/21328","targetHints":{"allow":["GET"]}}],"collection":[{"href":"https:\/\/yonderhillfarm.ca\/fr\/wp-json\/wp\/v2\/product"}],"about":[{"href":"https:\/\/yonderhillfarm.ca\/fr\/wp-json\/wp\/v2\/types\/product"}],"replies":[{"embeddable":true,"href":"https:\/\/yonderhillfarm.ca\/fr\/wp-json\/wp\/v2\/comments?post=21328"}],"wp:featuredmedia":[{"embeddable":true,"href":"https:\/\/yonderhillfarm.ca\/fr\/wp-json\/wp\/v2\/media\/21247"}],"wp:attachment":[{"href":"https:\/\/yonderhillfarm.ca\/fr\/wp-json\/wp\/v2\/media?parent=21328"}],"wp:term":[{"taxonomy":"product_brand","embeddable":true,"href":"https:\/\/yonderhillfarm.ca\/fr\/wp-json\/wp\/v2\/product_brand?post=21328"},{"taxonomy":"product_cat","embeddable":true,"href":"https:\/\/yonderhillfarm.ca\/fr\/wp-json\/wp\/v2\/product_cat?post=21328"},{"taxonomy":"product_tag","embeddable":true,"href":"https:\/\/yonderhillfarm.ca\/fr\/wp-json\/wp\/v2\/product_tag?post=21328"}],"curies":[{"name":"wp","href":"https:\/\/api.w.org\/{rel}","templated":true}]}}