{"id":21273,"date":"2026-01-01T10:57:02","date_gmt":"2026-01-01T14:57:02","guid":{"rendered":"https:\/\/yonderhillfarm.ca\/shop\/non%20class\u00e9\/sorgho-a-balai-hongrois-noir\/"},"modified":"2026-01-02T12:44:47","modified_gmt":"2026-01-02T16:44:47","slug":"sorgho-a-balai-hongrois-noir","status":"publish","type":"product","link":"https:\/\/yonderhillfarm.ca\/fr\/shop\/graines-legumes-cereales\/cereales\/sorgho-a-balai-hongrois-noir\/","title":{"rendered":"Sorgho \u00e0 balai Hongrois Noir"},"content":{"rendered":"<p>(Sorghum bicolor) Fabriquez vos propres balais magnifiques et du mat\u00e9riel d&rsquo;artisanat avec cet h\u00e9ritage \u00e9tonnant et facile \u00e0 cultiver&nbsp;! Nous avons essay\u00e9 diff\u00e9rentes vari\u00e9t\u00e9s de sorgho \u00e0 balais pendant quelques ann\u00e9es et le sorgho \u00e0 balais noir hongrois est le grand gagnant. Merci \u00e0 Owen d&rsquo;Annapolis Seeds d&rsquo;avoir partag\u00e9 la vari\u00e9t\u00e9 avec nous&nbsp;! Avec les conseils d&rsquo;un fabricant de balais artisanal qualifi\u00e9, nous avons pu s\u00e9lectionner rigoureusement les plants de balais de la plus haute qualit\u00e9 et offrir les graines r\u00e9sultantes pour votre jardin.    <\/p>\n<p>Botaniquement une vari\u00e9t\u00e9 de sorgho, le sorgho \u00e0 balais est cultiv\u00e9 un peu comme le ma\u00efs des champs. Mais les graines sont port\u00e9es sur de longues tiges, qui sont le mat\u00e9riau utilis\u00e9 pour fabriquer des balais dans le monde entier apr\u00e8s que les graines ont \u00e9t\u00e9 enlev\u00e9es. Les graines abondantes sont utiles comme nourriture de volaille de ferme.  <\/p>\n<p><strong><em>Environ 100 graines par paquet ordinaire. <\/em><\/strong><\/p>\n<p><em><strong>Environ 1000 graines par paquet en vrac. <\/strong><\/em><\/p>\n","protected":false},"excerpt":{"rendered":"<p>(Sorghum bicolor) Fabriquez vos propres balais magnifiques et du mat\u00e9riel d&rsquo;artisanat avec cet h\u00e9ritage \u00e9tonnant et facile \u00e0 cultiver&nbsp;! Nous avons essay\u00e9 diff\u00e9rentes vari\u00e9t\u00e9s de sorgho \u00e0 balais pendant quelques ann\u00e9es et le sorgho \u00e0 balais noir hongrois est le grand gagnant. Merci \u00e0 Owen d&rsquo;Annapolis Seeds d&rsquo;avoir partag\u00e9 la vari\u00e9t\u00e9 avec nous&nbsp;! Avec les [&hellip;]<\/p>\n","protected":false},"featured_media":21278,"comment_status":"open","ping_status":"closed","template":"","meta":[],"product_brand":[],"product_cat":[174,164,176],"product_tag":[],"class_list":{"0":"post-21273","1":"product","2":"type-product","3":"status-publish","4":"has-post-thumbnail","6":"product_cat-cereales","7":"product_cat-nouveautes-et-reassort","8":"product_cat-varietes-anciennes","9":"product_shipping_class-graines","11":"first","12":"instock","13":"taxable","14":"shipping-taxable","15":"purchasable","16":"product-type-variable"},"_links":{"self":[{"href":"https:\/\/yonderhillfarm.ca\/fr\/wp-json\/wp\/v2\/product\/21273","targetHints":{"allow":["GET"]}}],"collection":[{"href":"https:\/\/yonderhillfarm.ca\/fr\/wp-json\/wp\/v2\/product"}],"about":[{"href":"https:\/\/yonderhillfarm.ca\/fr\/wp-json\/wp\/v2\/types\/product"}],"replies":[{"embeddable":true,"href":"https:\/\/yonderhillfarm.ca\/fr\/wp-json\/wp\/v2\/comments?post=21273"}],"wp:featuredmedia":[{"embeddable":true,"href":"https:\/\/yonderhillfarm.ca\/fr\/wp-json\/wp\/v2\/media\/21278"}],"wp:attachment":[{"href":"https:\/\/yonderhillfarm.ca\/fr\/wp-json\/wp\/v2\/media?parent=21273"}],"wp:term":[{"taxonomy":"product_brand","embeddable":true,"href":"https:\/\/yonderhillfarm.ca\/fr\/wp-json\/wp\/v2\/product_brand?post=21273"},{"taxonomy":"product_cat","embeddable":true,"href":"https:\/\/yonderhillfarm.ca\/fr\/wp-json\/wp\/v2\/product_cat?post=21273"},{"taxonomy":"product_tag","embeddable":true,"href":"https:\/\/yonderhillfarm.ca\/fr\/wp-json\/wp\/v2\/product_tag?post=21273"}],"curies":[{"name":"wp","href":"https:\/\/api.w.org\/{rel}","templated":true}]}}