{"id":20963,"date":"2025-05-05T18:43:04","date_gmt":"2025-05-05T21:43:04","guid":{"rendered":"https:\/\/yonderhillfarm.ca\/shop\/non%20class\u00e9\/lot-de-10-brins-dosier-de-vannerie\/"},"modified":"2026-01-02T12:05:40","modified_gmt":"2026-01-02T16:05:40","slug":"lot-de-10-brins-dosier-de-vannerie","status":"publish","type":"product","link":"https:\/\/yonderhillfarm.ca\/fr\/shop\/plantes-vivantes\/fouets-saule-boutures-de-cornouiller\/lot-de-10-brins-dosier-de-vannerie\/","title":{"rendered":"Lot de 10 brins d&rsquo;osier de vannerie"},"content":{"rendered":"<p>Les vari\u00e9t\u00e9s d&rsquo;osier de vannerie poussent longues et fines, avec une ramification lat\u00e9rale minimale. Une taille annuelle produit des pousses de la meilleure qualit\u00e9 pour la fabrication de paniers. \u00c9galement tr\u00e8s gracieux et d\u00e9coratif dans le paysage. Plusieurs vari\u00e9t\u00e9s au choix \u00e0 la ferme. Ils constituent \u00e9galement une belle cl\u00f4ture en osier tress\u00e9, plus petite que l&rsquo;osier architectural.     <em><strong>Lot de 10 brins, 30 cm de long.<\/strong><\/em><\/p>\n<p><strong>Livraison\/ramassage de printemps<\/strong><strong> uniquement.<\/strong><em> Veuillez noter : l&rsquo;inventaire initial est approximatif. Si le produit est indiqu\u00e9 comme \u00e9tant \u00e9puis\u00e9, v\u00e9rifiez \u00e0 nouveau en avril pour conna\u00eetre l&rsquo;inventaire mis \u00e0 jour.<\/em><\/p>\n","protected":false},"excerpt":{"rendered":"<p>Les vari\u00e9t\u00e9s d&rsquo;osier de vannerie poussent longues et fines, avec une ramification lat\u00e9rale minimale. Une taille annuelle produit des pousses de la meilleure qualit\u00e9 pour la fabrication de paniers. \u00c9galement tr\u00e8s gracieux et d\u00e9coratif dans le paysage. Plusieurs vari\u00e9t\u00e9s au choix \u00e0 la ferme. Ils constituent \u00e9galement une belle cl\u00f4ture en osier tress\u00e9, plus petite [&hellip;]<\/p>\n","protected":false},"featured_media":20964,"comment_status":"closed","ping_status":"closed","template":"","meta":[],"product_brand":[],"product_cat":[163],"product_tag":[187],"class_list":{"0":"post-20963","1":"product","2":"type-product","3":"status-publish","4":"has-post-thumbnail","6":"product_cat-fouets-saule-boutures-de-cornouiller","7":"product_tag-les-favoris-de-la-ferme","8":"product_shipping_class-plantes-vivantes","10":"first","11":"instock","12":"taxable","13":"shipping-taxable","14":"purchasable","15":"product-type-simple"},"_links":{"self":[{"href":"https:\/\/yonderhillfarm.ca\/fr\/wp-json\/wp\/v2\/product\/20963","targetHints":{"allow":["GET"]}}],"collection":[{"href":"https:\/\/yonderhillfarm.ca\/fr\/wp-json\/wp\/v2\/product"}],"about":[{"href":"https:\/\/yonderhillfarm.ca\/fr\/wp-json\/wp\/v2\/types\/product"}],"replies":[{"embeddable":true,"href":"https:\/\/yonderhillfarm.ca\/fr\/wp-json\/wp\/v2\/comments?post=20963"}],"wp:featuredmedia":[{"embeddable":true,"href":"https:\/\/yonderhillfarm.ca\/fr\/wp-json\/wp\/v2\/media\/20964"}],"wp:attachment":[{"href":"https:\/\/yonderhillfarm.ca\/fr\/wp-json\/wp\/v2\/media?parent=20963"}],"wp:term":[{"taxonomy":"product_brand","embeddable":true,"href":"https:\/\/yonderhillfarm.ca\/fr\/wp-json\/wp\/v2\/product_brand?post=20963"},{"taxonomy":"product_cat","embeddable":true,"href":"https:\/\/yonderhillfarm.ca\/fr\/wp-json\/wp\/v2\/product_cat?post=20963"},{"taxonomy":"product_tag","embeddable":true,"href":"https:\/\/yonderhillfarm.ca\/fr\/wp-json\/wp\/v2\/product_tag?post=20963"}],"curies":[{"name":"wp","href":"https:\/\/api.w.org\/{rel}","templated":true}]}}