{"id":20960,"date":"2025-05-05T18:43:58","date_gmt":"2025-05-05T18:43:58","guid":{"rendered":"https:\/\/yonderhillfarm.ca\/shop\/non%20class\u00e9\/sauge-colibri\/"},"modified":"2026-01-03T13:05:20","modified_gmt":"2026-01-03T17:05:20","slug":"sauge-colibri","status":"publish","type":"product","link":"https:\/\/yonderhillfarm.ca\/fr\/shop\/graines-dherbes-et-de-fleurs\/fleurs-annuelles\/sauge-colibri\/","title":{"rendered":"Sauge colibri"},"content":{"rendered":"<p><em>(Salvia coccinea)<\/em> \u00c9galement connue sous le nom de sauge \u00e9carlate. La sauge colibri est originaire du sud de l&rsquo;Am\u00e9rique du Nord (de la Floride au Texas). Ce membre \u00e9tonnant de la famille de la menthe est une plante vivace d\u00e9licate cultiv\u00e9e comme une annuelle sous notre climat. Et attire-t-elle les colibris ! En 2021, nous avons finalement cultiv\u00e9 une parcelle suffisamment grande dans notre jardin pour produire une grande quantit\u00e9 de graines, et nous avons vu des colibris butiner les fleurs chaque jour de l&rsquo;\u00e9t\u00e9. Tr\u00e8s rapide \u00e0 fleurir (bien que nous recommandions toujours de commencer t\u00f4t \u00e0 l&rsquo;int\u00e9rieur) et fleurissant continuellement apr\u00e8s cela jusqu&rsquo;aux premi\u00e8res gel\u00e9es !     <\/p>\n<p><em><strong>Environ 20 graines par sachet. <\/strong><\/em><\/p>\n","protected":false},"excerpt":{"rendered":"<p>(Salvia coccinea) \u00c9galement connue sous le nom de sauge \u00e9carlate. La sauge colibri est originaire du sud de l&rsquo;Am\u00e9rique du Nord (de la Floride au Texas). Ce membre \u00e9tonnant de la famille de la menthe est une plante vivace d\u00e9licate cultiv\u00e9e comme une annuelle sous notre climat. Et attire-t-elle les colibris ! En 2021, nous [&hellip;]<\/p>\n","protected":false},"featured_media":20961,"comment_status":"closed","ping_status":"closed","template":"","meta":[],"product_brand":[],"product_cat":[143],"product_tag":[],"class_list":{"0":"post-20960","1":"product","2":"type-product","3":"status-publish","4":"has-post-thumbnail","6":"product_cat-fleurs-annuelles","7":"product_shipping_class-graines","9":"first","10":"outofstock","11":"taxable","12":"shipping-taxable","13":"purchasable","14":"product-type-simple"},"_links":{"self":[{"href":"https:\/\/yonderhillfarm.ca\/fr\/wp-json\/wp\/v2\/product\/20960","targetHints":{"allow":["GET"]}}],"collection":[{"href":"https:\/\/yonderhillfarm.ca\/fr\/wp-json\/wp\/v2\/product"}],"about":[{"href":"https:\/\/yonderhillfarm.ca\/fr\/wp-json\/wp\/v2\/types\/product"}],"replies":[{"embeddable":true,"href":"https:\/\/yonderhillfarm.ca\/fr\/wp-json\/wp\/v2\/comments?post=20960"}],"wp:featuredmedia":[{"embeddable":true,"href":"https:\/\/yonderhillfarm.ca\/fr\/wp-json\/wp\/v2\/media\/20961"}],"wp:attachment":[{"href":"https:\/\/yonderhillfarm.ca\/fr\/wp-json\/wp\/v2\/media?parent=20960"}],"wp:term":[{"taxonomy":"product_brand","embeddable":true,"href":"https:\/\/yonderhillfarm.ca\/fr\/wp-json\/wp\/v2\/product_brand?post=20960"},{"taxonomy":"product_cat","embeddable":true,"href":"https:\/\/yonderhillfarm.ca\/fr\/wp-json\/wp\/v2\/product_cat?post=20960"},{"taxonomy":"product_tag","embeddable":true,"href":"https:\/\/yonderhillfarm.ca\/fr\/wp-json\/wp\/v2\/product_tag?post=20960"}],"curies":[{"name":"wp","href":"https:\/\/api.w.org\/{rel}","templated":true}]}}