{"id":20954,"date":"2025-05-05T18:43:58","date_gmt":"2025-05-05T18:43:58","guid":{"rendered":"https:\/\/yonderhillfarm.ca\/shop\/non class\u00e9\/pavot-elka\/"},"modified":"2025-05-05T18:43:58","modified_gmt":"2025-05-05T21:43:58","slug":"pavot-elka","status":"publish","type":"product","link":"https:\/\/yonderhillfarm.ca\/fr\/shop\/graines-legumes-cereales\/cereales\/pavot-elka\/","title":{"rendered":"Pavot Elka"},"content":{"rendered":"<p>Vari\u00e9t\u00e9 \u00e0 graines blanches avec de magnifiques fleurs roses et lavande p\u00e2le. Les abeilles adorent les fleurs, qui se transforment en grandes capsules de graines sans \u00e9vent &#8211; l&rsquo;absence d&rsquo;\u00e9vents signifie que les graines ne se r\u00e9pandent pas, ce qui permet une plus longue p\u00e9riode de r\u00e9colte. Une vari\u00e9t\u00e9 ancienne de Slovaquie, o\u00f9 elle \u00e9tait une culture de base importante pour ses graines riches en huile, douces et au go\u00fbt de noix.  <\/p>\n<p><strong><em>Environ 50 graines par paquet standard.<\/em><\/strong><\/p>\n<p><em><strong>Environ 500 graines par grand sachet. <\/strong><\/em><\/p>\n","protected":false},"excerpt":{"rendered":"<p>Vari\u00e9t\u00e9 \u00e0 graines blanches avec de magnifiques fleurs roses et lavande p\u00e2le. Les abeilles adorent les fleurs, qui se transforment en grandes capsules de graines sans \u00e9vent &#8211; l&rsquo;absence d&rsquo;\u00e9vents signifie que les graines ne se r\u00e9pandent pas, ce qui permet une plus longue p\u00e9riode de r\u00e9colte. Une vari\u00e9t\u00e9 ancienne de Slovaquie, o\u00f9 elle \u00e9tait [&hellip;]<\/p>\n","protected":false},"featured_media":20957,"comment_status":"closed","ping_status":"closed","template":"","meta":[],"product_brand":[],"product_cat":[174,143,137,176],"product_tag":[],"class_list":{"0":"post-20954","1":"product","2":"type-product","3":"status-publish","4":"has-post-thumbnail","6":"product_cat-cereales","7":"product_cat-fleurs-annuelles","8":"product_cat-graines-en-vrac","9":"product_cat-varietes-anciennes","10":"product_shipping_class-graines","12":"first","13":"instock","14":"taxable","15":"shipping-taxable","16":"purchasable","17":"product-type-variable"},"_links":{"self":[{"href":"https:\/\/yonderhillfarm.ca\/fr\/wp-json\/wp\/v2\/product\/20954","targetHints":{"allow":["GET"]}}],"collection":[{"href":"https:\/\/yonderhillfarm.ca\/fr\/wp-json\/wp\/v2\/product"}],"about":[{"href":"https:\/\/yonderhillfarm.ca\/fr\/wp-json\/wp\/v2\/types\/product"}],"replies":[{"embeddable":true,"href":"https:\/\/yonderhillfarm.ca\/fr\/wp-json\/wp\/v2\/comments?post=20954"}],"wp:featuredmedia":[{"embeddable":true,"href":"https:\/\/yonderhillfarm.ca\/fr\/wp-json\/wp\/v2\/media\/20957"}],"wp:attachment":[{"href":"https:\/\/yonderhillfarm.ca\/fr\/wp-json\/wp\/v2\/media?parent=20954"}],"wp:term":[{"taxonomy":"product_brand","embeddable":true,"href":"https:\/\/yonderhillfarm.ca\/fr\/wp-json\/wp\/v2\/product_brand?post=20954"},{"taxonomy":"product_cat","embeddable":true,"href":"https:\/\/yonderhillfarm.ca\/fr\/wp-json\/wp\/v2\/product_cat?post=20954"},{"taxonomy":"product_tag","embeddable":true,"href":"https:\/\/yonderhillfarm.ca\/fr\/wp-json\/wp\/v2\/product_tag?post=20954"}],"curies":[{"name":"wp","href":"https:\/\/api.w.org\/{rel}","templated":true}]}}