{"id":20953,"date":"2025-05-05T18:43:05","date_gmt":"2025-05-05T18:43:05","guid":{"rendered":"https:\/\/yonderhillfarm.ca\/shop\/non%20class\u00e9\/citrouille-jarrahdale\/"},"modified":"2026-01-03T12:32:14","modified_gmt":"2026-01-03T16:32:14","slug":"citrouille-jarrahdale","status":"publish","type":"product","link":"https:\/\/yonderhillfarm.ca\/fr\/shop\/graines-legumes-cereales\/courges-dhiver-et-citrouilles\/citrouille-jarrahdale\/","title":{"rendered":"Citrouille Jarrahdale"},"content":{"rendered":"<p><em>(C. maxima)<\/em> Cette vari\u00e9t\u00e9 ancienne australienne est l&rsquo;une de nos pr\u00e9f\u00e9r\u00e9es. Les courges Jarrahdale sont de gros fruits \u00e0 la chair orange fonc\u00e9, moelleuse et l\u00e9g\u00e8rement sucr\u00e9e, parfaits pour les tartes, les soupes et les sauces. Et ce sont de vraies beaut\u00e9s \u00e0 contempler !  <\/p>\n<p><em><strong>Environ 15 graines par sachet. <\/strong><\/em><\/p>\n","protected":false},"excerpt":{"rendered":"<p>(C. maxima) Cette vari\u00e9t\u00e9 ancienne australienne est l&rsquo;une de nos pr\u00e9f\u00e9r\u00e9es. Les courges Jarrahdale sont de gros fruits \u00e0 la chair orange fonc\u00e9, moelleuse et l\u00e9g\u00e8rement sucr\u00e9e, parfaits pour les tartes, les soupes et les sauces. Et ce sont de vraies beaut\u00e9s \u00e0 contempler ! Environ 15 graines par sachet.<\/p>\n","protected":false},"featured_media":15644,"comment_status":"closed","ping_status":"closed","template":"","meta":[],"product_brand":[],"product_cat":[185,176],"product_tag":[],"class_list":{"0":"post-20953","1":"product","2":"type-product","3":"status-publish","4":"has-post-thumbnail","6":"product_cat-courges-dhiver-et-citrouilles","7":"product_cat-varietes-anciennes","8":"product_shipping_class-graines","10":"first","11":"instock","12":"taxable","13":"shipping-taxable","14":"purchasable","15":"product-type-simple"},"_links":{"self":[{"href":"https:\/\/yonderhillfarm.ca\/fr\/wp-json\/wp\/v2\/product\/20953","targetHints":{"allow":["GET"]}}],"collection":[{"href":"https:\/\/yonderhillfarm.ca\/fr\/wp-json\/wp\/v2\/product"}],"about":[{"href":"https:\/\/yonderhillfarm.ca\/fr\/wp-json\/wp\/v2\/types\/product"}],"replies":[{"embeddable":true,"href":"https:\/\/yonderhillfarm.ca\/fr\/wp-json\/wp\/v2\/comments?post=20953"}],"wp:featuredmedia":[{"embeddable":true,"href":"https:\/\/yonderhillfarm.ca\/fr\/wp-json\/wp\/v2\/media\/15644"}],"wp:attachment":[{"href":"https:\/\/yonderhillfarm.ca\/fr\/wp-json\/wp\/v2\/media?parent=20953"}],"wp:term":[{"taxonomy":"product_brand","embeddable":true,"href":"https:\/\/yonderhillfarm.ca\/fr\/wp-json\/wp\/v2\/product_brand?post=20953"},{"taxonomy":"product_cat","embeddable":true,"href":"https:\/\/yonderhillfarm.ca\/fr\/wp-json\/wp\/v2\/product_cat?post=20953"},{"taxonomy":"product_tag","embeddable":true,"href":"https:\/\/yonderhillfarm.ca\/fr\/wp-json\/wp\/v2\/product_tag?post=20953"}],"curies":[{"name":"wp","href":"https:\/\/api.w.org\/{rel}","templated":true}]}}