{"id":20948,"date":"2025-05-05T18:43:07","date_gmt":"2025-05-05T18:43:07","guid":{"rendered":"https:\/\/yonderhillfarm.ca\/shop\/non class\u00e9\/tomate-noire-de-crimee\/"},"modified":"2025-05-05T18:43:07","modified_gmt":"2025-05-05T21:43:07","slug":"tomate-noire-de-crimee","status":"publish","type":"product","link":"https:\/\/yonderhillfarm.ca\/fr\/shop\/graines-legumes-cereales\/tomates\/tomates-beefsteak-grandes-tranches\/tomate-noire-de-crimee\/","title":{"rendered":"Tomate Noire de Crim\u00e9e"},"content":{"rendered":"<p>Cette tomate beefsteak violet fonc\u00e9 de fin de saison, \u00e0 la saveur renomm\u00e9e, vaut bien l&rsquo;attente. Une vari\u00e9t\u00e9 ancienne de Crim\u00e9e. Ind\u00e9termin\u00e9e.  <\/p>\n<p><em><strong>Environ 20 graines par sachet. <\/strong><\/em><\/p>\n","protected":false},"excerpt":{"rendered":"<p>Cette tomate beefsteak violet fonc\u00e9 de fin de saison, \u00e0 la saveur renomm\u00e9e, vaut bien l&rsquo;attente. Une vari\u00e9t\u00e9 ancienne de Crim\u00e9e. Ind\u00e9termin\u00e9e. Environ 20 graines par sachet.<\/p>\n","protected":false},"featured_media":761,"comment_status":"closed","ping_status":"closed","template":"","meta":[],"product_brand":[],"product_cat":[220,176],"product_tag":[],"class_list":{"0":"post-20948","1":"product","2":"type-product","3":"status-publish","4":"has-post-thumbnail","6":"product_cat-tomates-beefsteak-grandes-tranches","7":"product_cat-varietes-anciennes","8":"product_shipping_class-graines","10":"first","11":"instock","12":"taxable","13":"shipping-taxable","14":"purchasable","15":"product-type-simple"},"_links":{"self":[{"href":"https:\/\/yonderhillfarm.ca\/fr\/wp-json\/wp\/v2\/product\/20948","targetHints":{"allow":["GET"]}}],"collection":[{"href":"https:\/\/yonderhillfarm.ca\/fr\/wp-json\/wp\/v2\/product"}],"about":[{"href":"https:\/\/yonderhillfarm.ca\/fr\/wp-json\/wp\/v2\/types\/product"}],"replies":[{"embeddable":true,"href":"https:\/\/yonderhillfarm.ca\/fr\/wp-json\/wp\/v2\/comments?post=20948"}],"wp:featuredmedia":[{"embeddable":true,"href":"https:\/\/yonderhillfarm.ca\/fr\/wp-json\/wp\/v2\/media\/761"}],"wp:attachment":[{"href":"https:\/\/yonderhillfarm.ca\/fr\/wp-json\/wp\/v2\/media?parent=20948"}],"wp:term":[{"taxonomy":"product_brand","embeddable":true,"href":"https:\/\/yonderhillfarm.ca\/fr\/wp-json\/wp\/v2\/product_brand?post=20948"},{"taxonomy":"product_cat","embeddable":true,"href":"https:\/\/yonderhillfarm.ca\/fr\/wp-json\/wp\/v2\/product_cat?post=20948"},{"taxonomy":"product_tag","embeddable":true,"href":"https:\/\/yonderhillfarm.ca\/fr\/wp-json\/wp\/v2\/product_tag?post=20948"}],"curies":[{"name":"wp","href":"https:\/\/api.w.org\/{rel}","templated":true}]}}