{"id":20943,"date":"2025-05-05T18:44:20","date_gmt":"2025-05-05T18:44:20","guid":{"rendered":"https:\/\/yonderhillfarm.ca\/shop\/non%20class\u00e9\/courge-butternut-butterbush-de-burpee\/"},"modified":"2026-01-03T12:21:19","modified_gmt":"2026-01-03T16:21:19","slug":"courge-butternut-butterbush-de-burpee","status":"publish","type":"product","link":"https:\/\/yonderhillfarm.ca\/fr\/shop\/graines-legumes-cereales\/courges-dhiver-et-citrouilles\/courge-butternut-butterbush-de-burpee\/","title":{"rendered":"Courge Butternut Butterbush de Burpee"},"content":{"rendered":"<p><em>(C. moschata) <\/em>La courge Butternut Butterbush de Burpee est une excellente vari\u00e9t\u00e9 naine de butternut. Ces plants peu encombrants produisent abondamment des fruits de 900 g \u00e0 1,4 kg, que certains consid\u00e8rent comme les butternuts les plus savoureuses qui soient. Nous les trouvons exceptionnellement sucr\u00e9es et au go\u00fbt de noisette, parfaites pour les soupes et m\u00eame d\u00e9licieuses \u00e0 grignoter crues. Un excellent choix pour les jardiniers amateurs et les producteurs mara\u00eechers!   <\/p>\n<p><strong><em>Environ 15 graines par sachet. <\/em><\/strong><\/p>\n","protected":false},"excerpt":{"rendered":"<p>(C. moschata) La courge Butternut Butterbush de Burpee est une excellente vari\u00e9t\u00e9 naine de butternut. Ces plants peu encombrants produisent abondamment des fruits de 900 g \u00e0 1,4 kg, que certains consid\u00e8rent comme les butternuts les plus savoureuses qui soient. Nous les trouvons exceptionnellement sucr\u00e9es et au go\u00fbt de noisette, parfaites pour les soupes et [&hellip;]<\/p>\n","protected":false},"featured_media":20944,"comment_status":"closed","ping_status":"closed","template":"","meta":[],"product_brand":[],"product_cat":[185,176],"product_tag":[],"class_list":{"0":"post-20943","1":"product","2":"type-product","3":"status-publish","4":"has-post-thumbnail","6":"product_cat-courges-dhiver-et-citrouilles","7":"product_cat-varietes-anciennes","8":"product_shipping_class-graines","10":"first","11":"instock","12":"taxable","13":"shipping-taxable","14":"purchasable","15":"product-type-simple"},"_links":{"self":[{"href":"https:\/\/yonderhillfarm.ca\/fr\/wp-json\/wp\/v2\/product\/20943","targetHints":{"allow":["GET"]}}],"collection":[{"href":"https:\/\/yonderhillfarm.ca\/fr\/wp-json\/wp\/v2\/product"}],"about":[{"href":"https:\/\/yonderhillfarm.ca\/fr\/wp-json\/wp\/v2\/types\/product"}],"replies":[{"embeddable":true,"href":"https:\/\/yonderhillfarm.ca\/fr\/wp-json\/wp\/v2\/comments?post=20943"}],"wp:featuredmedia":[{"embeddable":true,"href":"https:\/\/yonderhillfarm.ca\/fr\/wp-json\/wp\/v2\/media\/20944"}],"wp:attachment":[{"href":"https:\/\/yonderhillfarm.ca\/fr\/wp-json\/wp\/v2\/media?parent=20943"}],"wp:term":[{"taxonomy":"product_brand","embeddable":true,"href":"https:\/\/yonderhillfarm.ca\/fr\/wp-json\/wp\/v2\/product_brand?post=20943"},{"taxonomy":"product_cat","embeddable":true,"href":"https:\/\/yonderhillfarm.ca\/fr\/wp-json\/wp\/v2\/product_cat?post=20943"},{"taxonomy":"product_tag","embeddable":true,"href":"https:\/\/yonderhillfarm.ca\/fr\/wp-json\/wp\/v2\/product_tag?post=20943"}],"curies":[{"name":"wp","href":"https:\/\/api.w.org\/{rel}","templated":true}]}}