{"id":20942,"date":"2025-05-05T18:43:58","date_gmt":"2025-05-05T18:43:58","guid":{"rendered":"https:\/\/yonderhillfarm.ca\/shop\/non class\u00e9\/tomate-roma-mountain-pour-sauce\/"},"modified":"2025-05-05T18:43:58","modified_gmt":"2025-05-05T21:43:58","slug":"tomate-roma-mountain-pour-sauce","status":"publish","type":"product","link":"https:\/\/yonderhillfarm.ca\/fr\/shop\/graines-legumes-cereales\/tomates\/tomates-roma-et-a-farcir\/tomate-roma-mountain-pour-sauce\/","title":{"rendered":"Tomate Roma &lsquo;Mountain&rsquo; pour sauce"},"content":{"rendered":"<p>Si vous aimez les Roma, mais aimeriez qu&rsquo;elles m\u00fbrissent plus t\u00f4t, essayez la Mountain Roma ! Issue de vieilles vari\u00e9t\u00e9s Heinz et cultiv\u00e9e dans le Montana, la Mountain Roma vous fournira d&rsquo;abondantes quantit\u00e9s de tomates pour sauce de style Roma, l\u00e9g\u00e8rement plus petites. R\u00e9sistante aux maladies en prime ! Vari\u00e9t\u00e9 d\u00e9termin\u00e9e.   <\/p>\n<p><strong><em>Environ 20 graines par sachet standard. <\/em><\/strong><\/p>\n<p><em><strong>Environ 200 graines par grand sachet. <\/strong><\/em><\/p>\n","protected":false},"excerpt":{"rendered":"<p>Si vous aimez les Roma, mais aimeriez qu&rsquo;elles m\u00fbrissent plus t\u00f4t, essayez la Mountain Roma ! Issue de vieilles vari\u00e9t\u00e9s Heinz et cultiv\u00e9e dans le Montana, la Mountain Roma vous fournira d&rsquo;abondantes quantit\u00e9s de tomates pour sauce de style Roma, l\u00e9g\u00e8rement plus petites. R\u00e9sistante aux maladies en prime ! Vari\u00e9t\u00e9 d\u00e9termin\u00e9e. Environ 20 graines par [&hellip;]<\/p>\n","protected":false},"featured_media":807,"comment_status":"closed","ping_status":"closed","template":"","meta":[],"product_brand":[],"product_cat":[137,209],"product_tag":[187],"class_list":{"0":"post-20942","1":"product","2":"type-product","3":"status-publish","4":"has-post-thumbnail","6":"product_cat-graines-en-vrac","7":"product_cat-tomates-roma-et-a-farcir","8":"product_tag-les-favoris-de-la-ferme","9":"product_shipping_class-graines","11":"first","12":"instock","13":"taxable","14":"shipping-taxable","15":"purchasable","16":"product-type-variable"},"_links":{"self":[{"href":"https:\/\/yonderhillfarm.ca\/fr\/wp-json\/wp\/v2\/product\/20942","targetHints":{"allow":["GET"]}}],"collection":[{"href":"https:\/\/yonderhillfarm.ca\/fr\/wp-json\/wp\/v2\/product"}],"about":[{"href":"https:\/\/yonderhillfarm.ca\/fr\/wp-json\/wp\/v2\/types\/product"}],"replies":[{"embeddable":true,"href":"https:\/\/yonderhillfarm.ca\/fr\/wp-json\/wp\/v2\/comments?post=20942"}],"wp:featuredmedia":[{"embeddable":true,"href":"https:\/\/yonderhillfarm.ca\/fr\/wp-json\/wp\/v2\/media\/807"}],"wp:attachment":[{"href":"https:\/\/yonderhillfarm.ca\/fr\/wp-json\/wp\/v2\/media?parent=20942"}],"wp:term":[{"taxonomy":"product_brand","embeddable":true,"href":"https:\/\/yonderhillfarm.ca\/fr\/wp-json\/wp\/v2\/product_brand?post=20942"},{"taxonomy":"product_cat","embeddable":true,"href":"https:\/\/yonderhillfarm.ca\/fr\/wp-json\/wp\/v2\/product_cat?post=20942"},{"taxonomy":"product_tag","embeddable":true,"href":"https:\/\/yonderhillfarm.ca\/fr\/wp-json\/wp\/v2\/product_tag?post=20942"}],"curies":[{"name":"wp","href":"https:\/\/api.w.org\/{rel}","templated":true}]}}