{"id":20936,"date":"2025-05-05T18:44:20","date_gmt":"2025-05-05T18:44:20","guid":{"rendered":"https:\/\/yonderhillfarm.ca\/shop\/non%20class\u00e9\/piment-aji-pineapple\/"},"modified":"2026-01-02T17:08:45","modified_gmt":"2026-01-02T21:08:45","slug":"piment-aji-pineapple","status":"publish","type":"product","link":"https:\/\/yonderhillfarm.ca\/fr\/shop\/graines-legumes-cereales\/poivrons-et-aubergines\/piments-forts\/piment-aji-pineapple\/","title":{"rendered":"Piment Aji Pineapple"},"content":{"rendered":"<p><em>(Capsicum baccatum)<\/em> Une vari\u00e9t\u00e9 p\u00e9ruvienne fruit\u00e9e avec un piquant mod\u00e9r\u00e9. Le piment fort Aji Ananas produit de magnifiques petits piments sur des plants impressionnants et touffus. Les piments s\u00e8chent bien ou font une sauce piquante tr\u00e8s savoureuse.  <\/p>\n<p><strong><em>Environ 25 graines par sachet. <\/em><\/strong><\/p>\n","protected":false},"excerpt":{"rendered":"<p>(Capsicum baccatum) Une vari\u00e9t\u00e9 p\u00e9ruvienne fruit\u00e9e avec un piquant mod\u00e9r\u00e9. Le piment fort Aji Ananas produit de magnifiques petits piments sur des plants impressionnants et touffus. Les piments s\u00e8chent bien ou font une sauce piquante tr\u00e8s savoureuse. Environ 25 graines par sachet.<\/p>\n","protected":false},"featured_media":20940,"comment_status":"closed","ping_status":"closed","template":"","meta":[],"product_brand":[],"product_cat":[210],"product_tag":[],"class_list":{"0":"post-20936","1":"product","2":"type-product","3":"status-publish","4":"has-post-thumbnail","6":"product_cat-piments-forts","7":"product_shipping_class-graines","9":"first","10":"instock","11":"taxable","12":"shipping-taxable","13":"purchasable","14":"product-type-simple"},"_links":{"self":[{"href":"https:\/\/yonderhillfarm.ca\/fr\/wp-json\/wp\/v2\/product\/20936","targetHints":{"allow":["GET"]}}],"collection":[{"href":"https:\/\/yonderhillfarm.ca\/fr\/wp-json\/wp\/v2\/product"}],"about":[{"href":"https:\/\/yonderhillfarm.ca\/fr\/wp-json\/wp\/v2\/types\/product"}],"replies":[{"embeddable":true,"href":"https:\/\/yonderhillfarm.ca\/fr\/wp-json\/wp\/v2\/comments?post=20936"}],"wp:featuredmedia":[{"embeddable":true,"href":"https:\/\/yonderhillfarm.ca\/fr\/wp-json\/wp\/v2\/media\/20940"}],"wp:attachment":[{"href":"https:\/\/yonderhillfarm.ca\/fr\/wp-json\/wp\/v2\/media?parent=20936"}],"wp:term":[{"taxonomy":"product_brand","embeddable":true,"href":"https:\/\/yonderhillfarm.ca\/fr\/wp-json\/wp\/v2\/product_brand?post=20936"},{"taxonomy":"product_cat","embeddable":true,"href":"https:\/\/yonderhillfarm.ca\/fr\/wp-json\/wp\/v2\/product_cat?post=20936"},{"taxonomy":"product_tag","embeddable":true,"href":"https:\/\/yonderhillfarm.ca\/fr\/wp-json\/wp\/v2\/product_tag?post=20936"}],"curies":[{"name":"wp","href":"https:\/\/api.w.org\/{rel}","templated":true}]}}