{"id":20932,"date":"2025-05-05T18:44:20","date_gmt":"2025-05-05T18:44:20","guid":{"rendered":"https:\/\/yonderhillfarm.ca\/shop\/non%20class\u00e9\/pomme-de-terre-de-semence-nicola\/"},"modified":"2026-01-02T12:03:19","modified_gmt":"2026-01-02T16:03:19","slug":"pomme-de-terre-de-semence-nicola","status":"publish","type":"product","link":"https:\/\/yonderhillfarm.ca\/fr\/shop\/plantes-vivantes\/pommes-de-terre-de-semence\/pomme-de-terre-de-semence-nicola\/","title":{"rendered":"Pomme de terre de semence Nicola"},"content":{"rendered":"<p><strong>D\u00e9sol\u00e9, nos semences de pommes de terre sont en rupture de stock en 2026 pour les commandes en ligne. Les habitants de la r\u00e9gion peuvent nous contacter directement pour de plus petites quantit\u00e9s de semences de pommes de terre disponibles pour le ramassage \u00e0 la ferme ou lors de nos \u00e9v\u00e9nements en personne. <\/strong><\/p>\n<p>L&rsquo;une de nos vari\u00e9t\u00e9s de pommes de terre les plus performantes, au champ comme en cuisine! Judicieusement cultiv\u00e9e \u00e0 Lunenburg, en Allemagne, dans les ann\u00e9es 1960, la Nicola a une forme ovale\/oblongue, une peau jaune lisse et une chair dor\u00e9e dense. Tr\u00e8s appr\u00e9ci\u00e9e des producteurs sp\u00e9cialis\u00e9s pour sa r\u00e9sistance aux maladies, ses rendements constamment \u00e9lev\u00e9s et son aspect lisse et propre attrayant. Cette vari\u00e9t\u00e9 est consid\u00e9r\u00e9e comme une pomme de terre de table de tous les jours et peut \u00eatre utilis\u00e9e dans une grande vari\u00e9t\u00e9 d&rsquo;applications culinaires. Elle est class\u00e9e comme une vari\u00e9t\u00e9 de mi-saison, ce qui signifie environ 80 jours jusqu&rsquo;\u00e0 la r\u00e9colte \u00e0 maturit\u00e9.    <\/p>\n<p>Les pommes de terre de semence sont exp\u00e9di\u00e9es au printemps, lorsque le risque de gel important pendant le transport par la poste est \u00e9cart\u00e9 &#8211; pour nous, c&rsquo;est vers la mi-avril. <em>Veuillez pr\u00e9ciser lors du paiement si vous souhaitez un report de l&rsquo;exp\u00e9dition (jusqu&rsquo;\u00e0 la mi-mai au plus tard).<\/em>  <em><strong>5 $ le pound.<\/strong><\/em><\/p>\n","protected":false},"excerpt":{"rendered":"<p>D\u00e9sol\u00e9, nos semences de pommes de terre sont en rupture de stock en 2026 pour les commandes en ligne. Les habitants de la r\u00e9gion peuvent nous contacter directement pour de plus petites quantit\u00e9s de semences de pommes de terre disponibles pour le ramassage \u00e0 la ferme ou lors de nos \u00e9v\u00e9nements en personne. L&rsquo;une de [&hellip;]<\/p>\n","protected":false},"featured_media":20934,"comment_status":"closed","ping_status":"closed","template":"","meta":[],"product_brand":[],"product_cat":[150],"product_tag":[],"class_list":{"0":"post-20932","1":"product","2":"type-product","3":"status-publish","4":"has-post-thumbnail","6":"product_cat-pommes-de-terre-de-semence","7":"product_shipping_class-plantes-vivantes","9":"first","10":"outofstock","11":"taxable","12":"shipping-taxable","13":"purchasable","14":"product-type-simple"},"_links":{"self":[{"href":"https:\/\/yonderhillfarm.ca\/fr\/wp-json\/wp\/v2\/product\/20932","targetHints":{"allow":["GET"]}}],"collection":[{"href":"https:\/\/yonderhillfarm.ca\/fr\/wp-json\/wp\/v2\/product"}],"about":[{"href":"https:\/\/yonderhillfarm.ca\/fr\/wp-json\/wp\/v2\/types\/product"}],"replies":[{"embeddable":true,"href":"https:\/\/yonderhillfarm.ca\/fr\/wp-json\/wp\/v2\/comments?post=20932"}],"wp:featuredmedia":[{"embeddable":true,"href":"https:\/\/yonderhillfarm.ca\/fr\/wp-json\/wp\/v2\/media\/20934"}],"wp:attachment":[{"href":"https:\/\/yonderhillfarm.ca\/fr\/wp-json\/wp\/v2\/media?parent=20932"}],"wp:term":[{"taxonomy":"product_brand","embeddable":true,"href":"https:\/\/yonderhillfarm.ca\/fr\/wp-json\/wp\/v2\/product_brand?post=20932"},{"taxonomy":"product_cat","embeddable":true,"href":"https:\/\/yonderhillfarm.ca\/fr\/wp-json\/wp\/v2\/product_cat?post=20932"},{"taxonomy":"product_tag","embeddable":true,"href":"https:\/\/yonderhillfarm.ca\/fr\/wp-json\/wp\/v2\/product_tag?post=20932"}],"curies":[{"name":"wp","href":"https:\/\/api.w.org\/{rel}","templated":true}]}}