{"id":20931,"date":"2025-05-05T18:44:20","date_gmt":"2025-05-05T18:44:20","guid":{"rendered":"https:\/\/yonderhillfarm.ca\/shop\/non%20class\u00e9\/haricot-snap-marvel-of-venice\/"},"modified":"2025-12-31T21:37:47","modified_gmt":"2026-01-01T01:37:47","slug":"haricot-snap-marvel-of-venice","status":"publish","type":"product","link":"https:\/\/yonderhillfarm.ca\/fr\/shop\/graines-legumes-cereales\/haricots-et-soja\/haricots-a-rames\/haricot-snap-marvel-of-venice\/","title":{"rendered":"Haricot snap Marvel of Venice"},"content":{"rendered":"<p>(Haricot \u00e0 rame) Ancienne vari\u00e9t\u00e9 italienne h\u00e9ritage&nbsp;; type Romano. Les longues gousses plates jaune dor\u00e9 sont beurr\u00e9es, savoureuses et tendres. Excellent pour manger frais ou \u00e0 la vapeur. Les vignes prolifiques ont besoin d\u2019un grand soutien.    <\/p>\n<p><strong><em>Environ 20 graines par sachet. <\/em><\/strong><\/p>\n","protected":false},"excerpt":{"rendered":"<p>(Haricot \u00e0 rame) Ancienne vari\u00e9t\u00e9 italienne h\u00e9ritage&nbsp;; type Romano. Les longues gousses plates jaune dor\u00e9 sont beurr\u00e9es, savoureuses et tendres. Excellent pour manger frais ou \u00e0 la vapeur. Les vignes prolifiques ont besoin d\u2019un grand soutien. Environ 20 graines par sachet.<\/p>\n","protected":false},"featured_media":20933,"comment_status":"closed","ping_status":"closed","template":"","meta":[],"product_brand":[],"product_cat":[168,169,176],"product_tag":[],"class_list":{"0":"post-20931","1":"product","2":"type-product","3":"status-publish","4":"has-post-thumbnail","6":"product_cat-haricots-a-rames","7":"product_cat-haricots-verts","8":"product_cat-varietes-anciennes","9":"product_shipping_class-graines","11":"first","12":"instock","13":"taxable","14":"shipping-taxable","15":"purchasable","16":"product-type-simple"},"_links":{"self":[{"href":"https:\/\/yonderhillfarm.ca\/fr\/wp-json\/wp\/v2\/product\/20931","targetHints":{"allow":["GET"]}}],"collection":[{"href":"https:\/\/yonderhillfarm.ca\/fr\/wp-json\/wp\/v2\/product"}],"about":[{"href":"https:\/\/yonderhillfarm.ca\/fr\/wp-json\/wp\/v2\/types\/product"}],"replies":[{"embeddable":true,"href":"https:\/\/yonderhillfarm.ca\/fr\/wp-json\/wp\/v2\/comments?post=20931"}],"wp:featuredmedia":[{"embeddable":true,"href":"https:\/\/yonderhillfarm.ca\/fr\/wp-json\/wp\/v2\/media\/20933"}],"wp:attachment":[{"href":"https:\/\/yonderhillfarm.ca\/fr\/wp-json\/wp\/v2\/media?parent=20931"}],"wp:term":[{"taxonomy":"product_brand","embeddable":true,"href":"https:\/\/yonderhillfarm.ca\/fr\/wp-json\/wp\/v2\/product_brand?post=20931"},{"taxonomy":"product_cat","embeddable":true,"href":"https:\/\/yonderhillfarm.ca\/fr\/wp-json\/wp\/v2\/product_cat?post=20931"},{"taxonomy":"product_tag","embeddable":true,"href":"https:\/\/yonderhillfarm.ca\/fr\/wp-json\/wp\/v2\/product_tag?post=20931"}],"curies":[{"name":"wp","href":"https:\/\/api.w.org\/{rel}","templated":true}]}}