{"id":20926,"date":"2025-05-05T18:44:20","date_gmt":"2025-05-05T18:44:20","guid":{"rendered":"https:\/\/yonderhillfarm.ca\/shop\/non%20class\u00e9\/choy-bok-choy-prize\/"},"modified":"2026-01-02T14:03:10","modified_gmt":"2026-01-02T18:03:10","slug":"choy-bok-choy-prize","status":"publish","type":"product","link":"https:\/\/yonderhillfarm.ca\/fr\/shop\/graines-legumes-cereales\/verts\/legumes-verts-resistants-au-froid\/choy-bok-choy-prize\/","title":{"rendered":"Choy Bok Choy Prize"},"content":{"rendered":"<p>(<em>Brassica rapa<\/em>) Un bok choy droit et facile \u00e0 cultiver &#8211; Le Prize Choy Bok Choy est la meilleure vari\u00e9t\u00e9 \u00e0 pollinisation libre que nous ayons jamais cultiv\u00e9e ! Rapide \u00e0 maturit\u00e9 et lent \u00e0 monter en graines, tout en \u00e9tant tr\u00e8s r\u00e9sistant au froid. Les longues tiges succulentes sont parfaites pour les saut\u00e9s et le kimchi ; les jeunes feuilles tendres sont un excellent ajout aux salades.  <\/p>\n<p><strong><em>Environ 100 graines par paquet ordinaire. <\/em><\/strong><\/p>\n","protected":false},"excerpt":{"rendered":"<p>(Brassica rapa) Un bok choy droit et facile \u00e0 cultiver &#8211; Le Prize Choy Bok Choy est la meilleure vari\u00e9t\u00e9 \u00e0 pollinisation libre que nous ayons jamais cultiv\u00e9e ! Rapide \u00e0 maturit\u00e9 et lent \u00e0 monter en graines, tout en \u00e9tant tr\u00e8s r\u00e9sistant au froid. Les longues tiges succulentes sont parfaites pour les saut\u00e9s et [&hellip;]<\/p>\n","protected":false},"featured_media":20929,"comment_status":"closed","ping_status":"closed","template":"","meta":[],"product_brand":[],"product_cat":[207,208,176,175],"product_tag":[],"class_list":{"0":"post-20926","1":"product","2":"type-product","3":"status-publish","4":"has-post-thumbnail","6":"product_cat-legumes-verts-resistants-au-froid","7":"product_cat-salades","8":"product_cat-varietes-anciennes","9":"product_cat-verts","10":"product_shipping_class-graines","12":"first","13":"instock","14":"taxable","15":"shipping-taxable","16":"purchasable","17":"product-type-simple"},"_links":{"self":[{"href":"https:\/\/yonderhillfarm.ca\/fr\/wp-json\/wp\/v2\/product\/20926","targetHints":{"allow":["GET"]}}],"collection":[{"href":"https:\/\/yonderhillfarm.ca\/fr\/wp-json\/wp\/v2\/product"}],"about":[{"href":"https:\/\/yonderhillfarm.ca\/fr\/wp-json\/wp\/v2\/types\/product"}],"replies":[{"embeddable":true,"href":"https:\/\/yonderhillfarm.ca\/fr\/wp-json\/wp\/v2\/comments?post=20926"}],"wp:featuredmedia":[{"embeddable":true,"href":"https:\/\/yonderhillfarm.ca\/fr\/wp-json\/wp\/v2\/media\/20929"}],"wp:attachment":[{"href":"https:\/\/yonderhillfarm.ca\/fr\/wp-json\/wp\/v2\/media?parent=20926"}],"wp:term":[{"taxonomy":"product_brand","embeddable":true,"href":"https:\/\/yonderhillfarm.ca\/fr\/wp-json\/wp\/v2\/product_brand?post=20926"},{"taxonomy":"product_cat","embeddable":true,"href":"https:\/\/yonderhillfarm.ca\/fr\/wp-json\/wp\/v2\/product_cat?post=20926"},{"taxonomy":"product_tag","embeddable":true,"href":"https:\/\/yonderhillfarm.ca\/fr\/wp-json\/wp\/v2\/product_tag?post=20926"}],"curies":[{"name":"wp","href":"https:\/\/api.w.org\/{rel}","templated":true}]}}