{"id":20925,"date":"2025-05-05T18:44:21","date_gmt":"2025-05-05T18:44:21","guid":{"rendered":"https:\/\/yonderhillfarm.ca\/shop\/non%20class\u00e9\/pomme-de-terre-de-semence-chieftain\/"},"modified":"2026-01-02T12:03:20","modified_gmt":"2026-01-02T16:03:20","slug":"pomme-de-terre-de-semence-chieftain","status":"publish","type":"product","link":"https:\/\/yonderhillfarm.ca\/fr\/shop\/plantes-vivantes\/pommes-de-terre-de-semence\/pomme-de-terre-de-semence-chieftain\/","title":{"rendered":"Pomme de terre de semence Chieftain"},"content":{"rendered":"<p><strong>D\u00e9sol\u00e9, nos semences de pommes de terre sont en rupture de stock en 2026 pour les commandes en ligne. Les habitants de la r\u00e9gion peuvent nous contacter directement pour de plus petites quantit\u00e9s de semences de pommes de terre disponibles pour le ramassage \u00e0 la ferme ou lors de nos \u00e9v\u00e9nements en personne. <\/strong><\/p>\n<p>Nous adorons cette pomme de terre \u00e0 peau rouge ronde \u00e0 haut rendement et \u00e0 chair blanche \u00e9clatante. La Chieftain se conserve tr\u00e8s bien et est toujours sans d\u00e9faut &#8211; id\u00e9ale pour toutes les utilisations culinaires ! Une vari\u00e9t\u00e9 de d\u00e9but \u00e0 mi-saison s\u00e9lectionn\u00e9e dans l&rsquo;Iowa dans les ann\u00e9es 1950, elle se targue d&rsquo;une r\u00e9sistance aux maladies, notamment au mildiou et \u00e0 la gale. Nous cultivons cette pomme de terre depuis plus de 10 ans et c&rsquo;est toujours l&rsquo;une des meilleures productrices !   <\/p>\n<p>Les pommes de terre de semence sont exp\u00e9di\u00e9es au printemps, lorsque le risque de gel important pendant le transport par la poste est \u00e9cart\u00e9 &#8211; pour nous, c&rsquo;est vers la mi-avril. <em>Veuillez pr\u00e9ciser lors du paiement si vous souhaitez un report de l&rsquo;exp\u00e9dition (jusqu&rsquo;\u00e0 la mi-mai au plus tard).<\/em>  <em><strong>5 $ le pound.<\/strong><\/em><\/p>\n","protected":false},"excerpt":{"rendered":"<p>D\u00e9sol\u00e9, nos semences de pommes de terre sont en rupture de stock en 2026 pour les commandes en ligne. Les habitants de la r\u00e9gion peuvent nous contacter directement pour de plus petites quantit\u00e9s de semences de pommes de terre disponibles pour le ramassage \u00e0 la ferme ou lors de nos \u00e9v\u00e9nements en personne. Nous adorons [&hellip;]<\/p>\n","protected":false},"featured_media":20927,"comment_status":"closed","ping_status":"closed","template":"","meta":[],"product_brand":[],"product_cat":[150],"product_tag":[],"class_list":{"0":"post-20925","1":"product","2":"type-product","3":"status-publish","4":"has-post-thumbnail","6":"product_cat-pommes-de-terre-de-semence","7":"product_shipping_class-plantes-vivantes","9":"first","10":"outofstock","11":"taxable","12":"shipping-taxable","13":"purchasable","14":"product-type-simple"},"_links":{"self":[{"href":"https:\/\/yonderhillfarm.ca\/fr\/wp-json\/wp\/v2\/product\/20925","targetHints":{"allow":["GET"]}}],"collection":[{"href":"https:\/\/yonderhillfarm.ca\/fr\/wp-json\/wp\/v2\/product"}],"about":[{"href":"https:\/\/yonderhillfarm.ca\/fr\/wp-json\/wp\/v2\/types\/product"}],"replies":[{"embeddable":true,"href":"https:\/\/yonderhillfarm.ca\/fr\/wp-json\/wp\/v2\/comments?post=20925"}],"wp:featuredmedia":[{"embeddable":true,"href":"https:\/\/yonderhillfarm.ca\/fr\/wp-json\/wp\/v2\/media\/20927"}],"wp:attachment":[{"href":"https:\/\/yonderhillfarm.ca\/fr\/wp-json\/wp\/v2\/media?parent=20925"}],"wp:term":[{"taxonomy":"product_brand","embeddable":true,"href":"https:\/\/yonderhillfarm.ca\/fr\/wp-json\/wp\/v2\/product_brand?post=20925"},{"taxonomy":"product_cat","embeddable":true,"href":"https:\/\/yonderhillfarm.ca\/fr\/wp-json\/wp\/v2\/product_cat?post=20925"},{"taxonomy":"product_tag","embeddable":true,"href":"https:\/\/yonderhillfarm.ca\/fr\/wp-json\/wp\/v2\/product_tag?post=20925"}],"curies":[{"name":"wp","href":"https:\/\/api.w.org\/{rel}","templated":true}]}}