{"id":20921,"date":"2025-05-05T18:44:45","date_gmt":"2025-05-05T18:44:45","guid":{"rendered":"https:\/\/yonderhillfarm.ca\/shop\/non%20class\u00e9\/ail-harmony-softneck-de-semence\/"},"modified":"2026-01-02T12:03:20","modified_gmt":"2026-01-02T16:03:20","slug":"ail-harmony-softneck-de-semence","status":"publish","type":"product","link":"https:\/\/yonderhillfarm.ca\/fr\/shop\/plantes-vivantes\/ail-a-semer\/ail-harmony-softneck-de-semence\/","title":{"rendered":"Semence d&rsquo;ail Harmony Softneck"},"content":{"rendered":"<p>Cet ail charmant et rustique est un vrai softneck, parfait pour le tressage&nbsp;! Nous l&rsquo;appelons Harmony d&rsquo;apr\u00e8s la ferme o\u00f9 nous l&rsquo;avons obtenu il y a plus de 15&nbsp;ans&nbsp;: ils avaient perdu la trace du nom de la vari\u00e9t\u00e9, mais il s&rsquo;agit tr\u00e8s probablement de Polish Red, d&rsquo;apr\u00e8s ce que nous pouvons en dire. Non seulement il est r\u00e9sistant \u00e0 l&rsquo;hiver pour notre zone de culture, mais c&rsquo;est aussi la vari\u00e9t\u00e9 qui se conserve le plus longtemps dans notre collection d&rsquo;ail. En moyenne, 12&nbsp;gousses par t\u00eate, mais nous ne plantons que les plus grosses gousses ext\u00e9rieures pour une taille de bulbe maximale.    <strong>Prix par t\u00eate.<\/strong><\/p>\n<p><strong>Livraison\/ramassage d&rsquo;automne uniquement<\/strong><\/p>\n","protected":false},"excerpt":{"rendered":"<p>Cet ail charmant et rustique est un vrai softneck, parfait pour le tressage&nbsp;! Nous l&rsquo;appelons Harmony d&rsquo;apr\u00e8s la ferme o\u00f9 nous l&rsquo;avons obtenu il y a plus de 15&nbsp;ans&nbsp;: ils avaient perdu la trace du nom de la vari\u00e9t\u00e9, mais il s&rsquo;agit tr\u00e8s probablement de Polish Red, d&rsquo;apr\u00e8s ce que nous pouvons en dire. Non [&hellip;]<\/p>\n","protected":false},"featured_media":20923,"comment_status":"closed","ping_status":"closed","template":"","meta":[],"product_brand":[],"product_cat":[149],"product_tag":[],"class_list":{"0":"post-20921","1":"product","2":"type-product","3":"status-publish","4":"has-post-thumbnail","6":"product_cat-ail-a-semer","7":"product_shipping_class-plantes-vivantes","9":"first","10":"outofstock","11":"taxable","12":"shipping-taxable","13":"purchasable","14":"product-type-simple"},"_links":{"self":[{"href":"https:\/\/yonderhillfarm.ca\/fr\/wp-json\/wp\/v2\/product\/20921","targetHints":{"allow":["GET"]}}],"collection":[{"href":"https:\/\/yonderhillfarm.ca\/fr\/wp-json\/wp\/v2\/product"}],"about":[{"href":"https:\/\/yonderhillfarm.ca\/fr\/wp-json\/wp\/v2\/types\/product"}],"replies":[{"embeddable":true,"href":"https:\/\/yonderhillfarm.ca\/fr\/wp-json\/wp\/v2\/comments?post=20921"}],"wp:featuredmedia":[{"embeddable":true,"href":"https:\/\/yonderhillfarm.ca\/fr\/wp-json\/wp\/v2\/media\/20923"}],"wp:attachment":[{"href":"https:\/\/yonderhillfarm.ca\/fr\/wp-json\/wp\/v2\/media?parent=20921"}],"wp:term":[{"taxonomy":"product_brand","embeddable":true,"href":"https:\/\/yonderhillfarm.ca\/fr\/wp-json\/wp\/v2\/product_brand?post=20921"},{"taxonomy":"product_cat","embeddable":true,"href":"https:\/\/yonderhillfarm.ca\/fr\/wp-json\/wp\/v2\/product_cat?post=20921"},{"taxonomy":"product_tag","embeddable":true,"href":"https:\/\/yonderhillfarm.ca\/fr\/wp-json\/wp\/v2\/product_tag?post=20921"}],"curies":[{"name":"wp","href":"https:\/\/api.w.org\/{rel}","templated":true}]}}