{"id":20918,"date":"2025-05-05T18:44:20","date_gmt":"2025-05-05T18:44:20","guid":{"rendered":"https:\/\/yonderhillfarm.ca\/shop\/non%20class\u00e9\/topinambours-stampede\/"},"modified":"2026-01-02T12:03:21","modified_gmt":"2026-01-02T16:03:21","slug":"topinambours-stampede","status":"publish","type":"product","link":"https:\/\/yonderhillfarm.ca\/fr\/shop\/graines-legumes-cereales\/legumes-vivaces\/topinambours-stampede\/","title":{"rendered":"Topinambours Stampede"},"content":{"rendered":"<p>(<em>Helianthus tuberosus<\/em>) \u00c9galement connu sous le nom d&rsquo;artichaut de J\u00e9rusalem. Sans doute la vari\u00e9t\u00e9 de topinambour la plus productive qui soit&nbsp;! Les topinambours Stampede sont certainement les plus impressionnants que nous ayons jamais cultiv\u00e9s, avec de gros tubercules blancs poussant principalement en une belle touffe \u00e0 l&rsquo;endroit o\u00f9 se trouve la tige de la croissance pr\u00e9c\u00e9dente. Extr\u00eamement productif et facile \u00e0 travailler en cuisine. Les tubercules dormants sont exp\u00e9di\u00e9s apr\u00e8s que notre couche de p\u00e9pini\u00e8re ait suffisamment d\u00e9gel\u00e9 pour \u00eatre creus\u00e9e (g\u00e9n\u00e9ralement en avril).     <em><strong>Prix au kilo. <\/strong>Instructions de plantation incluses&nbsp;!<\/em><\/p>\n<p><strong>Livraison\/ramassage de printemps<\/strong><strong> uniquement.<\/strong><em> Veuillez noter : l&rsquo;inventaire initial est approximatif. Si le produit est indiqu\u00e9 comme \u00e9tant \u00e9puis\u00e9, v\u00e9rifiez \u00e0 nouveau en avril pour conna\u00eetre l&rsquo;inventaire mis \u00e0 jour.<\/em><\/p>\n","protected":false},"excerpt":{"rendered":"<p>(Helianthus tuberosus) \u00c9galement connu sous le nom d&rsquo;artichaut de J\u00e9rusalem. Sans doute la vari\u00e9t\u00e9 de topinambour la plus productive qui soit&nbsp;! Les topinambours Stampede sont certainement les plus impressionnants que nous ayons jamais cultiv\u00e9s, avec de gros tubercules blancs poussant principalement en une belle touffe \u00e0 l&rsquo;endroit o\u00f9 se trouve la tige de la croissance [&hellip;]<\/p>\n","protected":false},"featured_media":20920,"comment_status":"closed","ping_status":"closed","template":"","meta":[],"product_brand":[],"product_cat":[180,151],"product_tag":[187],"class_list":{"0":"post-20918","1":"product","2":"type-product","3":"status-publish","4":"has-post-thumbnail","6":"product_cat-legumes-vivaces","7":"product_cat-topinambours-artichauts-de-jerusalem","8":"product_tag-les-favoris-de-la-ferme","9":"product_shipping_class-plantes-vivantes","11":"first","12":"outofstock","13":"taxable","14":"shipping-taxable","15":"purchasable","16":"product-type-simple"},"_links":{"self":[{"href":"https:\/\/yonderhillfarm.ca\/fr\/wp-json\/wp\/v2\/product\/20918","targetHints":{"allow":["GET"]}}],"collection":[{"href":"https:\/\/yonderhillfarm.ca\/fr\/wp-json\/wp\/v2\/product"}],"about":[{"href":"https:\/\/yonderhillfarm.ca\/fr\/wp-json\/wp\/v2\/types\/product"}],"replies":[{"embeddable":true,"href":"https:\/\/yonderhillfarm.ca\/fr\/wp-json\/wp\/v2\/comments?post=20918"}],"wp:featuredmedia":[{"embeddable":true,"href":"https:\/\/yonderhillfarm.ca\/fr\/wp-json\/wp\/v2\/media\/20920"}],"wp:attachment":[{"href":"https:\/\/yonderhillfarm.ca\/fr\/wp-json\/wp\/v2\/media?parent=20918"}],"wp:term":[{"taxonomy":"product_brand","embeddable":true,"href":"https:\/\/yonderhillfarm.ca\/fr\/wp-json\/wp\/v2\/product_brand?post=20918"},{"taxonomy":"product_cat","embeddable":true,"href":"https:\/\/yonderhillfarm.ca\/fr\/wp-json\/wp\/v2\/product_cat?post=20918"},{"taxonomy":"product_tag","embeddable":true,"href":"https:\/\/yonderhillfarm.ca\/fr\/wp-json\/wp\/v2\/product_tag?post=20918"}],"curies":[{"name":"wp","href":"https:\/\/api.w.org\/{rel}","templated":true}]}}