{"id":20912,"date":"2025-05-05T18:46:39","date_gmt":"2025-05-05T18:46:39","guid":{"rendered":"https:\/\/yonderhillfarm.ca\/shop\/non class\u00e9\/tomate-cerise-abricot-damy\/"},"modified":"2025-05-05T18:46:39","modified_gmt":"2025-05-05T21:46:39","slug":"tomate-cerise-abricot-damy","status":"publish","type":"product","link":"https:\/\/yonderhillfarm.ca\/fr\/shop\/graines-legumes-cereales\/tomates\/tomates-cerises-poires-et-raisins\/tomate-cerise-abricot-damy\/","title":{"rendered":"Tomate cerise abricot d&rsquo;Amy"},"content":{"rendered":"<p>Une tomate cerise orange vraiment sucr\u00e9e et super savoureuse que nous sommes heureux d&rsquo;ajouter \u00e0 notre collection de tomates (ou est-ce une obsession pour les tomates&nbsp;?). Nous l&rsquo;avons cultiv\u00e9e pour la premi\u00e8re fois en 2022, lorsque Chris n&rsquo;a pas d\u00e9marr\u00e9 de graines de tomates en raison de la naissance d&rsquo;un nouveau-n\u00e9. Nous avons obtenu 1\/2&nbsp;douzaine de plants d&rsquo;un ami et coll\u00e8gue conservateur de semences, puis nous n&rsquo;avons pas pu nous emp\u00eacher de conserver nos graines de cette collation super d\u00e9licieuse&nbsp;! Fiable et relativement sans fissures, m\u00eame cultiv\u00e9e en ext\u00e9rieur pendant la saison tr\u00e8s pluvieuse de 2023. Un h\u00e9ritage familial d&rsquo;Italie. Ind\u00e9termin\u00e9e.     <\/p>\n<p><strong><em>Environ 20 \u00e0 30&nbsp;graines par sachet. <\/em><\/strong><\/p>\n","protected":false},"excerpt":{"rendered":"<p>Une tomate cerise orange vraiment sucr\u00e9e et super savoureuse que nous sommes heureux d&rsquo;ajouter \u00e0 notre collection de tomates (ou est-ce une obsession pour les tomates&nbsp;?). Nous l&rsquo;avons cultiv\u00e9e pour la premi\u00e8re fois en 2022, lorsque Chris n&rsquo;a pas d\u00e9marr\u00e9 de graines de tomates en raison de la naissance d&rsquo;un nouveau-n\u00e9. Nous avons obtenu 1\/2&nbsp;douzaine [&hellip;]<\/p>\n","protected":false},"featured_media":926,"comment_status":"closed","ping_status":"closed","template":"","meta":[],"product_brand":[],"product_cat":[206,176],"product_tag":[187],"class_list":{"0":"post-20912","1":"product","2":"type-product","3":"status-publish","4":"has-post-thumbnail","6":"product_cat-tomates-cerises-poires-et-raisins","7":"product_cat-varietes-anciennes","8":"product_tag-les-favoris-de-la-ferme","9":"product_shipping_class-graines","11":"first","12":"instock","13":"taxable","14":"shipping-taxable","15":"purchasable","16":"product-type-simple"},"_links":{"self":[{"href":"https:\/\/yonderhillfarm.ca\/fr\/wp-json\/wp\/v2\/product\/20912","targetHints":{"allow":["GET"]}}],"collection":[{"href":"https:\/\/yonderhillfarm.ca\/fr\/wp-json\/wp\/v2\/product"}],"about":[{"href":"https:\/\/yonderhillfarm.ca\/fr\/wp-json\/wp\/v2\/types\/product"}],"replies":[{"embeddable":true,"href":"https:\/\/yonderhillfarm.ca\/fr\/wp-json\/wp\/v2\/comments?post=20912"}],"wp:featuredmedia":[{"embeddable":true,"href":"https:\/\/yonderhillfarm.ca\/fr\/wp-json\/wp\/v2\/media\/926"}],"wp:attachment":[{"href":"https:\/\/yonderhillfarm.ca\/fr\/wp-json\/wp\/v2\/media?parent=20912"}],"wp:term":[{"taxonomy":"product_brand","embeddable":true,"href":"https:\/\/yonderhillfarm.ca\/fr\/wp-json\/wp\/v2\/product_brand?post=20912"},{"taxonomy":"product_cat","embeddable":true,"href":"https:\/\/yonderhillfarm.ca\/fr\/wp-json\/wp\/v2\/product_cat?post=20912"},{"taxonomy":"product_tag","embeddable":true,"href":"https:\/\/yonderhillfarm.ca\/fr\/wp-json\/wp\/v2\/product_tag?post=20912"}],"curies":[{"name":"wp","href":"https:\/\/api.w.org\/{rel}","templated":true}]}}