{"id":20911,"date":"2025-05-05T18:46:04","date_gmt":"2025-05-05T18:46:04","guid":{"rendered":"https:\/\/yonderhillfarm.ca\/shop\/non%20class\u00e9\/pomme-de-terre-de-semence-sieglinde\/"},"modified":"2026-01-02T12:03:19","modified_gmt":"2026-01-02T16:03:19","slug":"pomme-de-terre-de-semence-sieglinde","status":"publish","type":"product","link":"https:\/\/yonderhillfarm.ca\/fr\/shop\/plantes-vivantes\/pommes-de-terre-de-semence\/pomme-de-terre-de-semence-sieglinde\/","title":{"rendered":"Pomme de terre de semence Sieglinde"},"content":{"rendered":"<p><strong>D\u00e9sol\u00e9, nos semences de pommes de terre sont en rupture de stock en 2026 pour les commandes en ligne. Les habitants de la r\u00e9gion peuvent nous contacter directement pour de plus petites quantit\u00e9s de semences de pommes de terre disponibles pour le ramassage \u00e0 la ferme ou lors de nos \u00e9v\u00e9nements en personne. <\/strong><\/p>\n<p>Une belle vari\u00e9t\u00e9 ancienne datant des ann\u00e9es 1930 en Autriche, cette vari\u00e9t\u00e9 est particuli\u00e8rement adapt\u00e9e au stockage hivernal gr\u00e2ce \u00e0 sa peau ferme mais fine. Une pomme de terre lisse jaune clair de part en part, de d\u00e9but \u00e0 mi-saison avec une r\u00e9sistance \u00e0 la gale. Excellent pour r\u00f4tir et bouillir.  <\/p>\n<p>Les pommes de terre de semence sont exp\u00e9di\u00e9es au printemps, lorsque le risque de gel important pendant le transport par la poste est \u00e9cart\u00e9 &#8211; pour nous, c&rsquo;est vers la mi-avril. <em>Veuillez pr\u00e9ciser lors du paiement si vous souhaitez un report de l&rsquo;exp\u00e9dition (jusqu&rsquo;\u00e0 la mi-mai au plus tard).<\/em>  <em><strong>5 $ le pound.<\/strong><\/em><\/p>\n","protected":false},"excerpt":{"rendered":"<p>D\u00e9sol\u00e9, nos semences de pommes de terre sont en rupture de stock en 2026 pour les commandes en ligne. Les habitants de la r\u00e9gion peuvent nous contacter directement pour de plus petites quantit\u00e9s de semences de pommes de terre disponibles pour le ramassage \u00e0 la ferme ou lors de nos \u00e9v\u00e9nements en personne. Une belle [&hellip;]<\/p>\n","protected":false},"featured_media":20913,"comment_status":"closed","ping_status":"closed","template":"","meta":[],"product_brand":[],"product_cat":[150,176],"product_tag":[],"class_list":{"0":"post-20911","1":"product","2":"type-product","3":"status-publish","4":"has-post-thumbnail","6":"product_cat-pommes-de-terre-de-semence","7":"product_cat-varietes-anciennes","8":"product_shipping_class-plantes-vivantes","10":"first","11":"outofstock","12":"taxable","13":"shipping-taxable","14":"purchasable","15":"product-type-simple"},"_links":{"self":[{"href":"https:\/\/yonderhillfarm.ca\/fr\/wp-json\/wp\/v2\/product\/20911","targetHints":{"allow":["GET"]}}],"collection":[{"href":"https:\/\/yonderhillfarm.ca\/fr\/wp-json\/wp\/v2\/product"}],"about":[{"href":"https:\/\/yonderhillfarm.ca\/fr\/wp-json\/wp\/v2\/types\/product"}],"replies":[{"embeddable":true,"href":"https:\/\/yonderhillfarm.ca\/fr\/wp-json\/wp\/v2\/comments?post=20911"}],"wp:featuredmedia":[{"embeddable":true,"href":"https:\/\/yonderhillfarm.ca\/fr\/wp-json\/wp\/v2\/media\/20913"}],"wp:attachment":[{"href":"https:\/\/yonderhillfarm.ca\/fr\/wp-json\/wp\/v2\/media?parent=20911"}],"wp:term":[{"taxonomy":"product_brand","embeddable":true,"href":"https:\/\/yonderhillfarm.ca\/fr\/wp-json\/wp\/v2\/product_brand?post=20911"},{"taxonomy":"product_cat","embeddable":true,"href":"https:\/\/yonderhillfarm.ca\/fr\/wp-json\/wp\/v2\/product_cat?post=20911"},{"taxonomy":"product_tag","embeddable":true,"href":"https:\/\/yonderhillfarm.ca\/fr\/wp-json\/wp\/v2\/product_tag?post=20911"}],"curies":[{"name":"wp","href":"https:\/\/api.w.org\/{rel}","templated":true}]}}