{"id":20907,"date":"2025-05-05T18:46:04","date_gmt":"2025-05-05T18:46:04","guid":{"rendered":"https:\/\/yonderhillfarm.ca\/shop\/non%20class\u00e9\/pomme-de-terre-de-semence-banana-fingerling\/"},"modified":"2026-01-02T12:03:21","modified_gmt":"2026-01-02T16:03:21","slug":"pomme-de-terre-de-semence-banana-fingerling","status":"publish","type":"product","link":"https:\/\/yonderhillfarm.ca\/fr\/shop\/plantes-vivantes\/pommes-de-terre-de-semence\/pomme-de-terre-de-semence-banana-fingerling\/","title":{"rendered":"Pomme de terre de semence Banana Fingerling"},"content":{"rendered":"<p><strong>D\u00e9sol\u00e9, nos semences de pommes de terre sont en rupture de stock en 2026 pour les commandes en ligne. Les habitants de la r\u00e9gion peuvent nous contacter directement pour de plus petites quantit\u00e9s de semences de pommes de terre disponibles pour le ramassage \u00e0 la ferme ou lors de nos \u00e9v\u00e9nements en personne. <\/strong><\/p>\n<p>Vari\u00e9t\u00e9 tardive mais \u00e0 tr\u00e8s haut rendement. Chair jaune clair et peau dor\u00e9e, longs tubercules en forme de bananes. Cette fingerling excelle comme pomme de terre bouillie, mais nous l&rsquo;appr\u00e9cions aussi frite et r\u00f4tie ! Un h\u00e9ritage populaire originaire d&rsquo;Europe du Nord-Est.   <\/p>\n<p>Les pommes de terre de semence sont exp\u00e9di\u00e9es au printemps, lorsque le risque de gel important pendant le transport par la poste est \u00e9cart\u00e9 &#8211; pour nous, c&rsquo;est vers la mi-avril. <em>Veuillez pr\u00e9ciser lors du paiement si vous souhaitez un report de l&rsquo;exp\u00e9dition (jusqu&rsquo;\u00e0 la mi-mai au plus tard).<\/em> <em><strong>9 $ le pound.<\/strong><\/em><\/p>\n","protected":false},"excerpt":{"rendered":"<p>D\u00e9sol\u00e9, nos semences de pommes de terre sont en rupture de stock en 2026 pour les commandes en ligne. Les habitants de la r\u00e9gion peuvent nous contacter directement pour de plus petites quantit\u00e9s de semences de pommes de terre disponibles pour le ramassage \u00e0 la ferme ou lors de nos \u00e9v\u00e9nements en personne. Vari\u00e9t\u00e9 tardive [&hellip;]<\/p>\n","protected":false},"featured_media":20910,"comment_status":"closed","ping_status":"closed","template":"","meta":[],"product_brand":[],"product_cat":[150,176],"product_tag":[],"class_list":{"0":"post-20907","1":"product","2":"type-product","3":"status-publish","4":"has-post-thumbnail","6":"product_cat-pommes-de-terre-de-semence","7":"product_cat-varietes-anciennes","8":"product_shipping_class-plantes-vivantes","10":"first","11":"outofstock","12":"taxable","13":"shipping-taxable","14":"purchasable","15":"product-type-simple"},"_links":{"self":[{"href":"https:\/\/yonderhillfarm.ca\/fr\/wp-json\/wp\/v2\/product\/20907","targetHints":{"allow":["GET"]}}],"collection":[{"href":"https:\/\/yonderhillfarm.ca\/fr\/wp-json\/wp\/v2\/product"}],"about":[{"href":"https:\/\/yonderhillfarm.ca\/fr\/wp-json\/wp\/v2\/types\/product"}],"replies":[{"embeddable":true,"href":"https:\/\/yonderhillfarm.ca\/fr\/wp-json\/wp\/v2\/comments?post=20907"}],"wp:featuredmedia":[{"embeddable":true,"href":"https:\/\/yonderhillfarm.ca\/fr\/wp-json\/wp\/v2\/media\/20910"}],"wp:attachment":[{"href":"https:\/\/yonderhillfarm.ca\/fr\/wp-json\/wp\/v2\/media?parent=20907"}],"wp:term":[{"taxonomy":"product_brand","embeddable":true,"href":"https:\/\/yonderhillfarm.ca\/fr\/wp-json\/wp\/v2\/product_brand?post=20907"},{"taxonomy":"product_cat","embeddable":true,"href":"https:\/\/yonderhillfarm.ca\/fr\/wp-json\/wp\/v2\/product_cat?post=20907"},{"taxonomy":"product_tag","embeddable":true,"href":"https:\/\/yonderhillfarm.ca\/fr\/wp-json\/wp\/v2\/product_tag?post=20907"}],"curies":[{"name":"wp","href":"https:\/\/api.w.org\/{rel}","templated":true}]}}