{"id":20906,"date":"2025-05-05T18:46:39","date_gmt":"2025-05-05T18:46:39","guid":{"rendered":"https:\/\/yonderhillfarm.ca\/shop\/non%20class\u00e9\/rutabaga-laurentien\/"},"modified":"2026-01-02T21:03:24","modified_gmt":"2026-01-03T01:03:24","slug":"rutabaga-laurentien","status":"publish","type":"product","link":"https:\/\/yonderhillfarm.ca\/fr\/shop\/graines-legumes-cereales\/plantes-racines\/navets-et-rutabagas\/rutabaga-laurentien\/","title":{"rendered":"Rutabaga Laurentien"},"content":{"rendered":"<p><em>(B. napus)<\/em> (aussi connu sous le nom de chou de Siam) Le rutabaga laurentien est la vari\u00e9t\u00e9 canadienne classique. Gr\u00e2ce \u00e0 une s\u00e9lection rigoureuse, notre souche est particuli\u00e8rement uniforme, avec des racines rondes et tendres, de couleur cr\u00e8me \u00e0 l&rsquo;int\u00e9rieur et \u00e0 l&rsquo;ext\u00e9rieur, avec des sommets violac\u00e9s. Les racines se conservent tr\u00e8s bien pendant l&rsquo;hiver dans les caves froides et sont nettement plus sucr\u00e9es que les vrais navets. Un aliment de base des fermes, nous adorons les grignoter crus.   <\/p>\n<p><em><strong>Environ 200 graines par sachet standard <\/strong><\/em><\/p>\n<p><em><strong>Environ 2000 graines par grand sachet <\/strong><\/em><\/p>\n","protected":false},"excerpt":{"rendered":"<p>(B. napus) (aussi connu sous le nom de chou de Siam) Le rutabaga laurentien est la vari\u00e9t\u00e9 canadienne classique. Gr\u00e2ce \u00e0 une s\u00e9lection rigoureuse, notre souche est particuli\u00e8rement uniforme, avec des racines rondes et tendres, de couleur cr\u00e8me \u00e0 l&rsquo;int\u00e9rieur et \u00e0 l&rsquo;ext\u00e9rieur, avec des sommets violac\u00e9s. Les racines se conservent tr\u00e8s bien pendant l&rsquo;hiver [&hellip;]<\/p>\n","protected":false},"featured_media":21166,"comment_status":"closed","ping_status":"closed","template":"","meta":[],"product_brand":[],"product_cat":[137,222,176],"product_tag":[],"class_list":{"0":"post-20906","1":"product","2":"type-product","3":"status-publish","4":"has-post-thumbnail","6":"product_cat-graines-en-vrac","7":"product_cat-navets-et-rutabagas","8":"product_cat-varietes-anciennes","9":"product_shipping_class-graines","11":"first","12":"instock","13":"taxable","14":"shipping-taxable","15":"purchasable","16":"product-type-variable"},"_links":{"self":[{"href":"https:\/\/yonderhillfarm.ca\/fr\/wp-json\/wp\/v2\/product\/20906","targetHints":{"allow":["GET"]}}],"collection":[{"href":"https:\/\/yonderhillfarm.ca\/fr\/wp-json\/wp\/v2\/product"}],"about":[{"href":"https:\/\/yonderhillfarm.ca\/fr\/wp-json\/wp\/v2\/types\/product"}],"replies":[{"embeddable":true,"href":"https:\/\/yonderhillfarm.ca\/fr\/wp-json\/wp\/v2\/comments?post=20906"}],"wp:featuredmedia":[{"embeddable":true,"href":"https:\/\/yonderhillfarm.ca\/fr\/wp-json\/wp\/v2\/media\/21166"}],"wp:attachment":[{"href":"https:\/\/yonderhillfarm.ca\/fr\/wp-json\/wp\/v2\/media?parent=20906"}],"wp:term":[{"taxonomy":"product_brand","embeddable":true,"href":"https:\/\/yonderhillfarm.ca\/fr\/wp-json\/wp\/v2\/product_brand?post=20906"},{"taxonomy":"product_cat","embeddable":true,"href":"https:\/\/yonderhillfarm.ca\/fr\/wp-json\/wp\/v2\/product_cat?post=20906"},{"taxonomy":"product_tag","embeddable":true,"href":"https:\/\/yonderhillfarm.ca\/fr\/wp-json\/wp\/v2\/product_tag?post=20906"}],"curies":[{"name":"wp","href":"https:\/\/api.w.org\/{rel}","templated":true}]}}