{"id":20897,"date":"2025-05-05T18:46:39","date_gmt":"2025-05-05T18:46:39","guid":{"rendered":"https:\/\/yonderhillfarm.ca\/shop\/non class\u00e9\/kelloggs-beefsteak\/"},"modified":"2026-03-30T15:30:44","modified_gmt":"2026-03-30T18:30:44","slug":"kelloggs-beefsteak","status":"publish","type":"product","link":"https:\/\/yonderhillfarm.ca\/fr\/shop\/graines-legumes-cereales\/tomates\/tomates-beefsteak-grandes-tranches\/kelloggs-beefsteak\/","title":{"rendered":"Kellogg&rsquo;s Beefsteak"},"content":{"rendered":"<p>Nous sommes ravis d&rsquo;avoir d\u00e9couvert cette vari\u00e9t\u00e9 ancienne incroyablement magnifique, originaire de Virginie-Occidentale (et sans lien avec les c\u00e9r\u00e9ales du petit-d\u00e9jeuner portant le m\u00eame nom de famille). Sa teinte est d&rsquo;un orange profond de part en part, mais elle est plus que belle \u00e0 regarder. Nous avons \u00e9t\u00e9 impressionn\u00e9s par la pr\u00e9cocit\u00e9 de cette tomate charnue et costaude, avec un \u00e9quilibre vraiment agr\u00e9able entre le super sucr\u00e9 et le l\u00e9g\u00e8rement acide, ce qui en fait la tomate \u00e0 sandwich parfaite pour les saisons plus courtes. Ind\u00e9termin\u00e9e.   <\/p>\n<p><em><strong>Environ 20 graines par sachet. <\/strong><\/em><\/p>\n","protected":false},"excerpt":{"rendered":"<p>Nous sommes ravis d&rsquo;avoir d\u00e9couvert cette vari\u00e9t\u00e9 ancienne incroyablement magnifique, originaire de Virginie-Occidentale (et sans lien avec les c\u00e9r\u00e9ales du petit-d\u00e9jeuner portant le m\u00eame nom de famille). Sa teinte est d&rsquo;un orange profond de part en part, mais elle est plus que belle \u00e0 regarder. Nous avons \u00e9t\u00e9 impressionn\u00e9s par la pr\u00e9cocit\u00e9 de cette tomate [&hellip;]<\/p>\n","protected":false},"featured_media":929,"comment_status":"closed","ping_status":"closed","template":"","meta":[],"product_brand":[],"product_cat":[220,176],"product_tag":[],"class_list":{"0":"post-20897","1":"product","2":"type-product","3":"status-publish","4":"has-post-thumbnail","6":"product_cat-tomates-beefsteak-grandes-tranches","7":"product_cat-varietes-anciennes","8":"product_shipping_class-graines","10":"first","11":"instock","12":"taxable","13":"shipping-taxable","14":"purchasable","15":"product-type-simple"},"_links":{"self":[{"href":"https:\/\/yonderhillfarm.ca\/fr\/wp-json\/wp\/v2\/product\/20897","targetHints":{"allow":["GET"]}}],"collection":[{"href":"https:\/\/yonderhillfarm.ca\/fr\/wp-json\/wp\/v2\/product"}],"about":[{"href":"https:\/\/yonderhillfarm.ca\/fr\/wp-json\/wp\/v2\/types\/product"}],"replies":[{"embeddable":true,"href":"https:\/\/yonderhillfarm.ca\/fr\/wp-json\/wp\/v2\/comments?post=20897"}],"wp:featuredmedia":[{"embeddable":true,"href":"https:\/\/yonderhillfarm.ca\/fr\/wp-json\/wp\/v2\/media\/929"}],"wp:attachment":[{"href":"https:\/\/yonderhillfarm.ca\/fr\/wp-json\/wp\/v2\/media?parent=20897"}],"wp:term":[{"taxonomy":"product_brand","embeddable":true,"href":"https:\/\/yonderhillfarm.ca\/fr\/wp-json\/wp\/v2\/product_brand?post=20897"},{"taxonomy":"product_cat","embeddable":true,"href":"https:\/\/yonderhillfarm.ca\/fr\/wp-json\/wp\/v2\/product_cat?post=20897"},{"taxonomy":"product_tag","embeddable":true,"href":"https:\/\/yonderhillfarm.ca\/fr\/wp-json\/wp\/v2\/product_tag?post=20897"}],"curies":[{"name":"wp","href":"https:\/\/api.w.org\/{rel}","templated":true}]}}