{"id":20896,"date":"2025-05-05T18:46:04","date_gmt":"2025-05-05T18:46:04","guid":{"rendered":"https:\/\/yonderhillfarm.ca\/shop\/non%20class\u00e9\/melon-deau-siberien-sucre\/"},"modified":"2026-01-20T15:46:14","modified_gmt":"2026-01-20T19:46:14","slug":"melon-deau-siberien-sucre","status":"publish","type":"product","link":"https:\/\/yonderhillfarm.ca\/fr\/shop\/graines-legumes-cereales\/melons-et-pasteques\/melon-deau-siberien-sucre\/","title":{"rendered":"Melon d&rsquo;eau Sib\u00e9rien Sucr\u00e9"},"content":{"rendered":"<p>Nous avons cultiv\u00e9 le melon d&rsquo;eau sib\u00e9rien sucr\u00e9 pour la premi\u00e8re fois en 2022 et avons \u00e9t\u00e9 \u00e9tonn\u00e9s d&rsquo;avoir produit suffisamment de graines d\u00e8s la premi\u00e8re ann\u00e9e pour vous les offrir&nbsp;! Avec les melons d&rsquo;eau, il faut souvent une ou deux saisons de croissance pour que les graines \u00ab&nbsp;apprennent&nbsp;\u00bb et s&rsquo;adaptent suffisamment \u00e0 nos conditions pour prosp\u00e9rer. Cela t\u00e9moigne donc de la rusticit\u00e9 et de la courte saison de croissance pour lesquelles cet ancien h\u00e9ritage a \u00e9t\u00e9 initialement cr\u00e9\u00e9. Les fruits oblongs peuvent devenir gros pour un melon d&rsquo;eau \u00e0 maturation aussi rapide, le plus gros pesant bien plus de 4,5 kg&nbsp;! La chair jaune-orange \u00e0 abricot fonc\u00e9 est extr\u00eamement sucr\u00e9e et croquante. Un ajout fabuleux \u00e0 notre collection de melons d&rsquo;eau.     <\/p>\n<p><strong><em>Environ 15 graines par sachet. <\/em><\/strong><\/p>\n","protected":false},"excerpt":{"rendered":"<p>Nous avons cultiv\u00e9 le melon d&rsquo;eau sib\u00e9rien sucr\u00e9 pour la premi\u00e8re fois en 2022 et avons \u00e9t\u00e9 \u00e9tonn\u00e9s d&rsquo;avoir produit suffisamment de graines d\u00e8s la premi\u00e8re ann\u00e9e pour vous les offrir&nbsp;! Avec les melons d&rsquo;eau, il faut souvent une ou deux saisons de croissance pour que les graines \u00ab&nbsp;apprennent&nbsp;\u00bb et s&rsquo;adaptent suffisamment \u00e0 nos conditions [&hellip;]<\/p>\n","protected":false},"featured_media":20898,"comment_status":"closed","ping_status":"closed","template":"","meta":[],"product_brand":[],"product_cat":[177,176],"product_tag":[],"class_list":{"0":"post-20896","1":"product","2":"type-product","3":"status-publish","4":"has-post-thumbnail","6":"product_cat-melons-et-pasteques","7":"product_cat-varietes-anciennes","8":"product_shipping_class-graines","10":"first","11":"instock","12":"taxable","13":"shipping-taxable","14":"purchasable","15":"product-type-simple"},"_links":{"self":[{"href":"https:\/\/yonderhillfarm.ca\/fr\/wp-json\/wp\/v2\/product\/20896","targetHints":{"allow":["GET"]}}],"collection":[{"href":"https:\/\/yonderhillfarm.ca\/fr\/wp-json\/wp\/v2\/product"}],"about":[{"href":"https:\/\/yonderhillfarm.ca\/fr\/wp-json\/wp\/v2\/types\/product"}],"replies":[{"embeddable":true,"href":"https:\/\/yonderhillfarm.ca\/fr\/wp-json\/wp\/v2\/comments?post=20896"}],"wp:featuredmedia":[{"embeddable":true,"href":"https:\/\/yonderhillfarm.ca\/fr\/wp-json\/wp\/v2\/media\/20898"}],"wp:attachment":[{"href":"https:\/\/yonderhillfarm.ca\/fr\/wp-json\/wp\/v2\/media?parent=20896"}],"wp:term":[{"taxonomy":"product_brand","embeddable":true,"href":"https:\/\/yonderhillfarm.ca\/fr\/wp-json\/wp\/v2\/product_brand?post=20896"},{"taxonomy":"product_cat","embeddable":true,"href":"https:\/\/yonderhillfarm.ca\/fr\/wp-json\/wp\/v2\/product_cat?post=20896"},{"taxonomy":"product_tag","embeddable":true,"href":"https:\/\/yonderhillfarm.ca\/fr\/wp-json\/wp\/v2\/product_tag?post=20896"}],"curies":[{"name":"wp","href":"https:\/\/api.w.org\/{rel}","templated":true}]}}