{"id":20884,"date":"2025-05-05T18:46:38","date_gmt":"2025-05-05T18:46:38","guid":{"rendered":"https:\/\/yonderhillfarm.ca\/shop\/non%20class\u00e9\/poivron-doux-moon-cheese\/"},"modified":"2026-01-02T17:01:18","modified_gmt":"2026-01-02T21:01:18","slug":"poivron-doux-moon-cheese","status":"publish","type":"product","link":"https:\/\/yonderhillfarm.ca\/fr\/shop\/graines-legumes-cereales\/poivrons-et-aubergines\/poivrons-doux\/poivron-doux-moon-cheese\/","title":{"rendered":"Poivron doux Moon Cheese"},"content":{"rendered":"<p>Voici notre premier poivron doux cultiv\u00e9 \u00e0 la ferme, le poivron doux Moon Cheese, et il est extraordinaire&nbsp;! En 2018, nous avons d\u00e9couvert un croisement fortuit entre deux favoris de longue date de la ferme, le <a href=\"https:\/\/yonderhillfarm.ca\/product\/napoleon-bell-pepper\/\">poivron doux Napol\u00e9on<\/a> et le <a href=\"https:\/\/yonderhillfarm.ca\/product\/klari-baby-cheese-pepper\/\">poivron Klari Baby Cheese<\/a>. Il combinait de mani\u00e8re impressionnante le meilleur des deux vari\u00e9t\u00e9s&nbsp;: une maturation pr\u00e9coce, croquant et sucr\u00e9 avec une longue forme trapue et une couleur jaune-vert lumineuse (m\u00fbrit en rouge).  <\/p>\n<p>Nous avons \u00e9t\u00e9 encourag\u00e9s par la constance des cultures successives du croisement&nbsp;; en 2023, les plants \u00e9taient fid\u00e8les au type \u00e0 plus de 90&nbsp;%, les plants restants produisant des poivrons doux vert fonc\u00e9 qui sont aussi bons \u00e0 manger. Nous avons donc d\u00e9cid\u00e9 de vous laisser l&rsquo;essayer dans votre jardin&nbsp;; nous pensons que vous l&rsquo;aimerez autant que nous&nbsp;! <\/p>\n<p><strong><em>Environ 20 graines par paquet standard. <\/em><\/strong><\/p>\n<p><em><strong>Environ 200 graines par paquet en vrac. <\/strong><\/em><\/p>\n","protected":false},"excerpt":{"rendered":"<p>Voici notre premier poivron doux cultiv\u00e9 \u00e0 la ferme, le poivron doux Moon Cheese, et il est extraordinaire&nbsp;! En 2018, nous avons d\u00e9couvert un croisement fortuit entre deux favoris de longue date de la ferme, le poivron doux Napol\u00e9on et le poivron Klari Baby Cheese. Il combinait de mani\u00e8re impressionnante le meilleur des deux vari\u00e9t\u00e9s&nbsp;: [&hellip;]<\/p>\n","protected":false},"featured_media":20886,"comment_status":"closed","ping_status":"closed","template":"","meta":[],"product_brand":[],"product_cat":[227,137],"product_tag":[187],"class_list":{"0":"post-20884","1":"product","2":"type-product","3":"status-publish","4":"has-post-thumbnail","6":"product_cat-poivrons-doux","7":"product_cat-graines-en-vrac","8":"product_tag-les-favoris-de-la-ferme","9":"product_shipping_class-graines","11":"first","12":"instock","13":"featured","14":"taxable","15":"shipping-taxable","16":"purchasable","17":"product-type-variable"},"_links":{"self":[{"href":"https:\/\/yonderhillfarm.ca\/fr\/wp-json\/wp\/v2\/product\/20884","targetHints":{"allow":["GET"]}}],"collection":[{"href":"https:\/\/yonderhillfarm.ca\/fr\/wp-json\/wp\/v2\/product"}],"about":[{"href":"https:\/\/yonderhillfarm.ca\/fr\/wp-json\/wp\/v2\/types\/product"}],"replies":[{"embeddable":true,"href":"https:\/\/yonderhillfarm.ca\/fr\/wp-json\/wp\/v2\/comments?post=20884"}],"wp:featuredmedia":[{"embeddable":true,"href":"https:\/\/yonderhillfarm.ca\/fr\/wp-json\/wp\/v2\/media\/20886"}],"wp:attachment":[{"href":"https:\/\/yonderhillfarm.ca\/fr\/wp-json\/wp\/v2\/media?parent=20884"}],"wp:term":[{"taxonomy":"product_brand","embeddable":true,"href":"https:\/\/yonderhillfarm.ca\/fr\/wp-json\/wp\/v2\/product_brand?post=20884"},{"taxonomy":"product_cat","embeddable":true,"href":"https:\/\/yonderhillfarm.ca\/fr\/wp-json\/wp\/v2\/product_cat?post=20884"},{"taxonomy":"product_tag","embeddable":true,"href":"https:\/\/yonderhillfarm.ca\/fr\/wp-json\/wp\/v2\/product_tag?post=20884"}],"curies":[{"name":"wp","href":"https:\/\/api.w.org\/{rel}","templated":true}]}}