{"id":20883,"date":"2025-05-05T18:46:40","date_gmt":"2025-05-05T18:46:40","guid":{"rendered":"https:\/\/yonderhillfarm.ca\/shop\/non%20class\u00e9\/beaute-blanche-du-canada\/"},"modified":"2026-01-03T12:04:54","modified_gmt":"2026-01-03T16:04:54","slug":"beaute-blanche-du-canada","status":"publish","type":"product","link":"https:\/\/yonderhillfarm.ca\/fr\/shop\/graines-legumes-cereales\/tomates\/petites-a-moyennes-tomates-a-trancher\/beaute-blanche-du-canada\/","title":{"rendered":"Tomate Beaute Blanche du Canada"},"content":{"rendered":"<p>Nous avons r\u00e9cup\u00e9r\u00e9 des graines de tomate Beaute Blanche du Canada, une vari\u00e9t\u00e9 ancienne qu\u00e9b\u00e9coise unique, \u00e0 la table Seeds of Diversity lors d&rsquo;un Seedy Saturday local &#8211; j&rsquo;\u00e9tais intrigu\u00e9 par la description d&rsquo;une tomate blanche cr\u00e9meuse \u00e0 trancher. Et elle n&rsquo;a pas d\u00e9\u00e7u&nbsp;! V\u00e9ritablement une mini-beefsteak, Beaute Blanche du Canada b\u00e9n\u00e9ficie d&rsquo;une maturation tr\u00e8s pr\u00e9coce et d&rsquo;une production prolifique &#8211; clairement adapt\u00e9e aux saisons courtes. La couleur est frappante et la saveur est douce et presque savoureuse, vous tomberez s\u00fbrement amoureux de cette tomate&nbsp;! Ind\u00e9termin\u00e9e.    <\/p>\n<p><em><strong>Environ 20 graines par sachet. <\/strong><\/em><\/p>\n","protected":false},"excerpt":{"rendered":"<p>Nous avons r\u00e9cup\u00e9r\u00e9 des graines de tomate Beaute Blanche du Canada, une vari\u00e9t\u00e9 ancienne qu\u00e9b\u00e9coise unique, \u00e0 la table Seeds of Diversity lors d&rsquo;un Seedy Saturday local &#8211; j&rsquo;\u00e9tais intrigu\u00e9 par la description d&rsquo;une tomate blanche cr\u00e9meuse \u00e0 trancher. Et elle n&rsquo;a pas d\u00e9\u00e7u&nbsp;! V\u00e9ritablement une mini-beefsteak, Beaute Blanche du Canada b\u00e9n\u00e9ficie d&rsquo;une maturation tr\u00e8s [&hellip;]<\/p>\n","protected":false},"featured_media":20885,"comment_status":"closed","ping_status":"closed","template":"","meta":[],"product_brand":[],"product_cat":[203,176],"product_tag":[187],"class_list":{"0":"post-20883","1":"product","2":"type-product","3":"status-publish","4":"has-post-thumbnail","6":"product_cat-petites-a-moyennes-tomates-a-trancher","7":"product_cat-varietes-anciennes","8":"product_tag-les-favoris-de-la-ferme","9":"product_shipping_class-graines","11":"first","12":"instock","13":"taxable","14":"shipping-taxable","15":"purchasable","16":"product-type-simple"},"_links":{"self":[{"href":"https:\/\/yonderhillfarm.ca\/fr\/wp-json\/wp\/v2\/product\/20883","targetHints":{"allow":["GET"]}}],"collection":[{"href":"https:\/\/yonderhillfarm.ca\/fr\/wp-json\/wp\/v2\/product"}],"about":[{"href":"https:\/\/yonderhillfarm.ca\/fr\/wp-json\/wp\/v2\/types\/product"}],"replies":[{"embeddable":true,"href":"https:\/\/yonderhillfarm.ca\/fr\/wp-json\/wp\/v2\/comments?post=20883"}],"wp:featuredmedia":[{"embeddable":true,"href":"https:\/\/yonderhillfarm.ca\/fr\/wp-json\/wp\/v2\/media\/20885"}],"wp:attachment":[{"href":"https:\/\/yonderhillfarm.ca\/fr\/wp-json\/wp\/v2\/media?parent=20883"}],"wp:term":[{"taxonomy":"product_brand","embeddable":true,"href":"https:\/\/yonderhillfarm.ca\/fr\/wp-json\/wp\/v2\/product_brand?post=20883"},{"taxonomy":"product_cat","embeddable":true,"href":"https:\/\/yonderhillfarm.ca\/fr\/wp-json\/wp\/v2\/product_cat?post=20883"},{"taxonomy":"product_tag","embeddable":true,"href":"https:\/\/yonderhillfarm.ca\/fr\/wp-json\/wp\/v2\/product_tag?post=20883"}],"curies":[{"name":"wp","href":"https:\/\/api.w.org\/{rel}","templated":true}]}}