{"id":20879,"date":"2025-05-05T18:46:40","date_gmt":"2025-05-05T18:46:40","guid":{"rendered":"https:\/\/yonderhillfarm.ca\/shop\/non%20class\u00e9\/mais-sucre-golden-bantam\/"},"modified":"2026-01-02T12:46:19","modified_gmt":"2026-01-02T16:46:19","slug":"mais-sucre-golden-bantam","status":"publish","type":"product","link":"https:\/\/yonderhillfarm.ca\/fr\/shop\/graines-legumes-cereales\/cereales\/mais-sucre-golden-bantam\/","title":{"rendered":"Ma\u00efs sucr\u00e9 Golden Bantam"},"content":{"rendered":"<p>Un ma\u00efs sucr\u00e9 nain savoureux, introduit au d\u00e9but des ann\u00e9es 1900. Moins sucr\u00e9 que <a href=\"https:\/\/yonderhillfarm.ca\/product\/luther-hill-dwarf-sweet-corn\/\">Luther Hill<\/a>, mais le ma\u00efs sucr\u00e9 Golden Bantam a une saveur de ma\u00efs tr\u00e8s satisfaisante et d&rsquo;antan avec une excellente texture directement sur l&rsquo;\u00e9pi. Les \u00e9pis de 10 \u00e0 15 cm de long poussent sur des plants robustes de 1,2 m de haut.  <\/p>\n<p><strong><em>Environ 40 graines par sachet. <\/em><\/strong><\/p>\n","protected":false},"excerpt":{"rendered":"<p>Un ma\u00efs sucr\u00e9 nain savoureux, introduit au d\u00e9but des ann\u00e9es 1900. Moins sucr\u00e9 que Luther Hill, mais le ma\u00efs sucr\u00e9 Golden Bantam a une saveur de ma\u00efs tr\u00e8s satisfaisante et d&rsquo;antan avec une excellente texture directement sur l&rsquo;\u00e9pi. Les \u00e9pis de 10 \u00e0 15 cm de long poussent sur des plants robustes de 1,2 m [&hellip;]<\/p>\n","protected":false},"featured_media":20880,"comment_status":"closed","ping_status":"closed","template":"","meta":[],"product_brand":[],"product_cat":[174,172,176],"product_tag":[],"class_list":{"0":"post-20879","1":"product","2":"type-product","3":"status-publish","4":"has-post-thumbnail","6":"product_cat-cereales","7":"product_cat-mais","8":"product_cat-varietes-anciennes","9":"product_shipping_class-graines","11":"first","12":"instock","13":"taxable","14":"shipping-taxable","15":"purchasable","16":"product-type-simple"},"_links":{"self":[{"href":"https:\/\/yonderhillfarm.ca\/fr\/wp-json\/wp\/v2\/product\/20879","targetHints":{"allow":["GET"]}}],"collection":[{"href":"https:\/\/yonderhillfarm.ca\/fr\/wp-json\/wp\/v2\/product"}],"about":[{"href":"https:\/\/yonderhillfarm.ca\/fr\/wp-json\/wp\/v2\/types\/product"}],"replies":[{"embeddable":true,"href":"https:\/\/yonderhillfarm.ca\/fr\/wp-json\/wp\/v2\/comments?post=20879"}],"wp:featuredmedia":[{"embeddable":true,"href":"https:\/\/yonderhillfarm.ca\/fr\/wp-json\/wp\/v2\/media\/20880"}],"wp:attachment":[{"href":"https:\/\/yonderhillfarm.ca\/fr\/wp-json\/wp\/v2\/media?parent=20879"}],"wp:term":[{"taxonomy":"product_brand","embeddable":true,"href":"https:\/\/yonderhillfarm.ca\/fr\/wp-json\/wp\/v2\/product_brand?post=20879"},{"taxonomy":"product_cat","embeddable":true,"href":"https:\/\/yonderhillfarm.ca\/fr\/wp-json\/wp\/v2\/product_cat?post=20879"},{"taxonomy":"product_tag","embeddable":true,"href":"https:\/\/yonderhillfarm.ca\/fr\/wp-json\/wp\/v2\/product_tag?post=20879"}],"curies":[{"name":"wp","href":"https:\/\/api.w.org\/{rel}","templated":true}]}}