{"id":20878,"date":"2025-05-05T18:46:40","date_gmt":"2025-05-05T21:46:40","guid":{"rendered":"https:\/\/yonderhillfarm.ca\/shop\/non%20class\u00e9\/cornouiller-a-bois-rouge\/"},"modified":"2026-03-11T18:29:54","modified_gmt":"2026-03-11T21:29:54","slug":"cornouiller-a-bois-rouge","status":"publish","type":"product","link":"https:\/\/yonderhillfarm.ca\/fr\/shop\/plantes-vivantes\/fouets-saule-boutures-de-cornouiller\/cornouiller-a-bois-rouge\/","title":{"rendered":"Lot de 10 boutures de cornouiller rouge"},"content":{"rendered":"<p>Le cornouiller rouge s&rsquo;enracine presque aussi facilement que le saule : nous plantons les boutures directement dans le sol dans les zones plus humides. L&rsquo;\u00e9corce rouge de cet arbuste indig\u00e8ne d&rsquo;Am\u00e9rique du Nord est d&rsquo;une beaut\u00e9 saisissante en toute saison, en particulier dans le paysage hivernal.  <em><strong>Lot de 10 boutures, 30 cm de long.<\/strong><\/em><\/p>\n<p><strong>Livraison\/ramassage de printemps<\/strong><strong> uniquement.<\/strong><em> Veuillez noter : l&rsquo;inventaire initial est approximatif. Si le produit est indiqu\u00e9 comme \u00e9tant \u00e9puis\u00e9, v\u00e9rifiez \u00e0 nouveau en avril pour conna\u00eetre l&rsquo;inventaire mis \u00e0 jour.<\/em><\/p>\n","protected":false},"excerpt":{"rendered":"<p>Le cornouiller rouge s&rsquo;enracine presque aussi facilement que le saule : nous plantons les boutures directement dans le sol dans les zones plus humides. L&rsquo;\u00e9corce rouge de cet arbuste indig\u00e8ne d&rsquo;Am\u00e9rique du Nord est d&rsquo;une beaut\u00e9 saisissante en toute saison, en particulier dans le paysage hivernal. Lot de 10 boutures, 30 cm de long. Livraison\/ramassage [&hellip;]<\/p>\n","protected":false},"featured_media":15767,"comment_status":"closed","ping_status":"closed","template":"","meta":[],"product_brand":[],"product_cat":[163],"product_tag":[187],"class_list":{"0":"post-20878","1":"product","2":"type-product","3":"status-publish","4":"has-post-thumbnail","6":"product_cat-fouets-saule-boutures-de-cornouiller","7":"product_tag-les-favoris-de-la-ferme","8":"product_shipping_class-plantes-vivantes","10":"first","11":"outofstock","12":"featured","13":"taxable","14":"shipping-taxable","15":"purchasable","16":"product-type-simple"},"_links":{"self":[{"href":"https:\/\/yonderhillfarm.ca\/fr\/wp-json\/wp\/v2\/product\/20878","targetHints":{"allow":["GET"]}}],"collection":[{"href":"https:\/\/yonderhillfarm.ca\/fr\/wp-json\/wp\/v2\/product"}],"about":[{"href":"https:\/\/yonderhillfarm.ca\/fr\/wp-json\/wp\/v2\/types\/product"}],"replies":[{"embeddable":true,"href":"https:\/\/yonderhillfarm.ca\/fr\/wp-json\/wp\/v2\/comments?post=20878"}],"wp:featuredmedia":[{"embeddable":true,"href":"https:\/\/yonderhillfarm.ca\/fr\/wp-json\/wp\/v2\/media\/15767"}],"wp:attachment":[{"href":"https:\/\/yonderhillfarm.ca\/fr\/wp-json\/wp\/v2\/media?parent=20878"}],"wp:term":[{"taxonomy":"product_brand","embeddable":true,"href":"https:\/\/yonderhillfarm.ca\/fr\/wp-json\/wp\/v2\/product_brand?post=20878"},{"taxonomy":"product_cat","embeddable":true,"href":"https:\/\/yonderhillfarm.ca\/fr\/wp-json\/wp\/v2\/product_cat?post=20878"},{"taxonomy":"product_tag","embeddable":true,"href":"https:\/\/yonderhillfarm.ca\/fr\/wp-json\/wp\/v2\/product_tag?post=20878"}],"curies":[{"name":"wp","href":"https:\/\/api.w.org\/{rel}","templated":true}]}}