{"id":20876,"date":"2025-05-05T18:46:40","date_gmt":"2025-05-05T21:46:40","guid":{"rendered":"https:\/\/yonderhillfarm.ca\/shop\/non%20class\u00e9\/griffes-dasperges-heritage\/"},"modified":"2026-03-20T15:07:20","modified_gmt":"2026-03-20T18:07:20","slug":"griffes-dasperges-heritage","status":"publish","type":"product","link":"https:\/\/yonderhillfarm.ca\/fr\/shop\/plantes-vivantes\/asparagus-crowns\/griffes-dasperges-heritage\/","title":{"rendered":"Griffes d&rsquo;asperges Heritage"},"content":{"rendered":"<p>Des griffes dasperges d1 an (plants \u00e0 racines nues) donnent une longueur davance \u00e0 ta planche dasperges! En dormance  \u00e0 racines nues, exp\u00e9di\u00e9es en avril et en mai. <strong><em> Vendu en bottes de 3 couronnes parce que nous ne croyons pas qu&rsquo;il faille n&rsquo;en planter qu&rsquo;une seule&nbsp;! <\/em><\/strong><em>Instructions de plantation incluses&nbsp;!<\/em><\/p>\n<p><strong>Livraison\/ramassage de printemps<\/strong><strong> uniquement.<\/strong><em> Veuillez noter : l&rsquo;inventaire initial est approximatif. Si le produit est indiqu\u00e9 comme \u00e9tant \u00e9puis\u00e9, v\u00e9rifiez \u00e0 nouveau en avril pour conna\u00eetre l&rsquo;inventaire mis \u00e0 jour.<\/em><\/p>\n","protected":false},"excerpt":{"rendered":"<p>Des griffes dasperges d1 an (plants \u00e0 racines nues) donnent une longueur davance \u00e0 ta planche dasperges! En dormance \u00e0 racines nues, exp\u00e9di\u00e9es en avril et en mai. Vendu en bottes de 3 couronnes parce que nous ne croyons pas qu&rsquo;il faille n&rsquo;en planter qu&rsquo;une seule&nbsp;! Instructions de plantation incluses&nbsp;! Livraison\/ramassage de printemps uniquement. Veuillez [&hellip;]<\/p>\n","protected":false},"featured_media":15762,"comment_status":"closed","ping_status":"closed","template":"","meta":[],"product_brand":[],"product_cat":[148,164],"product_tag":[],"class_list":{"0":"post-20876","1":"product","2":"type-product","3":"status-publish","4":"has-post-thumbnail","6":"product_cat-asparagus-crowns","7":"product_cat-nouveautes-et-reassort","8":"product_shipping_class-plantes-vivantes","10":"first","11":"instock","12":"taxable","13":"shipping-taxable","14":"purchasable","15":"product-type-simple"},"_links":{"self":[{"href":"https:\/\/yonderhillfarm.ca\/fr\/wp-json\/wp\/v2\/product\/20876","targetHints":{"allow":["GET"]}}],"collection":[{"href":"https:\/\/yonderhillfarm.ca\/fr\/wp-json\/wp\/v2\/product"}],"about":[{"href":"https:\/\/yonderhillfarm.ca\/fr\/wp-json\/wp\/v2\/types\/product"}],"replies":[{"embeddable":true,"href":"https:\/\/yonderhillfarm.ca\/fr\/wp-json\/wp\/v2\/comments?post=20876"}],"wp:featuredmedia":[{"embeddable":true,"href":"https:\/\/yonderhillfarm.ca\/fr\/wp-json\/wp\/v2\/media\/15762"}],"wp:attachment":[{"href":"https:\/\/yonderhillfarm.ca\/fr\/wp-json\/wp\/v2\/media?parent=20876"}],"wp:term":[{"taxonomy":"product_brand","embeddable":true,"href":"https:\/\/yonderhillfarm.ca\/fr\/wp-json\/wp\/v2\/product_brand?post=20876"},{"taxonomy":"product_cat","embeddable":true,"href":"https:\/\/yonderhillfarm.ca\/fr\/wp-json\/wp\/v2\/product_cat?post=20876"},{"taxonomy":"product_tag","embeddable":true,"href":"https:\/\/yonderhillfarm.ca\/fr\/wp-json\/wp\/v2\/product_tag?post=20876"}],"curies":[{"name":"wp","href":"https:\/\/api.w.org\/{rel}","templated":true}]}}