{"id":20874,"date":"2025-05-05T18:46:40","date_gmt":"2025-05-05T18:46:40","guid":{"rendered":"https:\/\/yonderhillfarm.ca\/shop\/non%20class\u00e9\/ail-densemencement-a-col-souple-afghan-white\/"},"modified":"2026-01-02T11:24:46","modified_gmt":"2026-01-02T15:24:46","slug":"ail-densemencement-a-col-souple-afghan-white","status":"publish","type":"product","link":"https:\/\/yonderhillfarm.ca\/fr\/shop\/plantes-vivantes\/ail-a-semer\/ail-densemencement-a-col-souple-afghan-white\/","title":{"rendered":"Semence d&rsquo;ail \u00e0 cou souple Afghan White"},"content":{"rendered":"<p>Une vari\u00e9t\u00e9 \u00e0 col souple petite et magnifique. Les t\u00eates sont petites, avec 5 \u00e0 10 gousses plus petites par t\u00eate. L&rsquo;ail Afghan White produit des hampes florales de mi-saison, contrairement \u00e0 notre autre vari\u00e9t\u00e9 \u00e0 col souple, <a href=\"https:\/\/yonderhillfarm.ca\/product\/harmony-softneck-seed-garlic\/\">Harmony<\/a>. C&rsquo;est notre vari\u00e9t\u00e9 la plus petite et la plus pr\u00e9coce \u00e0 r\u00e9colter, avec un papier blanc lumineux qui permet de r\u00e9aliser de superbes tresses d&rsquo;ail et se conserve tr\u00e8s bien pendant l&rsquo;hiver. Saveur piquante.     <strong>Prix par t\u00eate.<\/strong><\/p>\n<p><strong>Livraison\/ramassage d&rsquo;automne uniquement<\/strong><\/p>\n","protected":false},"excerpt":{"rendered":"<p>Une vari\u00e9t\u00e9 \u00e0 col souple petite et magnifique. Les t\u00eates sont petites, avec 5 \u00e0 10 gousses plus petites par t\u00eate. L&rsquo;ail Afghan White produit des hampes florales de mi-saison, contrairement \u00e0 notre autre vari\u00e9t\u00e9 \u00e0 col souple, Harmony. C&rsquo;est notre vari\u00e9t\u00e9 la plus petite et la plus pr\u00e9coce \u00e0 r\u00e9colter, avec un papier blanc [&hellip;]<\/p>\n","protected":false},"featured_media":20875,"comment_status":"closed","ping_status":"closed","template":"","meta":[],"product_brand":[],"product_cat":[149],"product_tag":[],"class_list":{"0":"post-20874","1":"product","2":"type-product","3":"status-publish","4":"has-post-thumbnail","6":"product_cat-ail-a-semer","7":"product_shipping_class-plantes-vivantes","9":"first","10":"outofstock","11":"taxable","12":"shipping-taxable","13":"purchasable","14":"product-type-simple"},"_links":{"self":[{"href":"https:\/\/yonderhillfarm.ca\/fr\/wp-json\/wp\/v2\/product\/20874","targetHints":{"allow":["GET"]}}],"collection":[{"href":"https:\/\/yonderhillfarm.ca\/fr\/wp-json\/wp\/v2\/product"}],"about":[{"href":"https:\/\/yonderhillfarm.ca\/fr\/wp-json\/wp\/v2\/types\/product"}],"replies":[{"embeddable":true,"href":"https:\/\/yonderhillfarm.ca\/fr\/wp-json\/wp\/v2\/comments?post=20874"}],"wp:featuredmedia":[{"embeddable":true,"href":"https:\/\/yonderhillfarm.ca\/fr\/wp-json\/wp\/v2\/media\/20875"}],"wp:attachment":[{"href":"https:\/\/yonderhillfarm.ca\/fr\/wp-json\/wp\/v2\/media?parent=20874"}],"wp:term":[{"taxonomy":"product_brand","embeddable":true,"href":"https:\/\/yonderhillfarm.ca\/fr\/wp-json\/wp\/v2\/product_brand?post=20874"},{"taxonomy":"product_cat","embeddable":true,"href":"https:\/\/yonderhillfarm.ca\/fr\/wp-json\/wp\/v2\/product_cat?post=20874"},{"taxonomy":"product_tag","embeddable":true,"href":"https:\/\/yonderhillfarm.ca\/fr\/wp-json\/wp\/v2\/product_tag?post=20874"}],"curies":[{"name":"wp","href":"https:\/\/api.w.org\/{rel}","templated":true}]}}