{"id":20872,"date":"2025-05-05T18:47:22","date_gmt":"2025-05-05T18:47:22","guid":{"rendered":"https:\/\/yonderhillfarm.ca\/shop\/non%20class\u00e9\/melon-oka\/"},"modified":"2026-01-02T16:00:34","modified_gmt":"2026-01-02T20:00:34","slug":"melon-oka","status":"publish","type":"product","link":"https:\/\/yonderhillfarm.ca\/fr\/shop\/graines-legumes-cereales\/melons-et-pasteques\/melon-oka\/","title":{"rendered":"Melon Oka"},"content":{"rendered":"<p>Le melon Oka est un charmant melon \u00e0 chair orange avec une \u00e9corce verte. Cultiv\u00e9 au Qu\u00e9bec il y a plus de 100 ans dans un monast\u00e8re trappiste, il est bien adapt\u00e9 aux jardins nordiques\/\u00e0 saison courte. Sucr\u00e9 et juteux&nbsp;!  <\/p>\n<p><strong><em>Environ 20 graines par sachet. <\/em><\/strong><\/p>\n","protected":false},"excerpt":{"rendered":"<p>Le melon Oka est un charmant melon \u00e0 chair orange avec une \u00e9corce verte. Cultiv\u00e9 au Qu\u00e9bec il y a plus de 100 ans dans un monast\u00e8re trappiste, il est bien adapt\u00e9 aux jardins nordiques\/\u00e0 saison courte. Sucr\u00e9 et juteux&nbsp;! Environ 20 graines par sachet.<\/p>\n","protected":false},"featured_media":20873,"comment_status":"closed","ping_status":"closed","template":"","meta":[],"product_brand":[],"product_cat":[177,176],"product_tag":[],"class_list":{"0":"post-20872","1":"product","2":"type-product","3":"status-publish","4":"has-post-thumbnail","6":"product_cat-melons-et-pasteques","7":"product_cat-varietes-anciennes","8":"product_shipping_class-graines","10":"first","11":"instock","12":"taxable","13":"shipping-taxable","14":"purchasable","15":"product-type-simple"},"_links":{"self":[{"href":"https:\/\/yonderhillfarm.ca\/fr\/wp-json\/wp\/v2\/product\/20872","targetHints":{"allow":["GET"]}}],"collection":[{"href":"https:\/\/yonderhillfarm.ca\/fr\/wp-json\/wp\/v2\/product"}],"about":[{"href":"https:\/\/yonderhillfarm.ca\/fr\/wp-json\/wp\/v2\/types\/product"}],"replies":[{"embeddable":true,"href":"https:\/\/yonderhillfarm.ca\/fr\/wp-json\/wp\/v2\/comments?post=20872"}],"wp:featuredmedia":[{"embeddable":true,"href":"https:\/\/yonderhillfarm.ca\/fr\/wp-json\/wp\/v2\/media\/20873"}],"wp:attachment":[{"href":"https:\/\/yonderhillfarm.ca\/fr\/wp-json\/wp\/v2\/media?parent=20872"}],"wp:term":[{"taxonomy":"product_brand","embeddable":true,"href":"https:\/\/yonderhillfarm.ca\/fr\/wp-json\/wp\/v2\/product_brand?post=20872"},{"taxonomy":"product_cat","embeddable":true,"href":"https:\/\/yonderhillfarm.ca\/fr\/wp-json\/wp\/v2\/product_cat?post=20872"},{"taxonomy":"product_tag","embeddable":true,"href":"https:\/\/yonderhillfarm.ca\/fr\/wp-json\/wp\/v2\/product_tag?post=20872"}],"curies":[{"name":"wp","href":"https:\/\/api.w.org\/{rel}","templated":true}]}}