{"id":20841,"date":"2025-05-05T18:32:31","date_gmt":"2025-05-05T18:32:31","guid":{"rendered":"https:\/\/yonderhillfarm.ca\/shop\/non%20class\u00e9\/zinnia-jazzy-mix\/"},"modified":"2026-02-11T11:06:08","modified_gmt":"2026-02-11T15:06:08","slug":"zinnia-jazzy-mix","status":"publish","type":"product","link":"https:\/\/yonderhillfarm.ca\/fr\/shop\/graines-dherbes-et-de-fleurs\/fleurs-annuelles\/zinnia-jazzy-mix\/","title":{"rendered":"Zinnia Jazzy Mix"},"content":{"rendered":"<p><em>(Zinnia haageana) <\/em>Le zinnia m\u00e9lange jazzy est une esp\u00e8ce mexicaine de zinnia plus petite, avec un m\u00e9lange de fleurs semi-doubles roses, orange, rouges et jaunes. Les fleurs de 5 cm de large ajoutent du piquant aux bouquets d&rsquo;\u00e9t\u00e9, tandis que les plantes elles-m\u00eames cr\u00e9ent une haie dense de couleur de 60 cm de haut.  <strong><em> <\/em><\/strong><em>Remarque&nbsp;: ces graines sont peut-\u00eatre les plus difficiles \u00e0 nettoyer. Attendez-vous \u00e0 de la paille dans le sachet avec les graines.<\/em><\/p>\n<p><em><strong>A<\/strong><\/em><strong><em>pprox. 30 graines par sachet.<\/em><\/strong><\/p>\n","protected":false},"excerpt":{"rendered":"<p>(Zinnia haageana) Le zinnia m\u00e9lange jazzy est une esp\u00e8ce mexicaine de zinnia plus petite, avec un m\u00e9lange de fleurs semi-doubles roses, orange, rouges et jaunes. Les fleurs de 5 cm de large ajoutent du piquant aux bouquets d&rsquo;\u00e9t\u00e9, tandis que les plantes elles-m\u00eames cr\u00e9ent une haie dense de couleur de 60 cm de haut. Remarque&nbsp;: [&hellip;]<\/p>\n","protected":false},"featured_media":20843,"comment_status":"closed","ping_status":"closed","template":"","meta":[],"product_brand":[],"product_cat":[143],"product_tag":[],"class_list":{"0":"post-20841","1":"product","2":"type-product","3":"status-publish","4":"has-post-thumbnail","6":"product_cat-fleurs-annuelles","7":"product_shipping_class-graines","9":"first","10":"outofstock","11":"taxable","12":"shipping-taxable","13":"purchasable","14":"product-type-simple"},"_links":{"self":[{"href":"https:\/\/yonderhillfarm.ca\/fr\/wp-json\/wp\/v2\/product\/20841","targetHints":{"allow":["GET"]}}],"collection":[{"href":"https:\/\/yonderhillfarm.ca\/fr\/wp-json\/wp\/v2\/product"}],"about":[{"href":"https:\/\/yonderhillfarm.ca\/fr\/wp-json\/wp\/v2\/types\/product"}],"replies":[{"embeddable":true,"href":"https:\/\/yonderhillfarm.ca\/fr\/wp-json\/wp\/v2\/comments?post=20841"}],"wp:featuredmedia":[{"embeddable":true,"href":"https:\/\/yonderhillfarm.ca\/fr\/wp-json\/wp\/v2\/media\/20843"}],"wp:attachment":[{"href":"https:\/\/yonderhillfarm.ca\/fr\/wp-json\/wp\/v2\/media?parent=20841"}],"wp:term":[{"taxonomy":"product_brand","embeddable":true,"href":"https:\/\/yonderhillfarm.ca\/fr\/wp-json\/wp\/v2\/product_brand?post=20841"},{"taxonomy":"product_cat","embeddable":true,"href":"https:\/\/yonderhillfarm.ca\/fr\/wp-json\/wp\/v2\/product_cat?post=20841"},{"taxonomy":"product_tag","embeddable":true,"href":"https:\/\/yonderhillfarm.ca\/fr\/wp-json\/wp\/v2\/product_tag?post=20841"}],"curies":[{"name":"wp","href":"https:\/\/api.w.org\/{rel}","templated":true}]}}