{"id":20838,"date":"2025-05-05T18:32:31","date_gmt":"2025-05-05T18:32:31","guid":{"rendered":"https:\/\/yonderhillfarm.ca\/shop\/non%20class\u00e9\/cosmos-cranberry-double-click\/"},"modified":"2026-01-03T13:30:18","modified_gmt":"2026-01-03T17:30:18","slug":"cosmos-cranberry-double-click","status":"publish","type":"product","link":"https:\/\/yonderhillfarm.ca\/fr\/shop\/graines-dherbes-et-de-fleurs\/fleurs-annuelles\/cosmos-cranberry-double-click\/","title":{"rendered":"Cosmos Cranberry Double Click"},"content":{"rendered":"<p><em>(Cosmos bipinnatus)<\/em> Pour ceux qui recherchent un cosmos marron fonc\u00e9 (comme nous !). Nous adorons la couleur riche et le style flamboyant du cosmos &lsquo;Cranberry Double Click&rsquo; &#8211; produit un m\u00e9lange de fleurs \u00e0 p\u00e9tales simples et doubles. Un producteur fiable sur lequel vous pouvez compter pour les fleurs coup\u00e9es et une haute haie de vert foug\u00e8re, de fleurs de couleur canneberge et d&rsquo;aper\u00e7us de centres jaunes qui attirent les pollinisateurs.  <\/p>\n<p><strong><em>Environ 30 graines par paquet. <\/em><\/strong><\/p>\n","protected":false},"excerpt":{"rendered":"<p>(Cosmos bipinnatus) Pour ceux qui recherchent un cosmos marron fonc\u00e9 (comme nous !). Nous adorons la couleur riche et le style flamboyant du cosmos &lsquo;Cranberry Double Click&rsquo; &#8211; produit un m\u00e9lange de fleurs \u00e0 p\u00e9tales simples et doubles. Un producteur fiable sur lequel vous pouvez compter pour les fleurs coup\u00e9es et une haute haie de [&hellip;]<\/p>\n","protected":false},"featured_media":15645,"comment_status":"closed","ping_status":"closed","template":"","meta":[],"product_brand":[],"product_cat":[143],"product_tag":[],"class_list":{"0":"post-20838","1":"product","2":"type-product","3":"status-publish","4":"has-post-thumbnail","6":"product_cat-fleurs-annuelles","7":"product_shipping_class-graines","9":"first","10":"instock","11":"taxable","12":"shipping-taxable","13":"purchasable","14":"product-type-simple"},"_links":{"self":[{"href":"https:\/\/yonderhillfarm.ca\/fr\/wp-json\/wp\/v2\/product\/20838","targetHints":{"allow":["GET"]}}],"collection":[{"href":"https:\/\/yonderhillfarm.ca\/fr\/wp-json\/wp\/v2\/product"}],"about":[{"href":"https:\/\/yonderhillfarm.ca\/fr\/wp-json\/wp\/v2\/types\/product"}],"replies":[{"embeddable":true,"href":"https:\/\/yonderhillfarm.ca\/fr\/wp-json\/wp\/v2\/comments?post=20838"}],"wp:featuredmedia":[{"embeddable":true,"href":"https:\/\/yonderhillfarm.ca\/fr\/wp-json\/wp\/v2\/media\/15645"}],"wp:attachment":[{"href":"https:\/\/yonderhillfarm.ca\/fr\/wp-json\/wp\/v2\/media?parent=20838"}],"wp:term":[{"taxonomy":"product_brand","embeddable":true,"href":"https:\/\/yonderhillfarm.ca\/fr\/wp-json\/wp\/v2\/product_brand?post=20838"},{"taxonomy":"product_cat","embeddable":true,"href":"https:\/\/yonderhillfarm.ca\/fr\/wp-json\/wp\/v2\/product_cat?post=20838"},{"taxonomy":"product_tag","embeddable":true,"href":"https:\/\/yonderhillfarm.ca\/fr\/wp-json\/wp\/v2\/product_tag?post=20838"}],"curies":[{"name":"wp","href":"https:\/\/api.w.org\/{rel}","templated":true}]}}