{"id":20833,"date":"2025-05-05T18:32:29","date_gmt":"2025-05-05T18:32:29","guid":{"rendered":"https:\/\/yonderhillfarm.ca\/shop\/non%20class\u00e9\/haricot-mange-tout-goldmarie\/"},"modified":"2026-01-01T10:35:05","modified_gmt":"2026-01-01T14:35:05","slug":"haricot-mange-tout-goldmarie","status":"publish","type":"product","link":"https:\/\/yonderhillfarm.ca\/fr\/shop\/graines-legumes-cereales\/haricots-et-soja\/haricots-a-rames\/haricot-mange-tout-goldmarie\/","title":{"rendered":"Haricot mange-tout Goldmarie"},"content":{"rendered":"<p>(Haricot \u00e0 rame) Type Romano. Longues gousses plates jaune dor\u00e9, tendres et sucr\u00e9es m\u00eame un peu trop m\u00fbres. Les vignes prolifiques poussent facilement sur des tipis, des treillis ou d&rsquo;autres cultures comme le ma\u00efs, les tournesols ou l&rsquo;amarante.   <\/p>\n<p><strong><em>Environ 20 graines par sachet. <\/em><\/strong><\/p>\n","protected":false},"excerpt":{"rendered":"<p>(Haricot \u00e0 rame) Type Romano. Longues gousses plates jaune dor\u00e9, tendres et sucr\u00e9es m\u00eame un peu trop m\u00fbres. Les vignes prolifiques poussent facilement sur des tipis, des treillis ou d&rsquo;autres cultures comme le ma\u00efs, les tournesols ou l&rsquo;amarante. Environ 20 graines par sachet.<\/p>\n","protected":false},"featured_media":20837,"comment_status":"closed","ping_status":"closed","template":"","meta":[],"product_brand":[],"product_cat":[168,169,164,176],"product_tag":[],"class_list":{"0":"post-20833","1":"product","2":"type-product","3":"status-publish","4":"has-post-thumbnail","6":"product_cat-haricots-a-rames","7":"product_cat-haricots-verts","8":"product_cat-nouveautes-et-reassort","9":"product_cat-varietes-anciennes","10":"product_shipping_class-graines","12":"first","13":"instock","14":"taxable","15":"shipping-taxable","16":"purchasable","17":"product-type-simple"},"_links":{"self":[{"href":"https:\/\/yonderhillfarm.ca\/fr\/wp-json\/wp\/v2\/product\/20833","targetHints":{"allow":["GET"]}}],"collection":[{"href":"https:\/\/yonderhillfarm.ca\/fr\/wp-json\/wp\/v2\/product"}],"about":[{"href":"https:\/\/yonderhillfarm.ca\/fr\/wp-json\/wp\/v2\/types\/product"}],"replies":[{"embeddable":true,"href":"https:\/\/yonderhillfarm.ca\/fr\/wp-json\/wp\/v2\/comments?post=20833"}],"wp:featuredmedia":[{"embeddable":true,"href":"https:\/\/yonderhillfarm.ca\/fr\/wp-json\/wp\/v2\/media\/20837"}],"wp:attachment":[{"href":"https:\/\/yonderhillfarm.ca\/fr\/wp-json\/wp\/v2\/media?parent=20833"}],"wp:term":[{"taxonomy":"product_brand","embeddable":true,"href":"https:\/\/yonderhillfarm.ca\/fr\/wp-json\/wp\/v2\/product_brand?post=20833"},{"taxonomy":"product_cat","embeddable":true,"href":"https:\/\/yonderhillfarm.ca\/fr\/wp-json\/wp\/v2\/product_cat?post=20833"},{"taxonomy":"product_tag","embeddable":true,"href":"https:\/\/yonderhillfarm.ca\/fr\/wp-json\/wp\/v2\/product_tag?post=20833"}],"curies":[{"name":"wp","href":"https:\/\/api.w.org\/{rel}","templated":true}]}}