{"id":20827,"date":"2025-05-05T18:32:31","date_gmt":"2025-05-05T18:32:31","guid":{"rendered":"https:\/\/yonderhillfarm.ca\/shop\/non%20class\u00e9\/calendula-orange\/"},"modified":"2026-01-03T13:30:53","modified_gmt":"2026-01-03T17:30:53","slug":"calendula-orange","status":"publish","type":"product","link":"https:\/\/yonderhillfarm.ca\/fr\/shop\/graines-dherbes-et-de-fleurs\/fleurs-annuelles\/calendula-orange\/","title":{"rendered":"Calendula Orange"},"content":{"rendered":"<p><em>(Calendula officinalis)<\/em> Le calendula orange est notre vari\u00e9t\u00e9 de calendula pr\u00e9f\u00e9r\u00e9e de tous les temps, pour la beaut\u00e9 et la m\u00e9decine. Chris a d\u00e9couvert cette vari\u00e9t\u00e9 pour la premi\u00e8re fois lorsqu&rsquo;elle travaillait chez Avena Botanicals en 2006, o\u00f9 cette vari\u00e9t\u00e9 continue d&rsquo;\u00eatre la pr\u00e9f\u00e9r\u00e9e pour la culture \u00e0 des fins m\u00e9dicinales. Il contient beaucoup de r\u00e9sine collante et produit une huile infus\u00e9e d&rsquo;un orange vif. Toutes les fleurs sont d&rsquo;un orange \u00e9clatant, certaines avec des p\u00e9tales doubles.   <\/p>\n<p><strong><em>Environ 30 graines par paquet. <\/em><\/strong><\/p>\n","protected":false},"excerpt":{"rendered":"<p>(Calendula officinalis) Le calendula orange est notre vari\u00e9t\u00e9 de calendula pr\u00e9f\u00e9r\u00e9e de tous les temps, pour la beaut\u00e9 et la m\u00e9decine. Chris a d\u00e9couvert cette vari\u00e9t\u00e9 pour la premi\u00e8re fois lorsqu&rsquo;elle travaillait chez Avena Botanicals en 2006, o\u00f9 cette vari\u00e9t\u00e9 continue d&rsquo;\u00eatre la pr\u00e9f\u00e9r\u00e9e pour la culture \u00e0 des fins m\u00e9dicinales. Il contient beaucoup de [&hellip;]<\/p>\n","protected":false},"featured_media":20828,"comment_status":"closed","ping_status":"closed","template":"","meta":[],"product_brand":[],"product_cat":[143,146],"product_tag":[187],"class_list":{"0":"post-20827","1":"product","2":"type-product","3":"status-publish","4":"has-post-thumbnail","6":"product_cat-fleurs-annuelles","7":"product_cat-herbes-medicinales","8":"product_tag-les-favoris-de-la-ferme","9":"product_shipping_class-graines","11":"first","12":"instock","13":"featured","14":"taxable","15":"shipping-taxable","16":"purchasable","17":"product-type-simple"},"_links":{"self":[{"href":"https:\/\/yonderhillfarm.ca\/fr\/wp-json\/wp\/v2\/product\/20827","targetHints":{"allow":["GET"]}}],"collection":[{"href":"https:\/\/yonderhillfarm.ca\/fr\/wp-json\/wp\/v2\/product"}],"about":[{"href":"https:\/\/yonderhillfarm.ca\/fr\/wp-json\/wp\/v2\/types\/product"}],"replies":[{"embeddable":true,"href":"https:\/\/yonderhillfarm.ca\/fr\/wp-json\/wp\/v2\/comments?post=20827"}],"wp:featuredmedia":[{"embeddable":true,"href":"https:\/\/yonderhillfarm.ca\/fr\/wp-json\/wp\/v2\/media\/20828"}],"wp:attachment":[{"href":"https:\/\/yonderhillfarm.ca\/fr\/wp-json\/wp\/v2\/media?parent=20827"}],"wp:term":[{"taxonomy":"product_brand","embeddable":true,"href":"https:\/\/yonderhillfarm.ca\/fr\/wp-json\/wp\/v2\/product_brand?post=20827"},{"taxonomy":"product_cat","embeddable":true,"href":"https:\/\/yonderhillfarm.ca\/fr\/wp-json\/wp\/v2\/product_cat?post=20827"},{"taxonomy":"product_tag","embeddable":true,"href":"https:\/\/yonderhillfarm.ca\/fr\/wp-json\/wp\/v2\/product_tag?post=20827"}],"curies":[{"name":"wp","href":"https:\/\/api.w.org\/{rel}","templated":true}]}}