{"id":20814,"date":"2025-05-05T18:32:31","date_gmt":"2025-05-05T18:32:31","guid":{"rendered":"https:\/\/yonderhillfarm.ca\/shop\/non%20class\u00e9\/mauve-sylvestre\/"},"modified":"2026-01-03T13:31:55","modified_gmt":"2026-01-03T17:31:55","slug":"mauve-sylvestre","status":"publish","type":"product","link":"https:\/\/yonderhillfarm.ca\/fr\/shop\/graines-dherbes-et-de-fleurs\/fleurs-annuelles\/mauve-sylvestre\/","title":{"rendered":"Mauve sylvestre"},"content":{"rendered":"<p><em>(Malva sylvestris)<\/em> Une magnifique plante annuelle apparent\u00e9e aux roses tr\u00e9mi\u00e8res qui fleurit jusqu&rsquo;\u00e0 un fort gel. Les plants de mauve fran\u00e7aise atteignent 90 \u00e0 120 cm de haut avec une tige centrale. De nombreuses fleurs blanches teint\u00e9es de rose de 2,5 cm se regroupent le long de la tige. Attire les pollinisateurs dans le champ et ajoute de la hauteur et de la couleur aux arrangements floraux. Cr\u00e9e une bordure magnifique lorsqu&rsquo;elle est plant\u00e9e en rang\u00e9e. (Certaines graines sont encore attach\u00e9es en \u00ab&nbsp;roue&nbsp;\u00bb, il suffit de les s\u00e9parer lors de la plantation)    <\/p>\n<p><strong><em>Environ 80 graines par sachet. <\/em><\/strong><\/p>\n","protected":false},"excerpt":{"rendered":"<p>(Malva sylvestris) Une magnifique plante annuelle apparent\u00e9e aux roses tr\u00e9mi\u00e8res qui fleurit jusqu&rsquo;\u00e0 un fort gel. Les plants de mauve fran\u00e7aise atteignent 90 \u00e0 120 cm de haut avec une tige centrale. De nombreuses fleurs blanches teint\u00e9es de rose de 2,5 cm se regroupent le long de la tige. Attire les pollinisateurs dans le champ [&hellip;]<\/p>\n","protected":false},"featured_media":20816,"comment_status":"closed","ping_status":"closed","template":"","meta":[],"product_brand":[],"product_cat":[143,176],"product_tag":[],"class_list":{"0":"post-20814","1":"product","2":"type-product","3":"status-publish","4":"has-post-thumbnail","6":"product_cat-fleurs-annuelles","7":"product_cat-varietes-anciennes","8":"product_shipping_class-graines","10":"first","11":"instock","12":"taxable","13":"shipping-taxable","14":"purchasable","15":"product-type-simple"},"_links":{"self":[{"href":"https:\/\/yonderhillfarm.ca\/fr\/wp-json\/wp\/v2\/product\/20814","targetHints":{"allow":["GET"]}}],"collection":[{"href":"https:\/\/yonderhillfarm.ca\/fr\/wp-json\/wp\/v2\/product"}],"about":[{"href":"https:\/\/yonderhillfarm.ca\/fr\/wp-json\/wp\/v2\/types\/product"}],"replies":[{"embeddable":true,"href":"https:\/\/yonderhillfarm.ca\/fr\/wp-json\/wp\/v2\/comments?post=20814"}],"wp:featuredmedia":[{"embeddable":true,"href":"https:\/\/yonderhillfarm.ca\/fr\/wp-json\/wp\/v2\/media\/20816"}],"wp:attachment":[{"href":"https:\/\/yonderhillfarm.ca\/fr\/wp-json\/wp\/v2\/media?parent=20814"}],"wp:term":[{"taxonomy":"product_brand","embeddable":true,"href":"https:\/\/yonderhillfarm.ca\/fr\/wp-json\/wp\/v2\/product_brand?post=20814"},{"taxonomy":"product_cat","embeddable":true,"href":"https:\/\/yonderhillfarm.ca\/fr\/wp-json\/wp\/v2\/product_cat?post=20814"},{"taxonomy":"product_tag","embeddable":true,"href":"https:\/\/yonderhillfarm.ca\/fr\/wp-json\/wp\/v2\/product_tag?post=20814"}],"curies":[{"name":"wp","href":"https:\/\/api.w.org\/{rel}","templated":true}]}}