{"id":20809,"date":"2025-05-05T18:32:31","date_gmt":"2025-05-05T18:32:31","guid":{"rendered":"https:\/\/yonderhillfarm.ca\/shop\/non%20class\u00e9\/spilanthes\/"},"modified":"2026-01-03T13:33:01","modified_gmt":"2026-01-03T17:33:01","slug":"spilanthes","status":"publish","type":"product","link":"https:\/\/yonderhillfarm.ca\/fr\/shop\/graines-dherbes-et-de-fleurs\/fleurs-annuelles\/spilanthes\/","title":{"rendered":"Spilanthes"},"content":{"rendered":"<p><em>(Spilanthes oleracea)<\/em> Aussi connue sous le nom de plante anti-mal de dents en raison de sa nature picotante\/anesth\u00e9siante. Le spilanthes est antibact\u00e9rien et un compagnon symbiotique de l&rsquo;\u00e9chinac\u00e9e dans les formules \u00e0 base de plantes. Petites plantes annuelles (15 cm de haut) avec de petites fleurs uniques en forme de boule.  <\/p>\n<p><strong><em>Environ 100 graines par sachet. <\/em><\/strong><\/p>\n","protected":false},"excerpt":{"rendered":"<p>(Spilanthes oleracea) Aussi connue sous le nom de plante anti-mal de dents en raison de sa nature picotante\/anesth\u00e9siante. Le spilanthes est antibact\u00e9rien et un compagnon symbiotique de l&rsquo;\u00e9chinac\u00e9e dans les formules \u00e0 base de plantes. Petites plantes annuelles (15 cm de haut) avec de petites fleurs uniques en forme de boule. Environ 100 graines par [&hellip;]<\/p>\n","protected":false},"featured_media":20811,"comment_status":"closed","ping_status":"closed","template":"","meta":[],"product_brand":[],"product_cat":[143,146],"product_tag":[],"class_list":{"0":"post-20809","1":"product","2":"type-product","3":"status-publish","4":"has-post-thumbnail","6":"product_cat-fleurs-annuelles","7":"product_cat-herbes-medicinales","8":"product_shipping_class-graines","10":"first","11":"instock","12":"taxable","13":"shipping-taxable","14":"purchasable","15":"product-type-simple"},"_links":{"self":[{"href":"https:\/\/yonderhillfarm.ca\/fr\/wp-json\/wp\/v2\/product\/20809","targetHints":{"allow":["GET"]}}],"collection":[{"href":"https:\/\/yonderhillfarm.ca\/fr\/wp-json\/wp\/v2\/product"}],"about":[{"href":"https:\/\/yonderhillfarm.ca\/fr\/wp-json\/wp\/v2\/types\/product"}],"replies":[{"embeddable":true,"href":"https:\/\/yonderhillfarm.ca\/fr\/wp-json\/wp\/v2\/comments?post=20809"}],"wp:featuredmedia":[{"embeddable":true,"href":"https:\/\/yonderhillfarm.ca\/fr\/wp-json\/wp\/v2\/media\/20811"}],"wp:attachment":[{"href":"https:\/\/yonderhillfarm.ca\/fr\/wp-json\/wp\/v2\/media?parent=20809"}],"wp:term":[{"taxonomy":"product_brand","embeddable":true,"href":"https:\/\/yonderhillfarm.ca\/fr\/wp-json\/wp\/v2\/product_brand?post=20809"},{"taxonomy":"product_cat","embeddable":true,"href":"https:\/\/yonderhillfarm.ca\/fr\/wp-json\/wp\/v2\/product_cat?post=20809"},{"taxonomy":"product_tag","embeddable":true,"href":"https:\/\/yonderhillfarm.ca\/fr\/wp-json\/wp\/v2\/product_tag?post=20809"}],"curies":[{"name":"wp","href":"https:\/\/api.w.org\/{rel}","templated":true}]}}