{"id":20808,"date":"2025-05-05T18:32:32","date_gmt":"2025-05-05T18:32:32","guid":{"rendered":"https:\/\/yonderhillfarm.ca\/shop\/non%20class\u00e9\/chicoree-sauvage\/"},"modified":"2026-01-03T13:22:55","modified_gmt":"2026-01-03T17:22:55","slug":"chicoree-sauvage","status":"publish","type":"product","link":"https:\/\/yonderhillfarm.ca\/fr\/shop\/graines-dherbes-et-de-fleurs\/fleurs-bisannuelles-et-vivaces\/chicoree-sauvage\/","title":{"rendered":"Chicor\u00e9e sauvage"},"content":{"rendered":"<p><em>(Cichorium intybus)<\/em> La chicor\u00e9e sauvage en Am\u00e9rique du Nord est une forme naturalis\u00e9e de chicor\u00e9e cultiv\u00e9e, \u00e9troitement apparent\u00e9e \u00e0 l&rsquo;endive et au radicchio. Ce sont de magnifiques fleurs sauvages \u00e0 ajouter \u00e0 votre paysage, et les jeunes pousses du d\u00e9but du printemps valent la peine d&rsquo;\u00eatre m\u00e9lang\u00e9es \u00e0 des salades comme tonique. Bisannuelle.  <\/p>\n<p><strong><em>Environ 50 graines par sachet. <\/em><\/strong><\/p>\n","protected":false},"excerpt":{"rendered":"<p>(Cichorium intybus) La chicor\u00e9e sauvage en Am\u00e9rique du Nord est une forme naturalis\u00e9e de chicor\u00e9e cultiv\u00e9e, \u00e9troitement apparent\u00e9e \u00e0 l&rsquo;endive et au radicchio. Ce sont de magnifiques fleurs sauvages \u00e0 ajouter \u00e0 votre paysage, et les jeunes pousses du d\u00e9but du printemps valent la peine d&rsquo;\u00eatre m\u00e9lang\u00e9es \u00e0 des salades comme tonique. Bisannuelle. Environ 50 [&hellip;]<\/p>\n","protected":false},"featured_media":15759,"comment_status":"closed","ping_status":"closed","template":"","meta":[],"product_brand":[],"product_cat":[144,146],"product_tag":[],"class_list":{"0":"post-20808","1":"product","2":"type-product","3":"status-publish","4":"has-post-thumbnail","6":"product_cat-fleurs-bisannuelles-et-vivaces","7":"product_cat-herbes-medicinales","8":"product_shipping_class-graines","10":"first","11":"instock","12":"taxable","13":"shipping-taxable","14":"purchasable","15":"product-type-simple"},"_links":{"self":[{"href":"https:\/\/yonderhillfarm.ca\/fr\/wp-json\/wp\/v2\/product\/20808","targetHints":{"allow":["GET"]}}],"collection":[{"href":"https:\/\/yonderhillfarm.ca\/fr\/wp-json\/wp\/v2\/product"}],"about":[{"href":"https:\/\/yonderhillfarm.ca\/fr\/wp-json\/wp\/v2\/types\/product"}],"replies":[{"embeddable":true,"href":"https:\/\/yonderhillfarm.ca\/fr\/wp-json\/wp\/v2\/comments?post=20808"}],"wp:featuredmedia":[{"embeddable":true,"href":"https:\/\/yonderhillfarm.ca\/fr\/wp-json\/wp\/v2\/media\/15759"}],"wp:attachment":[{"href":"https:\/\/yonderhillfarm.ca\/fr\/wp-json\/wp\/v2\/media?parent=20808"}],"wp:term":[{"taxonomy":"product_brand","embeddable":true,"href":"https:\/\/yonderhillfarm.ca\/fr\/wp-json\/wp\/v2\/product_brand?post=20808"},{"taxonomy":"product_cat","embeddable":true,"href":"https:\/\/yonderhillfarm.ca\/fr\/wp-json\/wp\/v2\/product_cat?post=20808"},{"taxonomy":"product_tag","embeddable":true,"href":"https:\/\/yonderhillfarm.ca\/fr\/wp-json\/wp\/v2\/product_tag?post=20808"}],"curies":[{"name":"wp","href":"https:\/\/api.w.org\/{rel}","templated":true}]}}