{"id":20800,"date":"2025-05-05T18:32:32","date_gmt":"2025-05-05T18:32:32","guid":{"rendered":"https:\/\/yonderhillfarm.ca\/shop\/non class\u00e9\/laitue-rouge-salad-bowl\/"},"modified":"2025-05-05T18:32:32","modified_gmt":"2025-05-05T21:32:32","slug":"laitue-rouge-salad-bowl","status":"publish","type":"product","link":"https:\/\/yonderhillfarm.ca\/fr\/shop\/graines-legumes-cereales\/verts\/laitue\/laitue-rouge-salad-bowl\/","title":{"rendered":"Laitue rouge Salad Bowl"},"content":{"rendered":"<p>L&rsquo;une de nos laitues les plus vendues, peut-\u00eatre parce que c&rsquo;est un choix de laitue polyvalent et absolument magnifique dans le jardin. Cultivez-la dens\u00e9ment pour des coupes r\u00e9p\u00e9t\u00e9es ou espacez les plants de 15 \u00e0 30 cm pour obtenir de grosses t\u00eates de feuilles d\u00e9tach\u00e9es. Robuste pour la culture en saison froide, mais lente \u00e0 monter en graines pendant la chaleur estivale. Forme de feuille de ch\u00eane avec une couleur rouge fonc\u00e9e.   <\/p>\n<p><strong><em>Environ 100 graines par sachet. <\/em><\/strong><\/p>\n","protected":false},"excerpt":{"rendered":"<p>L&rsquo;une de nos laitues les plus vendues, peut-\u00eatre parce que c&rsquo;est un choix de laitue polyvalent et absolument magnifique dans le jardin. Cultivez-la dens\u00e9ment pour des coupes r\u00e9p\u00e9t\u00e9es ou espacez les plants de 15 \u00e0 30 cm pour obtenir de grosses t\u00eates de feuilles d\u00e9tach\u00e9es. Robuste pour la culture en saison froide, mais lente \u00e0 [&hellip;]<\/p>\n","protected":false},"featured_media":192,"comment_status":"closed","ping_status":"closed","template":"","meta":[],"product_brand":[],"product_cat":[212,207,208,176],"product_tag":[],"class_list":{"0":"post-20800","1":"product","2":"type-product","3":"status-publish","4":"has-post-thumbnail","6":"product_cat-laitue","7":"product_cat-legumes-verts-resistants-au-froid","8":"product_cat-salades","9":"product_cat-varietes-anciennes","10":"product_shipping_class-graines","12":"first","13":"instock","14":"taxable","15":"shipping-taxable","16":"purchasable","17":"product-type-simple"},"_links":{"self":[{"href":"https:\/\/yonderhillfarm.ca\/fr\/wp-json\/wp\/v2\/product\/20800","targetHints":{"allow":["GET"]}}],"collection":[{"href":"https:\/\/yonderhillfarm.ca\/fr\/wp-json\/wp\/v2\/product"}],"about":[{"href":"https:\/\/yonderhillfarm.ca\/fr\/wp-json\/wp\/v2\/types\/product"}],"replies":[{"embeddable":true,"href":"https:\/\/yonderhillfarm.ca\/fr\/wp-json\/wp\/v2\/comments?post=20800"}],"wp:featuredmedia":[{"embeddable":true,"href":"https:\/\/yonderhillfarm.ca\/fr\/wp-json\/wp\/v2\/media\/192"}],"wp:attachment":[{"href":"https:\/\/yonderhillfarm.ca\/fr\/wp-json\/wp\/v2\/media?parent=20800"}],"wp:term":[{"taxonomy":"product_brand","embeddable":true,"href":"https:\/\/yonderhillfarm.ca\/fr\/wp-json\/wp\/v2\/product_brand?post=20800"},{"taxonomy":"product_cat","embeddable":true,"href":"https:\/\/yonderhillfarm.ca\/fr\/wp-json\/wp\/v2\/product_cat?post=20800"},{"taxonomy":"product_tag","embeddable":true,"href":"https:\/\/yonderhillfarm.ca\/fr\/wp-json\/wp\/v2\/product_tag?post=20800"}],"curies":[{"name":"wp","href":"https:\/\/api.w.org\/{rel}","templated":true}]}}