{"id":20799,"date":"2025-05-05T18:32:31","date_gmt":"2025-05-05T18:32:31","guid":{"rendered":"https:\/\/yonderhillfarm.ca\/shop\/non%20class\u00e9\/sauge-tricolore\/"},"modified":"2026-01-03T13:34:31","modified_gmt":"2026-01-03T17:34:31","slug":"sauge-tricolore","status":"publish","type":"product","link":"https:\/\/yonderhillfarm.ca\/fr\/shop\/graines-dherbes-et-de-fleurs\/fleurs-annuelles\/sauge-tricolore\/","title":{"rendered":"Sauge tricolore"},"content":{"rendered":"<p><em>(Salvia viridis)<\/em> Aussi connue sous le nom de sauge peinte. La sauge tricolore pousse jusqu&rsquo;\u00e0 90 cm de haut et forme des plantes annuelles touffues de couleur rose, violette ou blanche. Ce sont les feuilles des tiges florales qui sont stri\u00e9es de couleur. Les petites fleurs, qui ressemblent \u00e0 de la menthe, sont difficiles \u00e0 remarquer, mais les pollinisateurs les adorent.  <\/p>\n<p><strong><em>Environ 30 graines par paquet. <\/em><\/strong><\/p>\n","protected":false},"excerpt":{"rendered":"<p>(Salvia viridis) Aussi connue sous le nom de sauge peinte. La sauge tricolore pousse jusqu&rsquo;\u00e0 90 cm de haut et forme des plantes annuelles touffues de couleur rose, violette ou blanche. Ce sont les feuilles des tiges florales qui sont stri\u00e9es de couleur. Les petites fleurs, qui ressemblent \u00e0 de la menthe, sont difficiles \u00e0 [&hellip;]<\/p>\n","protected":false},"featured_media":20801,"comment_status":"closed","ping_status":"closed","template":"","meta":[],"product_brand":[],"product_cat":[143,176],"product_tag":[],"class_list":{"0":"post-20799","1":"product","2":"type-product","3":"status-publish","4":"has-post-thumbnail","6":"product_cat-fleurs-annuelles","7":"product_cat-varietes-anciennes","8":"product_shipping_class-graines","10":"first","11":"instock","12":"taxable","13":"shipping-taxable","14":"purchasable","15":"product-type-simple"},"_links":{"self":[{"href":"https:\/\/yonderhillfarm.ca\/fr\/wp-json\/wp\/v2\/product\/20799","targetHints":{"allow":["GET"]}}],"collection":[{"href":"https:\/\/yonderhillfarm.ca\/fr\/wp-json\/wp\/v2\/product"}],"about":[{"href":"https:\/\/yonderhillfarm.ca\/fr\/wp-json\/wp\/v2\/types\/product"}],"replies":[{"embeddable":true,"href":"https:\/\/yonderhillfarm.ca\/fr\/wp-json\/wp\/v2\/comments?post=20799"}],"wp:featuredmedia":[{"embeddable":true,"href":"https:\/\/yonderhillfarm.ca\/fr\/wp-json\/wp\/v2\/media\/20801"}],"wp:attachment":[{"href":"https:\/\/yonderhillfarm.ca\/fr\/wp-json\/wp\/v2\/media?parent=20799"}],"wp:term":[{"taxonomy":"product_brand","embeddable":true,"href":"https:\/\/yonderhillfarm.ca\/fr\/wp-json\/wp\/v2\/product_brand?post=20799"},{"taxonomy":"product_cat","embeddable":true,"href":"https:\/\/yonderhillfarm.ca\/fr\/wp-json\/wp\/v2\/product_cat?post=20799"},{"taxonomy":"product_tag","embeddable":true,"href":"https:\/\/yonderhillfarm.ca\/fr\/wp-json\/wp\/v2\/product_tag?post=20799"}],"curies":[{"name":"wp","href":"https:\/\/api.w.org\/{rel}","templated":true}]}}