{"id":20794,"date":"2025-05-05T18:32:32","date_gmt":"2025-05-05T18:32:32","guid":{"rendered":"https:\/\/yonderhillfarm.ca\/shop\/non%20class\u00e9\/chardon-marie\/"},"modified":"2026-01-03T13:21:50","modified_gmt":"2026-01-03T17:21:50","slug":"chardon-marie","status":"publish","type":"product","link":"https:\/\/yonderhillfarm.ca\/fr\/shop\/graines-dherbes-et-de-fleurs\/fleurs-annuelles\/chardon-marie\/","title":{"rendered":"Chardon-Marie"},"content":{"rendered":"<p><em>(Silybum marianum)<\/em> Ce sont les taches blanches uniques sur les feuilles qui donnent son nom \u00e0 ce joli chardon annuel. De grandes fleurs violettes produisent les graines utilis\u00e9es pour favoriser une fonction h\u00e9patique saine en phytoth\u00e9rapie. <\/p>\n<p><strong><em>Environ 20 graines par sachet. <\/em><\/strong><\/p>\n","protected":false},"excerpt":{"rendered":"<p>(Silybum marianum) Ce sont les taches blanches uniques sur les feuilles qui donnent son nom \u00e0 ce joli chardon annuel. De grandes fleurs violettes produisent les graines utilis\u00e9es pour favoriser une fonction h\u00e9patique saine en phytoth\u00e9rapie. Environ 20 graines par sachet.<\/p>\n","protected":false},"featured_media":20797,"comment_status":"closed","ping_status":"closed","template":"","meta":[],"product_brand":[],"product_cat":[143,146],"product_tag":[],"class_list":{"0":"post-20794","1":"product","2":"type-product","3":"status-publish","4":"has-post-thumbnail","6":"product_cat-fleurs-annuelles","7":"product_cat-herbes-medicinales","8":"product_shipping_class-graines","10":"first","11":"instock","12":"taxable","13":"shipping-taxable","14":"purchasable","15":"product-type-simple"},"_links":{"self":[{"href":"https:\/\/yonderhillfarm.ca\/fr\/wp-json\/wp\/v2\/product\/20794","targetHints":{"allow":["GET"]}}],"collection":[{"href":"https:\/\/yonderhillfarm.ca\/fr\/wp-json\/wp\/v2\/product"}],"about":[{"href":"https:\/\/yonderhillfarm.ca\/fr\/wp-json\/wp\/v2\/types\/product"}],"replies":[{"embeddable":true,"href":"https:\/\/yonderhillfarm.ca\/fr\/wp-json\/wp\/v2\/comments?post=20794"}],"wp:featuredmedia":[{"embeddable":true,"href":"https:\/\/yonderhillfarm.ca\/fr\/wp-json\/wp\/v2\/media\/20797"}],"wp:attachment":[{"href":"https:\/\/yonderhillfarm.ca\/fr\/wp-json\/wp\/v2\/media?parent=20794"}],"wp:term":[{"taxonomy":"product_brand","embeddable":true,"href":"https:\/\/yonderhillfarm.ca\/fr\/wp-json\/wp\/v2\/product_brand?post=20794"},{"taxonomy":"product_cat","embeddable":true,"href":"https:\/\/yonderhillfarm.ca\/fr\/wp-json\/wp\/v2\/product_cat?post=20794"},{"taxonomy":"product_tag","embeddable":true,"href":"https:\/\/yonderhillfarm.ca\/fr\/wp-json\/wp\/v2\/product_tag?post=20794"}],"curies":[{"name":"wp","href":"https:\/\/api.w.org\/{rel}","templated":true}]}}