{"id":20793,"date":"2025-05-05T18:32:32","date_gmt":"2025-05-05T18:32:32","guid":{"rendered":"https:\/\/yonderhillfarm.ca\/shop\/non%20class\u00e9\/black-seeded-simpson\/"},"modified":"2026-02-21T23:19:04","modified_gmt":"2026-02-22T03:19:04","slug":"black-seeded-simpson","status":"publish","type":"product","link":"https:\/\/yonderhillfarm.ca\/fr\/shop\/graines-legumes-cereales\/verts\/laitue\/black-seeded-simpson\/","title":{"rendered":"Laitue Black Seeded Simpson"},"content":{"rendered":"<p>Pommes ouvertes de feuilles vert clair et ondul\u00e9es, si fra\u00eeches et tendres. La laitue Black Seeded Simpson est l&rsquo;une des vari\u00e9t\u00e9s \u00e0 la croissance la plus rapide, atteignant sa taille bien plus t\u00f4t que la plupart des autres laitues. \u00c9galement tr\u00e8s r\u00e9sistante au froid&nbsp;! Cet h\u00e9ritage durable a \u00e9t\u00e9 lanc\u00e9 en 1875, et malgr\u00e9 son nom peu attrayant, il vaut la peine de l&rsquo;avoir dans chaque jardin.   <\/p>\n<p><strong><em>Environ 100 graines par sachet. <\/em><\/strong><\/p>\n","protected":false},"excerpt":{"rendered":"<p>Pommes ouvertes de feuilles vert clair et ondul\u00e9es, si fra\u00eeches et tendres. La laitue Black Seeded Simpson est l&rsquo;une des vari\u00e9t\u00e9s \u00e0 la croissance la plus rapide, atteignant sa taille bien plus t\u00f4t que la plupart des autres laitues. \u00c9galement tr\u00e8s r\u00e9sistante au froid&nbsp;! Cet h\u00e9ritage durable a \u00e9t\u00e9 lanc\u00e9 en 1875, et malgr\u00e9 son [&hellip;]<\/p>\n","protected":false},"featured_media":20795,"comment_status":"closed","ping_status":"closed","template":"","meta":[],"product_brand":[],"product_cat":[212,207,208,176],"product_tag":[],"class_list":{"0":"post-20793","1":"product","2":"type-product","3":"status-publish","4":"has-post-thumbnail","6":"product_cat-laitue","7":"product_cat-legumes-verts-resistants-au-froid","8":"product_cat-salades","9":"product_cat-varietes-anciennes","10":"product_shipping_class-graines","12":"first","13":"instock","14":"taxable","15":"shipping-taxable","16":"purchasable","17":"product-type-simple"},"_links":{"self":[{"href":"https:\/\/yonderhillfarm.ca\/fr\/wp-json\/wp\/v2\/product\/20793","targetHints":{"allow":["GET"]}}],"collection":[{"href":"https:\/\/yonderhillfarm.ca\/fr\/wp-json\/wp\/v2\/product"}],"about":[{"href":"https:\/\/yonderhillfarm.ca\/fr\/wp-json\/wp\/v2\/types\/product"}],"replies":[{"embeddable":true,"href":"https:\/\/yonderhillfarm.ca\/fr\/wp-json\/wp\/v2\/comments?post=20793"}],"wp:featuredmedia":[{"embeddable":true,"href":"https:\/\/yonderhillfarm.ca\/fr\/wp-json\/wp\/v2\/media\/20795"}],"wp:attachment":[{"href":"https:\/\/yonderhillfarm.ca\/fr\/wp-json\/wp\/v2\/media?parent=20793"}],"wp:term":[{"taxonomy":"product_brand","embeddable":true,"href":"https:\/\/yonderhillfarm.ca\/fr\/wp-json\/wp\/v2\/product_brand?post=20793"},{"taxonomy":"product_cat","embeddable":true,"href":"https:\/\/yonderhillfarm.ca\/fr\/wp-json\/wp\/v2\/product_cat?post=20793"},{"taxonomy":"product_tag","embeddable":true,"href":"https:\/\/yonderhillfarm.ca\/fr\/wp-json\/wp\/v2\/product_tag?post=20793"}],"curies":[{"name":"wp","href":"https:\/\/api.w.org\/{rel}","templated":true}]}}