{"id":20788,"date":"2025-05-05T18:32:32","date_gmt":"2025-05-05T18:32:32","guid":{"rendered":"https:\/\/yonderhillfarm.ca\/shop\/non class\u00e9\/laitue-tete-de-tennis\/"},"modified":"2025-05-05T18:32:32","modified_gmt":"2025-05-05T21:32:32","slug":"laitue-tete-de-tennis","status":"publish","type":"product","link":"https:\/\/yonderhillfarm.ca\/fr\/shop\/graines-legumes-cereales\/verts\/laitue\/laitue-tete-de-tennis\/","title":{"rendered":"Laitue T\u00eate de Tennis"},"content":{"rendered":"<p>Type Bibb, avec des feuilles douces et beurr\u00e9es. \u00c0 cultiver de pr\u00e9f\u00e9rence comme une laitue pomm\u00e9e avec suffisamment d&rsquo;espace pour prendre de la taille. Elles forment des t\u00eates serr\u00e9es de la taille d&rsquo;une balle de tennis, comme une mini-buttercrunch, parmi leurs feuilles autrement ouvertes. Cultiv\u00e9e par Thomas Jefferson \u00e0 Monticello. Dans l&rsquo;<em>Arche du Go\u00fbt<\/em> de Slow Food.    <\/p>\n<p><strong><em>Environ 100 graines par sachet. <\/em><\/strong><\/p>\n","protected":false},"excerpt":{"rendered":"<p>Type Bibb, avec des feuilles douces et beurr\u00e9es. \u00c0 cultiver de pr\u00e9f\u00e9rence comme une laitue pomm\u00e9e avec suffisamment d&rsquo;espace pour prendre de la taille. Elles forment des t\u00eates serr\u00e9es de la taille d&rsquo;une balle de tennis, comme une mini-buttercrunch, parmi leurs feuilles autrement ouvertes. Cultiv\u00e9e par Thomas Jefferson \u00e0 Monticello. Dans l&rsquo;Arche du Go\u00fbt de [&hellip;]<\/p>\n","protected":false},"featured_media":197,"comment_status":"closed","ping_status":"closed","template":"","meta":[],"product_brand":[],"product_cat":[212,208,176],"product_tag":[],"class_list":{"0":"post-20788","1":"product","2":"type-product","3":"status-publish","4":"has-post-thumbnail","6":"product_cat-laitue","7":"product_cat-salades","8":"product_cat-varietes-anciennes","9":"product_shipping_class-graines","11":"first","12":"instock","13":"taxable","14":"shipping-taxable","15":"purchasable","16":"product-type-simple"},"_links":{"self":[{"href":"https:\/\/yonderhillfarm.ca\/fr\/wp-json\/wp\/v2\/product\/20788","targetHints":{"allow":["GET"]}}],"collection":[{"href":"https:\/\/yonderhillfarm.ca\/fr\/wp-json\/wp\/v2\/product"}],"about":[{"href":"https:\/\/yonderhillfarm.ca\/fr\/wp-json\/wp\/v2\/types\/product"}],"replies":[{"embeddable":true,"href":"https:\/\/yonderhillfarm.ca\/fr\/wp-json\/wp\/v2\/comments?post=20788"}],"wp:featuredmedia":[{"embeddable":true,"href":"https:\/\/yonderhillfarm.ca\/fr\/wp-json\/wp\/v2\/media\/197"}],"wp:attachment":[{"href":"https:\/\/yonderhillfarm.ca\/fr\/wp-json\/wp\/v2\/media?parent=20788"}],"wp:term":[{"taxonomy":"product_brand","embeddable":true,"href":"https:\/\/yonderhillfarm.ca\/fr\/wp-json\/wp\/v2\/product_brand?post=20788"},{"taxonomy":"product_cat","embeddable":true,"href":"https:\/\/yonderhillfarm.ca\/fr\/wp-json\/wp\/v2\/product_cat?post=20788"},{"taxonomy":"product_tag","embeddable":true,"href":"https:\/\/yonderhillfarm.ca\/fr\/wp-json\/wp\/v2\/product_tag?post=20788"}],"curies":[{"name":"wp","href":"https:\/\/api.w.org\/{rel}","templated":true}]}}