{"id":20780,"date":"2025-05-05T18:32:32","date_gmt":"2025-05-05T18:32:32","guid":{"rendered":"https:\/\/yonderhillfarm.ca\/shop\/non class\u00e9\/onagre-bisannuelle-sauvage\/"},"modified":"2025-05-05T18:32:32","modified_gmt":"2025-05-05T21:32:32","slug":"onagre-bisannuelle-sauvage","status":"publish","type":"product","link":"https:\/\/yonderhillfarm.ca\/fr\/shop\/graines-dherbes-et-de-fleurs\/fleurs-bisannuelles-et-vivaces\/onagre-bisannuelle-sauvage\/","title":{"rendered":"Onagre bisannuelle sauvage"},"content":{"rendered":"<p><em>(Oenothera biennis)<\/em> Une bisannuelle indig\u00e8ne magnifique et utile, toutes les parties de l&rsquo;onagre bisannuelle sont comestibles&nbsp;! Les jeunes feuilles et les pousses sont particuli\u00e8rement bonnes dans les salades, les racines de la premi\u00e8re ann\u00e9e peuvent \u00eatre consomm\u00e9es et les graines sont particuli\u00e8rement nutritives (riches en acides gras om\u00e9ga-3) et peuvent \u00eatre consomm\u00e9es comme des graines de lin. Au cours de sa deuxi\u00e8me ann\u00e9e, l&rsquo;onagre bisannuelle sauvage produit un \u00e9pi durable de fleurs jaunes parfum\u00e9es que les colibris appr\u00e9cient, suivi d&rsquo;une r\u00e9colte de graines que les oiseaux adorent, en particulier les pinsons. Se ress\u00e8mera et se naturalisera facilement.   <\/p>\n<p><strong><em>Environ 100 graines par paquet standard. <\/em><\/strong><\/p>\n<p><em><strong>Environ 1&nbsp;000 graines par paquet en vrac. <\/strong><\/em><\/p>\n","protected":false},"excerpt":{"rendered":"<p>(Oenothera biennis) Une bisannuelle indig\u00e8ne magnifique et utile, toutes les parties de l&rsquo;onagre bisannuelle sont comestibles&nbsp;! Les jeunes feuilles et les pousses sont particuli\u00e8rement bonnes dans les salades, les racines de la premi\u00e8re ann\u00e9e peuvent \u00eatre consomm\u00e9es et les graines sont particuli\u00e8rement nutritives (riches en acides gras om\u00e9ga-3) et peuvent \u00eatre consomm\u00e9es comme des graines [&hellip;]<\/p>\n","protected":false},"featured_media":182,"comment_status":"closed","ping_status":"closed","template":"","meta":[],"product_brand":[],"product_cat":[144,137],"product_tag":[],"class_list":{"0":"post-20780","1":"product","2":"type-product","3":"status-publish","4":"has-post-thumbnail","6":"product_cat-fleurs-bisannuelles-et-vivaces","7":"product_cat-graines-en-vrac","8":"product_shipping_class-graines","10":"first","11":"instock","12":"taxable","13":"shipping-taxable","14":"purchasable","15":"product-type-variable"},"_links":{"self":[{"href":"https:\/\/yonderhillfarm.ca\/fr\/wp-json\/wp\/v2\/product\/20780","targetHints":{"allow":["GET"]}}],"collection":[{"href":"https:\/\/yonderhillfarm.ca\/fr\/wp-json\/wp\/v2\/product"}],"about":[{"href":"https:\/\/yonderhillfarm.ca\/fr\/wp-json\/wp\/v2\/types\/product"}],"replies":[{"embeddable":true,"href":"https:\/\/yonderhillfarm.ca\/fr\/wp-json\/wp\/v2\/comments?post=20780"}],"wp:featuredmedia":[{"embeddable":true,"href":"https:\/\/yonderhillfarm.ca\/fr\/wp-json\/wp\/v2\/media\/182"}],"wp:attachment":[{"href":"https:\/\/yonderhillfarm.ca\/fr\/wp-json\/wp\/v2\/media?parent=20780"}],"wp:term":[{"taxonomy":"product_brand","embeddable":true,"href":"https:\/\/yonderhillfarm.ca\/fr\/wp-json\/wp\/v2\/product_brand?post=20780"},{"taxonomy":"product_cat","embeddable":true,"href":"https:\/\/yonderhillfarm.ca\/fr\/wp-json\/wp\/v2\/product_cat?post=20780"},{"taxonomy":"product_tag","embeddable":true,"href":"https:\/\/yonderhillfarm.ca\/fr\/wp-json\/wp\/v2\/product_tag?post=20780"}],"curies":[{"name":"wp","href":"https:\/\/api.w.org\/{rel}","templated":true}]}}