{"id":20779,"date":"2025-05-05T18:32:32","date_gmt":"2025-05-05T18:32:32","guid":{"rendered":"https:\/\/yonderhillfarm.ca\/shop\/non%20class\u00e9\/laitue-butter-king\/"},"modified":"2026-01-02T15:24:55","modified_gmt":"2026-01-02T19:24:55","slug":"laitue-butter-king","status":"publish","type":"product","link":"https:\/\/yonderhillfarm.ca\/fr\/shop\/graines-legumes-cereales\/verts\/laitue\/laitue-butter-king\/","title":{"rendered":"Laitue Butter King"},"content":{"rendered":"<p>Immenses feuilles vertes, douces, sucr\u00e9es et succulentes. La laitue Butter King forme de belles t\u00eates si elle a suffisamment d&rsquo;espace pour pousser, ou vous pouvez la semer plus dens\u00e9ment pour obtenir de jeunes feuilles. D\u00e9velopp\u00e9e \u00e0 Ottawa, elle a remport\u00e9 le prix AAS en 1966. Excellente r\u00e9sistance \u00e0 la chaleur estivale.   <\/p>\n<p><strong><em>Environ 100 graines par sachet. <\/em><\/strong><\/p>\n","protected":false},"excerpt":{"rendered":"<p>Immenses feuilles vertes, douces, sucr\u00e9es et succulentes. La laitue Butter King forme de belles t\u00eates si elle a suffisamment d&rsquo;espace pour pousser, ou vous pouvez la semer plus dens\u00e9ment pour obtenir de jeunes feuilles. D\u00e9velopp\u00e9e \u00e0 Ottawa, elle a remport\u00e9 le prix AAS en 1966. Excellente r\u00e9sistance \u00e0 la chaleur estivale. Environ 100 graines par [&hellip;]<\/p>\n","protected":false},"featured_media":20781,"comment_status":"closed","ping_status":"closed","template":"","meta":[],"product_brand":[],"product_cat":[212,208,176],"product_tag":[],"class_list":{"0":"post-20779","1":"product","2":"type-product","3":"status-publish","4":"has-post-thumbnail","6":"product_cat-laitue","7":"product_cat-salades","8":"product_cat-varietes-anciennes","9":"product_shipping_class-graines","11":"first","12":"instock","13":"taxable","14":"shipping-taxable","15":"purchasable","16":"product-type-simple"},"_links":{"self":[{"href":"https:\/\/yonderhillfarm.ca\/fr\/wp-json\/wp\/v2\/product\/20779","targetHints":{"allow":["GET"]}}],"collection":[{"href":"https:\/\/yonderhillfarm.ca\/fr\/wp-json\/wp\/v2\/product"}],"about":[{"href":"https:\/\/yonderhillfarm.ca\/fr\/wp-json\/wp\/v2\/types\/product"}],"replies":[{"embeddable":true,"href":"https:\/\/yonderhillfarm.ca\/fr\/wp-json\/wp\/v2\/comments?post=20779"}],"wp:featuredmedia":[{"embeddable":true,"href":"https:\/\/yonderhillfarm.ca\/fr\/wp-json\/wp\/v2\/media\/20781"}],"wp:attachment":[{"href":"https:\/\/yonderhillfarm.ca\/fr\/wp-json\/wp\/v2\/media?parent=20779"}],"wp:term":[{"taxonomy":"product_brand","embeddable":true,"href":"https:\/\/yonderhillfarm.ca\/fr\/wp-json\/wp\/v2\/product_brand?post=20779"},{"taxonomy":"product_cat","embeddable":true,"href":"https:\/\/yonderhillfarm.ca\/fr\/wp-json\/wp\/v2\/product_cat?post=20779"},{"taxonomy":"product_tag","embeddable":true,"href":"https:\/\/yonderhillfarm.ca\/fr\/wp-json\/wp\/v2\/product_tag?post=20779"}],"curies":[{"name":"wp","href":"https:\/\/api.w.org\/{rel}","templated":true}]}}