{"id":20777,"date":"2025-05-05T18:32:57","date_gmt":"2025-05-05T18:32:57","guid":{"rendered":"https:\/\/yonderhillfarm.ca\/shop\/non%20class\u00e9\/roquette\/"},"modified":"2026-01-02T14:39:19","modified_gmt":"2026-01-02T18:39:19","slug":"roquette","status":"publish","type":"product","link":"https:\/\/yonderhillfarm.ca\/fr\/shop\/graines-legumes-cereales\/verts\/salades\/roquette\/","title":{"rendered":"Roquette"},"content":{"rendered":"<p>Les feuilles vives de la roquette ajoutent beaucoup de saveur aux salades. Les feuilles sont plus \u00e9pic\u00e9es par temps chaud et plus douces en automne, en hiver et au printemps. Croissance rapide et super r\u00e9sistante.  <\/p>\n<p><strong><em>Environ 250 graines par sachet. <\/em><\/strong><\/p>\n","protected":false},"excerpt":{"rendered":"<p>Les feuilles vives de la roquette ajoutent beaucoup de saveur aux salades. Les feuilles sont plus \u00e9pic\u00e9es par temps chaud et plus douces en automne, en hiver et au printemps. Croissance rapide et super r\u00e9sistante. Environ 250 graines par sachet.<\/p>\n","protected":false},"featured_media":20778,"comment_status":"closed","ping_status":"closed","template":"","meta":[],"product_brand":[],"product_cat":[208,176,175],"product_tag":[],"class_list":{"0":"post-20777","1":"product","2":"type-product","3":"status-publish","4":"has-post-thumbnail","6":"product_cat-salades","7":"product_cat-varietes-anciennes","8":"product_cat-verts","9":"product_shipping_class-graines","11":"first","12":"instock","13":"taxable","14":"shipping-taxable","15":"purchasable","16":"product-type-simple"},"_links":{"self":[{"href":"https:\/\/yonderhillfarm.ca\/fr\/wp-json\/wp\/v2\/product\/20777","targetHints":{"allow":["GET"]}}],"collection":[{"href":"https:\/\/yonderhillfarm.ca\/fr\/wp-json\/wp\/v2\/product"}],"about":[{"href":"https:\/\/yonderhillfarm.ca\/fr\/wp-json\/wp\/v2\/types\/product"}],"replies":[{"embeddable":true,"href":"https:\/\/yonderhillfarm.ca\/fr\/wp-json\/wp\/v2\/comments?post=20777"}],"wp:featuredmedia":[{"embeddable":true,"href":"https:\/\/yonderhillfarm.ca\/fr\/wp-json\/wp\/v2\/media\/20778"}],"wp:attachment":[{"href":"https:\/\/yonderhillfarm.ca\/fr\/wp-json\/wp\/v2\/media?parent=20777"}],"wp:term":[{"taxonomy":"product_brand","embeddable":true,"href":"https:\/\/yonderhillfarm.ca\/fr\/wp-json\/wp\/v2\/product_brand?post=20777"},{"taxonomy":"product_cat","embeddable":true,"href":"https:\/\/yonderhillfarm.ca\/fr\/wp-json\/wp\/v2\/product_cat?post=20777"},{"taxonomy":"product_tag","embeddable":true,"href":"https:\/\/yonderhillfarm.ca\/fr\/wp-json\/wp\/v2\/product_tag?post=20777"}],"curies":[{"name":"wp","href":"https:\/\/api.w.org\/{rel}","templated":true}]}}