{"id":20772,"date":"2025-05-05T18:32:57","date_gmt":"2025-05-05T18:32:57","guid":{"rendered":"https:\/\/yonderhillfarm.ca\/shop\/non%20class\u00e9\/chicoree-frisee\/"},"modified":"2026-01-02T15:04:22","modified_gmt":"2026-01-02T19:04:22","slug":"chicoree-frisee","status":"publish","type":"product","link":"https:\/\/yonderhillfarm.ca\/fr\/shop\/graines-legumes-cereales\/verts\/legumes-verts-resistants-au-froid\/chicoree-frisee\/","title":{"rendered":"Chicor\u00e9e fris\u00e9e"},"content":{"rendered":"<p><em>(<span tabindex=\"0\" role=\"tooltip\"><span class=\"c5aZPb\" tabindex=\"0\" role=\"button\" data-enable-toggle-animation=\"true\" data-extra-container-classes=\"ZLo7Eb\" data-hover-hide-delay=\"1000\" data-hover-open-delay=\"500\" data-send-open-event=\"true\" data-theme=\"0\" data-width=\"250\" data-ved=\"2ahUKEwjV2tzIzOCDAxUsv4kEHfVECikQmpgGegQIHRAD\"><span class=\"JPfdse\" data-bubble-link=\"\" data-segment-text=\"Cichorium endivia\">Cichorium endivia)<\/span><\/span><\/span><\/em>Un parent de la laitue aux feuilles vert clair l\u00e9g\u00e8rement am\u00e8res et croquantes. L&rsquo;endive fris\u00e9e ajoute une texture et une saveur d\u00e9licieuses aux salades et pousse bien aux c\u00f4t\u00e9s des autres l\u00e9gumes verts r\u00e9sistants au froid. <\/p>\n<p><em><strong>Environ 50 graines par sachet. <\/strong><\/em><\/p>\n","protected":false},"excerpt":{"rendered":"<p>(Cichorium endivia)Un parent de la laitue aux feuilles vert clair l\u00e9g\u00e8rement am\u00e8res et croquantes. L&rsquo;endive fris\u00e9e ajoute une texture et une saveur d\u00e9licieuses aux salades et pousse bien aux c\u00f4t\u00e9s des autres l\u00e9gumes verts r\u00e9sistants au froid. Environ 50 graines par sachet.<\/p>\n","protected":false},"featured_media":20776,"comment_status":"closed","ping_status":"closed","template":"","meta":[],"product_brand":[],"product_cat":[207,208,176],"product_tag":[],"class_list":{"0":"post-20772","1":"product","2":"type-product","3":"status-publish","4":"has-post-thumbnail","6":"product_cat-legumes-verts-resistants-au-froid","7":"product_cat-salades","8":"product_cat-varietes-anciennes","9":"product_shipping_class-graines","11":"first","12":"instock","13":"taxable","14":"shipping-taxable","15":"purchasable","16":"product-type-simple"},"_links":{"self":[{"href":"https:\/\/yonderhillfarm.ca\/fr\/wp-json\/wp\/v2\/product\/20772","targetHints":{"allow":["GET"]}}],"collection":[{"href":"https:\/\/yonderhillfarm.ca\/fr\/wp-json\/wp\/v2\/product"}],"about":[{"href":"https:\/\/yonderhillfarm.ca\/fr\/wp-json\/wp\/v2\/types\/product"}],"replies":[{"embeddable":true,"href":"https:\/\/yonderhillfarm.ca\/fr\/wp-json\/wp\/v2\/comments?post=20772"}],"wp:featuredmedia":[{"embeddable":true,"href":"https:\/\/yonderhillfarm.ca\/fr\/wp-json\/wp\/v2\/media\/20776"}],"wp:attachment":[{"href":"https:\/\/yonderhillfarm.ca\/fr\/wp-json\/wp\/v2\/media?parent=20772"}],"wp:term":[{"taxonomy":"product_brand","embeddable":true,"href":"https:\/\/yonderhillfarm.ca\/fr\/wp-json\/wp\/v2\/product_brand?post=20772"},{"taxonomy":"product_cat","embeddable":true,"href":"https:\/\/yonderhillfarm.ca\/fr\/wp-json\/wp\/v2\/product_cat?post=20772"},{"taxonomy":"product_tag","embeddable":true,"href":"https:\/\/yonderhillfarm.ca\/fr\/wp-json\/wp\/v2\/product_tag?post=20772"}],"curies":[{"name":"wp","href":"https:\/\/api.w.org\/{rel}","templated":true}]}}